{"id":7008,"date":"2019-12-26T12:29:20","date_gmt":"2019-12-26T12:29:20","guid":{"rendered":"https:\/\/www.djurskyddet.se\/kattfotenhalmstad\/?page_id=7008"},"modified":"2020-02-01T22:03:00","modified_gmt":"2020-02-01T22:03:00","slug":"sakerhet","status":"publish","type":"page","link":"https:\/\/www.djurskyddet.se\/kattfotenhalmstad\/tips-rad\/sakerhet\/","title":{"rendered":"S\u00e4kerhet"},"content":{"rendered":"\n<h4 class=\"wp-block-heading\"><strong>Se \u00f6ver ditt hem<\/strong><\/h4>\n\n\n\n<ul class=\"wp-block-list\"><li>H\u00e5ll katten borta fr\u00e5n spish\u00e4llen och skaffa skydd.<\/li><li>H\u00e5ll alltid luckorna till tv\u00e4ttmaskin, torktumlare, diskmaskin, kyl\/frys och ugn st\u00e4ngda.\u00a0<\/li><li>Kontrollera att du inte har giftiga krukv\u00e4xter eller v\u00e4xter i tr\u00e4dg\u00e5rden. M\u00e5nga v\u00e4xter \u00e4r giftiga f\u00f6r katten.<\/li><li>\u00a0Se till att katten inte kommer \u00e5t sopp\u00e5sen.<\/li><li>\u00a0V\u00e4rdefulla f\u00f6rem\u00e5l b\u00f6r placeras utom r\u00e4ckh\u00e5ll f\u00f6r katten.\u00a0<\/li><li>L\u00e5t inte katten tugga p\u00e5 ledningar, dra ur sladden n\u00e4r den inte beh\u00f6vs.<\/li><li>\u00a0Anv\u00e4nd ett eldskydd framf\u00f6r den \u00f6ppna spisen.<\/li><li>\u00a0L\u00e4mna inte skarpa verktyg framme.<\/li><li>\u00a0L\u00e4mna inte giftiga \u00e4mnen p\u00e5 l\u00e4tt\u00e5tkomliga st\u00e4llen.\u00a0<\/li><li>\u00a0L\u00e5t inte katten komma i n\u00e4rheten av kokande v\u00e4tskor.<\/li><li>\u00a0L\u00e4mna inte plastkassar framme &#8211; katten kan kv\u00e4vas om den kryper in i dem.<\/li><li>\u00a0L\u00e4mna inte pappkassar framme &#8211; katten kan fastna med huvudet i handtaget och strypas. Det g\u00e5r dock att klippa bort handtagen och d\u00e5 f\u00e5r katten en rolig leksak f\u00f6r en stund.\u00a0<\/li><li>L\u00e4mna inte varma strykj\u00e4rn, platt- och lockt\u00e4nger m.m. obevakade.<\/li><li>\u00a0L\u00e4mna inte sm\u00e5 f\u00f6rem\u00e5l som katten kan sv\u00e4lja.\u00a0<\/li><li>Till\u00e5t inte katten g\u00e5 ut p\u00e5 h\u00f6ga balkonger utan n\u00e4tskydd.<\/li><\/ul>\n\n\n<p><!--EndFragment--><\/p>","protected":false},"excerpt":{"rendered":"<p>Se \u00f6ver ditt hem H\u00e5ll katten borta fr\u00e5n spish\u00e4llen och skaffa skydd. H\u00e5ll alltid luckorna till tv\u00e4ttmaskin, torktumlare, diskmaskin, kyl\/frys och ugn st\u00e4ngda.\u00a0 Kontrollera att du inte har giftiga krukv\u00e4xter eller v\u00e4xter i tr\u00e4dg\u00e5rden. M\u00e5nga v\u00e4xter \u00e4r giftiga f\u00f6r katten. \u00a0Se till att katten inte kommer \u00e5t sopp\u00e5sen. \u00a0V\u00e4rdefulla f\u00f6rem\u00e5l b\u00f6r placeras utom r\u00e4ckh\u00e5ll f\u00f6r katten.\u00a0 L\u00e5t inte katten tugga p\u00e5 ledningar, dra ur sladden n\u00e4r den inte beh\u00f6vs. \u00a0Anv\u00e4nd&hellip;<\/p>\n<p><a class=\"more-link\" href=\"https:\/\/www.djurskyddet.se\/kattfotenhalmstad\/tips-rad\/sakerhet\/\" title=\"Continue reading &lsquo;S\u00e4kerhet&rsquo;\">L&auml;s mer<span class=\"meta-nav\">&raquo;<\/span><\/a><\/p>\n","protected":false},"author":34,"featured_media":0,"parent":6960,"menu_order":0,"comment_status":"closed","ping_status":"closed","template":"left-sidebar.php","meta":{"_acf_changed":false,"footnotes":""},"class_list":["post-7008","page","type-page","status-publish","hentry"],"acf":[],"_links":{"self":[{"href":"https:\/\/www.djurskyddet.se\/kattfotenhalmstad\/wp-json\/wp\/v2\/pages\/7008","targetHints":{"allow":["GET"]}}],"collection":[{"href":"https:\/\/www.djurskyddet.se\/kattfotenhalmstad\/wp-json\/wp\/v2\/pages"}],"about":[{"href":"https:\/\/www.djurskyddet.se\/kattfotenhalmstad\/wp-json\/wp\/v2\/types\/page"}],"author":[{"embeddable":true,"href":"https:\/\/www.djurskyddet.se\/kattfotenhalmstad\/wp-json\/wp\/v2\/users\/34"}],"replies":[{"embeddable":true,"href":"https:\/\/www.djurskyddet.se\/kattfotenhalmstad\/wp-json\/wp\/v2\/comments?post=7008"}],"version-history":[{"count":2,"href":"https:\/\/www.djurskyddet.se\/kattfotenhalmstad\/wp-json\/wp\/v2\/pages\/7008\/revisions"}],"predecessor-version":[{"id":8030,"href":"https:\/\/www.djurskyddet.se\/kattfotenhalmstad\/wp-json\/wp\/v2\/pages\/7008\/revisions\/8030"}],"up":[{"embeddable":true,"href":"https:\/\/www.djurskyddet.se\/kattfotenhalmstad\/wp-json\/wp\/v2\/pages\/6960"}],"wp:attachment":[{"href":"https:\/\/www.djurskyddet.se\/kattfotenhalmstad\/wp-json\/wp\/v2\/media?parent=7008"}],"curies":[{"name":"wp","href":"https:\/\/api.w.org\/{rel}","templated":true}]}}