{"id":7095,"date":"2019-12-28T07:50:15","date_gmt":"2019-12-28T07:50:15","guid":{"rendered":"https:\/\/www.djurskyddet.se\/kattfotenhalmstad\/?page_id=7095"},"modified":"2020-02-27T17:23:12","modified_gmt":"2020-02-27T17:23:12","slug":"nar-djur-far-illa-2","status":"publish","type":"page","link":"https:\/\/www.djurskyddet.se\/kattfotenhalmstad\/om-oss\/nar-djur-far-illa-2\/","title":{"rendered":"N\u00e4r djur far illa"},"content":{"rendered":"\n<h4 class=\"wp-block-heading\"><strong>Anm\u00e4l till L\u00e4nsstyrelsen eller polisen<\/strong><\/h4>\n\n\n\n<p>Om du ser eller tror att ett djur far illa ska du g\u00f6ra en anm\u00e4lan till djurskyddshandl\u00e4ggaren hos din l\u00e4nsstyrelse. Om det \u00e4r akut och du inte kan n\u00e5 l\u00e4nsstyrelsen ska du kontakta polisen som \u00e4r skyldiga att utreda brott mot djurskyddslagen alternativt djurpl\u00e5geri. Du kan kontakta polisen \u00e4ven om det inte \u00e4r akut.<\/p>\n\n\n\n<p><strong>Akuta anm\u00e4lningar<\/strong><br>Ring polisen p\u00e5 telefonnumret <strong>114 14<\/strong> om det \u00e4r akut eller om det infaller p\u00e5 kv\u00e4llar och helger. Ring \u00e4ven polisen om du ser ett allvarligt skadat eller missk\u00f6tt djur.<\/p>\n\n\n\n<p><strong>Anm\u00e4lan via e-post<\/strong><br>Skicka e-post till: <a href=\"mailto:djurskydd.halland@lansstyrelsen.se\">djurskydd.halland@lansstyrelsen.se<\/a><\/p>\n\n\n\n<p><strong>Anm\u00e4lan via brev<\/strong><br>Skicka brev till f\u00f6ljande adress:<br><em>L\u00e4nsstyrelsen i Hallands l\u00e4n <br>301 86 Halmstad<\/em><br><\/p>\n\n\n\n<h4 class=\"wp-block-heading\"><strong>Djurskyddet Sverige saknar befogenheter att ingripa<\/strong><\/h4>\n\n\n\n<p>Djurskyddet Sverige \u00e4r ingen myndighet och har d\u00e4rf\u00f6r inte befogenheter att g\u00e5 in i enskilda \u00e4renden. Du kan dock v\u00e4nda dig till organisationen f\u00f6r st\u00f6d och r\u00e5d.<br><\/p>\n\n\n\n<h4 class=\"wp-block-heading\"><strong>Anonym anm\u00e4lan<\/strong><\/h4>\n\n\n\n<p>En anm\u00e4lan kan g\u00f6ras anonymt. L\u00e4nsstyrelsen har skyldighet att utreda anonyma anm\u00e4lningar, till skillnad fr\u00e5n polisen. Nackdelen med en anonym anm\u00e4lan \u00e4r att det kan vara sv\u00e5rt f\u00f6r den som utreder \u00e4rendet att g\u00e5 vidare. Det \u00e4r ibland n\u00f6dv\u00e4ndigt att n\u00e5gon kan vittna om vad de har sett och upplevt samt att det finns dokumentation om h\u00e4ndelsef\u00f6rlopp, tidsangivelser med mera.<br><\/p>\n\n\n\n<h4 class=\"wp-block-heading\"><strong>Vad h\u00e4nder med din anm\u00e4lan?<\/strong><\/h4>\n\n\n\n<p>Om en djur\u00e4gare inte sk\u00f6ter sina djur enligt djurskyddslagstiftningen ska L\u00e4nsstyrelsen besluta om f\u00f6rel\u00e4ggande att \u00e5tg\u00e4rda bristerna, omh\u00e4ndertagande eller i f\u00f6rl\u00e4ngningen djurf\u00f6rbud. Polisen utreder brott mot djurskyddslagen alternativt djurpl\u00e5geri.<br><\/p>\n\n\n\n<h4 class=\"wp-block-heading\"><strong>Vad s\u00e4ger lagen?<\/strong><\/h4>\n\n\n\n<p>I djurskyddslagstiftningen st\u00e5r det om hur djur ska v\u00e5rdas och behandlas. Djur ska bland annat skyddas mot on\u00f6digt lidande, ges tillr\u00e4ckligt med foder och vatten och h\u00e5llas i en god milj\u00f6 som ger dem m\u00f6jlighet att utf\u00f6ra sina naturliga beteenden. Djur f\u00e5r inte \u00f6veranstr\u00e4ngas eller h\u00e5llas bundna p\u00e5 ett pl\u00e5gsamt s\u00e4tt. En djur\u00e4gare som inte respekterar dessa regler kan d\u00f6mas f\u00f6r vanv\u00e5rd eller djurpl\u00e5geri. Straffet f\u00f6r djurpl\u00e5geri \u00e4r b\u00f6ter eller f\u00e4ngelse i h\u00f6gst tv\u00e5 \u00e5r. <br><\/p>\n\n\n\n<h4 class=\"wp-block-heading\"><strong>Ge inte upp!<\/strong><\/h4>\n\n\n\n<p>Djurskyddet Sverige tar ofta emot samtal fr\u00e5n missn\u00f6jda m\u00e4nniskor som anm\u00e4lt missf\u00f6rh\u00e5llanden f\u00f6r djur och som k\u00e4nner frustration \u00f6ver att ingenting h\u00e4nder. Vi rekommenderar att ringa ansvarig handl\u00e4ggare f\u00f6r att f\u00e5 uppgifter om \u00e4rendets hantering. Handlingarna kan \u00e4ven beg\u00e4ras ut. Oftast finns det en f\u00f6rklaring till varf\u00f6r \u00e4rendet tar l\u00e5ng tid.<br><\/p>\n","protected":false},"excerpt":{"rendered":"<p>Anm\u00e4l till L\u00e4nsstyrelsen eller polisen Om du ser eller tror att ett djur far illa ska du g\u00f6ra en anm\u00e4lan till djurskyddshandl\u00e4ggaren hos din l\u00e4nsstyrelse. Om det \u00e4r akut och du inte kan n\u00e5 l\u00e4nsstyrelsen ska du kontakta polisen som \u00e4r skyldiga att utreda brott mot djurskyddslagen alternativt djurpl\u00e5geri. Du kan kontakta polisen \u00e4ven om det inte \u00e4r akut. Akuta anm\u00e4lningarRing polisen p\u00e5 telefonnumret 114 14 om det \u00e4r akut&hellip;<\/p>\n<p><a class=\"more-link\" href=\"https:\/\/www.djurskyddet.se\/kattfotenhalmstad\/om-oss\/nar-djur-far-illa-2\/\" title=\"Continue reading &lsquo;N\u00e4r djur far illa&rsquo;\">L&auml;s mer<span class=\"meta-nav\">&raquo;<\/span><\/a><\/p>\n","protected":false},"author":34,"featured_media":0,"parent":5582,"menu_order":6,"comment_status":"closed","ping_status":"closed","template":"left-sidebar.php","meta":{"_acf_changed":false,"footnotes":""},"class_list":["post-7095","page","type-page","status-publish","hentry"],"acf":[],"_links":{"self":[{"href":"https:\/\/www.djurskyddet.se\/kattfotenhalmstad\/wp-json\/wp\/v2\/pages\/7095","targetHints":{"allow":["GET"]}}],"collection":[{"href":"https:\/\/www.djurskyddet.se\/kattfotenhalmstad\/wp-json\/wp\/v2\/pages"}],"about":[{"href":"https:\/\/www.djurskyddet.se\/kattfotenhalmstad\/wp-json\/wp\/v2\/types\/page"}],"author":[{"embeddable":true,"href":"https:\/\/www.djurskyddet.se\/kattfotenhalmstad\/wp-json\/wp\/v2\/users\/34"}],"replies":[{"embeddable":true,"href":"https:\/\/www.djurskyddet.se\/kattfotenhalmstad\/wp-json\/wp\/v2\/comments?post=7095"}],"version-history":[{"count":23,"href":"https:\/\/www.djurskyddet.se\/kattfotenhalmstad\/wp-json\/wp\/v2\/pages\/7095\/revisions"}],"predecessor-version":[{"id":8397,"href":"https:\/\/www.djurskyddet.se\/kattfotenhalmstad\/wp-json\/wp\/v2\/pages\/7095\/revisions\/8397"}],"up":[{"embeddable":true,"href":"https:\/\/www.djurskyddet.se\/kattfotenhalmstad\/wp-json\/wp\/v2\/pages\/5582"}],"wp:attachment":[{"href":"https:\/\/www.djurskyddet.se\/kattfotenhalmstad\/wp-json\/wp\/v2\/media?parent=7095"}],"curies":[{"name":"wp","href":"https:\/\/api.w.org\/{rel}","templated":true}]}}