{"id":7429,"date":"2020-01-31T17:11:18","date_gmt":"2020-01-31T17:11:18","guid":{"rendered":"https:\/\/www.djurskyddet.se\/kattfotenhalmstad\/?page_id=7429"},"modified":"2026-01-08T12:30:48","modified_gmt":"2026-01-08T12:30:48","slug":"oppettider","status":"publish","type":"page","link":"https:\/\/www.djurskyddet.se\/kattfotenhalmstad\/om-oss\/oppettider\/","title":{"rendered":"Mottagningstider f\u00f6r g\u00e5vor"},"content":{"rendered":"\n<p>Vi \u00e4r bemannade 09:00-15:00 vardagar och 09:00- senast 13:00 helger f\u00f6r inl\u00e4mning av loppisprylar och andra g\u00e5vor. F\u00f6r att boka tid f\u00f6r kattvisning beh\u00f6ver du skriva en <strong>intresseanm\u00e4lan <\/strong>och den hittar du <a aria-label=\"H\u00c4R (\u00f6ppnas i en ny flik)\" href=\"https:\/\/www.djurskyddet.se\/kattfotenhalmstad\/intresseanmalan\/\" target=\"_blank\" rel=\"noreferrer noopener\">H\u00c4R<\/a>.<\/p>\n","protected":false},"excerpt":{"rendered":"<p>Vi \u00e4r bemannade 09:00-15:00 vardagar och 09:00- senast 13:00 helger f\u00f6r inl\u00e4mning av loppisprylar och andra g\u00e5vor. F\u00f6r att boka tid f\u00f6r kattvisning beh\u00f6ver du skriva en intresseanm\u00e4lan och den hittar du H\u00c4R.<\/p>\n","protected":false},"author":36,"featured_media":0,"parent":5582,"menu_order":5,"comment_status":"closed","ping_status":"closed","template":"left-sidebar.php","meta":{"_acf_changed":false,"footnotes":""},"class_list":["post-7429","page","type-page","status-publish","hentry"],"acf":[],"_links":{"self":[{"href":"https:\/\/www.djurskyddet.se\/kattfotenhalmstad\/wp-json\/wp\/v2\/pages\/7429","targetHints":{"allow":["GET"]}}],"collection":[{"href":"https:\/\/www.djurskyddet.se\/kattfotenhalmstad\/wp-json\/wp\/v2\/pages"}],"about":[{"href":"https:\/\/www.djurskyddet.se\/kattfotenhalmstad\/wp-json\/wp\/v2\/types\/page"}],"author":[{"embeddable":true,"href":"https:\/\/www.djurskyddet.se\/kattfotenhalmstad\/wp-json\/wp\/v2\/users\/36"}],"replies":[{"embeddable":true,"href":"https:\/\/www.djurskyddet.se\/kattfotenhalmstad\/wp-json\/wp\/v2\/comments?post=7429"}],"version-history":[{"count":24,"href":"https:\/\/www.djurskyddet.se\/kattfotenhalmstad\/wp-json\/wp\/v2\/pages\/7429\/revisions"}],"predecessor-version":[{"id":15545,"href":"https:\/\/www.djurskyddet.se\/kattfotenhalmstad\/wp-json\/wp\/v2\/pages\/7429\/revisions\/15545"}],"up":[{"embeddable":true,"href":"https:\/\/www.djurskyddet.se\/kattfotenhalmstad\/wp-json\/wp\/v2\/pages\/5582"}],"wp:attachment":[{"href":"https:\/\/www.djurskyddet.se\/kattfotenhalmstad\/wp-json\/wp\/v2\/media?parent=7429"}],"curies":[{"name":"wp","href":"https:\/\/api.w.org\/{rel}","templated":true}]}}