{"id":8031,"date":"2020-02-01T22:05:37","date_gmt":"2020-02-01T22:05:37","guid":{"rendered":"https:\/\/www.djurskyddet.se\/kattfotenhalmstad\/?page_id=8031"},"modified":"2020-02-09T19:55:44","modified_gmt":"2020-02-09T19:55:44","slug":"barn-och-katt","status":"publish","type":"page","link":"https:\/\/www.djurskyddet.se\/kattfotenhalmstad\/barn-och-katt\/","title":{"rendered":"Barn och katt"},"content":{"rendered":"\n<h4 class=\"wp-block-heading\"><strong>Katter och yngre barn<\/strong><\/h4>\n\n\n\n<p>Barn vinner ofta p\u00e5 att bo och umg\u00e5s med djur, men det kr\u00e4ver uppsikt och v\u00e4gledning. Eftersom bebisar och yngre barn ofta vill dra i kattens svans, \u00f6ron eller p\u00e4ls b\u00f6r en vuxen alltid h\u00e5lla barnet under uppsikt s\u00e5 att barnet eller katten inte kommer till skada. Barn som umg\u00e5s med katter riskerar att bli bitna eller rivna och katter som umg\u00e5s med barn riskerar ocks\u00e5 att skadas. <br><br>Katter s\u00f6ker sig ofta till bebisar och yngre barn som sover och l\u00e4gger sig ner f\u00f6r att vila bredvid dem. Det kan vara farligt f\u00f6r barnet och ska alltid undvikas. Precis som f\u00f6r de nyblivna f\u00f6r\u00e4ldrarna \u00e4r en bebis i huset en stor f\u00f6r\u00e4ndring \u00e4ven f\u00f6r katten. Det kan ta lite tid innan katten v\u00e4njer sig vid den nya situationen. Se till att det finns platser d\u00e4r katten kan f\u00e5 lugn och ro. Underskatta inte hur katten p\u00e5verkas av f\u00f6r\u00e4ndringarna med en ny bebis och kom ih\u00e5g att kela och prata med katten precis som f\u00f6rut!<\/p>\n","protected":false},"excerpt":{"rendered":"<p>Katter och yngre barn Barn vinner ofta p\u00e5 att bo och umg\u00e5s med djur, men det kr\u00e4ver uppsikt och v\u00e4gledning. Eftersom bebisar och yngre barn ofta vill dra i kattens svans, \u00f6ron eller p\u00e4ls b\u00f6r en vuxen alltid h\u00e5lla barnet under uppsikt s\u00e5 att barnet eller katten inte kommer till skada. Barn som umg\u00e5s med katter riskerar att bli bitna eller rivna och katter som umg\u00e5s med barn riskerar ocks\u00e5&hellip;<\/p>\n<p><a class=\"more-link\" href=\"https:\/\/www.djurskyddet.se\/kattfotenhalmstad\/barn-och-katt\/\" title=\"Continue reading &lsquo;Barn och katt&rsquo;\">L&auml;s mer<span class=\"meta-nav\">&raquo;<\/span><\/a><\/p>\n","protected":false},"author":36,"featured_media":0,"parent":0,"menu_order":0,"comment_status":"closed","ping_status":"closed","template":"left-sidebar.php","meta":{"_acf_changed":false,"footnotes":""},"class_list":["post-8031","page","type-page","status-publish","hentry"],"acf":[],"_links":{"self":[{"href":"https:\/\/www.djurskyddet.se\/kattfotenhalmstad\/wp-json\/wp\/v2\/pages\/8031","targetHints":{"allow":["GET"]}}],"collection":[{"href":"https:\/\/www.djurskyddet.se\/kattfotenhalmstad\/wp-json\/wp\/v2\/pages"}],"about":[{"href":"https:\/\/www.djurskyddet.se\/kattfotenhalmstad\/wp-json\/wp\/v2\/types\/page"}],"author":[{"embeddable":true,"href":"https:\/\/www.djurskyddet.se\/kattfotenhalmstad\/wp-json\/wp\/v2\/users\/36"}],"replies":[{"embeddable":true,"href":"https:\/\/www.djurskyddet.se\/kattfotenhalmstad\/wp-json\/wp\/v2\/comments?post=8031"}],"version-history":[{"count":1,"href":"https:\/\/www.djurskyddet.se\/kattfotenhalmstad\/wp-json\/wp\/v2\/pages\/8031\/revisions"}],"predecessor-version":[{"id":8032,"href":"https:\/\/www.djurskyddet.se\/kattfotenhalmstad\/wp-json\/wp\/v2\/pages\/8031\/revisions\/8032"}],"wp:attachment":[{"href":"https:\/\/www.djurskyddet.se\/kattfotenhalmstad\/wp-json\/wp\/v2\/media?parent=8031"}],"curies":[{"name":"wp","href":"https:\/\/api.w.org\/{rel}","templated":true}]}}