{"id":8735,"date":"2020-03-28T17:19:41","date_gmt":"2020-03-28T17:19:41","guid":{"rendered":"https:\/\/www.djurskyddet.se\/kattfotenhalmstad\/?page_id=8735"},"modified":"2021-06-07T09:26:57","modified_gmt":"2021-06-07T09:26:57","slug":"adopterade-katter-2018","status":"publish","type":"page","link":"https:\/\/www.djurskyddet.se\/kattfotenhalmstad\/lyckligt-slut-2\/adopterade-katter-2018\/","title":{"rendered":"Adopterade katter 2018"},"content":{"rendered":"\n<p>H\u00e4r kan du se n\u00e5gra av alla de katter som vi hj\u00e4lpt hitta hem till \u00e5r 2018. Klicka p\u00e5 kattens namn f\u00f6r att l\u00e4sa mer om katten och se fler bilder fr\u00e5n adoptivhemmet. Tack till alla som \u00f6ppnat upp sitt hem och hj\u00e4rta f\u00f6r katter i n\u00f6d. Ni r\u00e4ddar liv! Och tack f\u00f6r bilder och beskrivningar av katterna.<\/p>\n\n\n\n<div class=\"wp-block-cover has-background-dim\"><img loading=\"lazy\" decoding=\"async\" width=\"278\" height=\"205\" class=\"wp-block-cover__image-background wp-image-9046\" alt=\"\" src=\"https:\/\/www.djurskyddet.se\/kattfotenhalmstad\/wp-content\/uploads\/sites\/35\/2020\/04\/Pettson-Findus-ochTusse.jpg\" data-object-fit=\"cover\" \/><div class=\"wp-block-cover__inner-container is-layout-flow wp-block-cover-is-layout-flow\">\n<h1 class=\"has-text-align-center wp-block-heading\"><a aria-label=\"Tusse, Findus och Pettson (\u00f6ppnas i en ny flik)\" href=\"https:\/\/www.djurskyddet.se\/kattfotenhalmstad\/lyckligt-slut-2\/adopterade-katter-2018\/tusse-findus-och-pettson\/\" target=\"_blank\" rel=\"noreferrer noopener\"><span class=\"has-inline-color has-white-color\">Findus, Tusse och Pettson<\/span><\/a><\/h1>\n<\/div><\/div>\n\n\n\n<div class=\"wp-block-cover has-background-dim\"><img loading=\"lazy\" decoding=\"async\" width=\"1564\" height=\"1564\" class=\"wp-block-cover__image-background wp-image-13085\" alt=\"\" src=\"https:\/\/www.djurskyddet.se\/kattfotenhalmstad\/wp-content\/uploads\/sites\/35\/2021\/04\/received_889471321497149-1.jpeg\" style=\"object-position:48% 0%\" data-object-fit=\"cover\" data-object-position=\"48% 0%\" srcset=\"https:\/\/www.djurskyddet.se\/kattfotenhalmstad\/wp-content\/uploads\/sites\/35\/2021\/04\/received_889471321497149-1.jpeg 1564w, https:\/\/www.djurskyddet.se\/kattfotenhalmstad\/wp-content\/uploads\/sites\/35\/2021\/04\/received_889471321497149-1-150x150.jpeg 150w, https:\/\/www.djurskyddet.se\/kattfotenhalmstad\/wp-content\/uploads\/sites\/35\/2021\/04\/received_889471321497149-1-300x300.jpeg 300w, https:\/\/www.djurskyddet.se\/kattfotenhalmstad\/wp-content\/uploads\/sites\/35\/2021\/04\/received_889471321497149-1-768x768.jpeg 768w, https:\/\/www.djurskyddet.se\/kattfotenhalmstad\/wp-content\/uploads\/sites\/35\/2021\/04\/received_889471321497149-1-1024x1024.jpeg 1024w, https:\/\/www.djurskyddet.se\/kattfotenhalmstad\/wp-content\/uploads\/sites\/35\/2021\/04\/received_889471321497149-1-400x400.jpeg 400w\" sizes=\"auto, (max-width: 1564px) 100vw, 1564px\" \/><div class=\"wp-block-cover__inner-container is-layout-flow wp-block-cover-is-layout-flow\">\n<h1 class=\"has-text-align-center wp-block-heading\"><a aria-label=\"Gibbs (\u00f6ppnas i en ny flik)\" href=\"https:\/\/www.djurskyddet.se\/kattfotenhalmstad\/lyckligt-slut-2\/adopterade-katter-2018\/gibbs\/\" target=\"_blank\" rel=\"noreferrer noopener\"><span class=\"has-inline-color has-white-color\">Gibbs<\/span><\/a><\/h1>\n<\/div><\/div>\n\n\n\n<div class=\"wp-block-cover has-background-dim\"><img loading=\"lazy\" decoding=\"async\" width=\"306\" height=\"280\" class=\"wp-block-cover__image-background wp-image-9375\" alt=\"\" src=\"https:\/\/www.djurskyddet.se\/kattfotenhalmstad\/wp-content\/uploads\/sites\/35\/2020\/04\/Hickery-5.jpg\" data-object-fit=\"cover\" srcset=\"https:\/\/www.djurskyddet.se\/kattfotenhalmstad\/wp-content\/uploads\/sites\/35\/2020\/04\/Hickery-5.jpg 306w, https:\/\/www.djurskyddet.se\/kattfotenhalmstad\/wp-content\/uploads\/sites\/35\/2020\/04\/Hickery-5-300x275.jpg 300w\" sizes=\"auto, (max-width: 306px) 100vw, 306px\" \/><div class=\"wp-block-cover__inner-container is-layout-flow wp-block-cover-is-layout-flow\">\n<h1 class=\"has-text-align-center wp-block-heading\"><a aria-label=\"Hickery (\u00f6ppnas i en ny flik)\" rel=\"noreferrer noopener\" href=\"https:\/\/www.djurskyddet.se\/kattfotenhalmstad\/lyckligt-slut-2\/adopterade-katter-2018\/hickery\/\" target=\"_blank\"><span class=\"has-inline-color has-white-color\">Hickory<\/span><\/a><\/h1>\n<\/div><\/div>\n\n\n\n<div class=\"wp-block-cover has-background-dim\"><img loading=\"lazy\" decoding=\"async\" width=\"306\" height=\"408\" class=\"wp-block-cover__image-background wp-image-8822\" alt=\"\" src=\"https:\/\/www.djurskyddet.se\/kattfotenhalmstad\/wp-content\/uploads\/sites\/35\/2020\/03\/Lufsen.jpg\" data-object-fit=\"cover\" srcset=\"https:\/\/www.djurskyddet.se\/kattfotenhalmstad\/wp-content\/uploads\/sites\/35\/2020\/03\/Lufsen.jpg 306w, https:\/\/www.djurskyddet.se\/kattfotenhalmstad\/wp-content\/uploads\/sites\/35\/2020\/03\/Lufsen-225x300.jpg 225w\" sizes=\"auto, (max-width: 306px) 100vw, 306px\" \/><div class=\"wp-block-cover__inner-container is-layout-flow wp-block-cover-is-layout-flow\">\n<h1 class=\"has-text-align-center wp-block-heading\"><a aria-label=\"Lufsen (\u00f6ppnas i en ny flik)\" href=\"https:\/\/www.djurskyddet.se\/kattfotenhalmstad\/lyckligt-slut-2\/adopterade-katter-2018\/lufsen\/\" target=\"_blank\" rel=\"noreferrer noopener\"><span class=\"has-inline-color has-white-color\">Lufsen<\/span><\/a><\/h1>\n<\/div><\/div>\n\n\n\n<div class=\"wp-block-cover has-background-dim\"><img loading=\"lazy\" decoding=\"async\" width=\"1368\" height=\"1710\" class=\"wp-block-cover__image-background wp-image-13029\" alt=\"\" src=\"https:\/\/www.djurskyddet.se\/kattfotenhalmstad\/wp-content\/uploads\/sites\/35\/2021\/04\/received_246761146367244-1.jpeg\" data-object-fit=\"cover\" srcset=\"https:\/\/www.djurskyddet.se\/kattfotenhalmstad\/wp-content\/uploads\/sites\/35\/2021\/04\/received_246761146367244-1.jpeg 1368w, https:\/\/www.djurskyddet.se\/kattfotenhalmstad\/wp-content\/uploads\/sites\/35\/2021\/04\/received_246761146367244-1-240x300.jpeg 240w, https:\/\/www.djurskyddet.se\/kattfotenhalmstad\/wp-content\/uploads\/sites\/35\/2021\/04\/received_246761146367244-1-768x960.jpeg 768w, https:\/\/www.djurskyddet.se\/kattfotenhalmstad\/wp-content\/uploads\/sites\/35\/2021\/04\/received_246761146367244-1-819x1024.jpeg 819w, https:\/\/www.djurskyddet.se\/kattfotenhalmstad\/wp-content\/uploads\/sites\/35\/2021\/04\/received_246761146367244-1-400x500.jpeg 400w\" sizes=\"auto, (max-width: 1368px) 100vw, 1368px\" \/><div class=\"wp-block-cover__inner-container is-layout-flow wp-block-cover-is-layout-flow\">\n<h1 class=\"has-text-align-center wp-block-heading\"><a aria-label=\"Sipper och Sookie (\u00f6ppnas i en ny flik)\" href=\"https:\/\/www.djurskyddet.se\/kattfotenhalmstad\/lyckligt-slut-2\/adopterade-katter-2018\/sipper-och-sookie\/\" target=\"_blank\" rel=\"noreferrer noopener\"><span class=\"has-inline-color has-white-color\">Sipper och Sookie<\/span><\/a><\/h1>\n<\/div><\/div>\n\n\n\n<div class=\"wp-block-cover has-background-dim\"><img loading=\"lazy\" decoding=\"async\" width=\"308\" height=\"280\" class=\"wp-block-cover__image-background wp-image-9525\" alt=\"\" src=\"https:\/\/www.djurskyddet.se\/kattfotenhalmstad\/wp-content\/uploads\/sites\/35\/2020\/05\/Snoddas-1.jpg\" data-object-fit=\"cover\" srcset=\"https:\/\/www.djurskyddet.se\/kattfotenhalmstad\/wp-content\/uploads\/sites\/35\/2020\/05\/Snoddas-1.jpg 308w, https:\/\/www.djurskyddet.se\/kattfotenhalmstad\/wp-content\/uploads\/sites\/35\/2020\/05\/Snoddas-1-300x273.jpg 300w\" sizes=\"auto, (max-width: 308px) 100vw, 308px\" \/><div class=\"wp-block-cover__inner-container is-layout-flow wp-block-cover-is-layout-flow\">\n<h1 class=\"has-text-align-center wp-block-heading\"><a aria-label=\"Snoddas (\u00f6ppnas i en ny flik)\" href=\"https:\/\/www.djurskyddet.se\/kattfotenhalmstad\/lyckligt-slut-2\/adopterade-katter-2018\/snoddas\/\" target=\"_blank\" rel=\"noreferrer noopener\"><span class=\"has-inline-color has-white-color\">Snoddas<\/span><\/a><\/h1>\n<\/div><\/div>\n\n\n\n<div class=\"wp-block-cover has-background-dim\"><img loading=\"lazy\" decoding=\"async\" width=\"373\" height=\"280\" class=\"wp-block-cover__image-background wp-image-8740\" alt=\"\" src=\"https:\/\/www.djurskyddet.se\/kattfotenhalmstad\/wp-content\/uploads\/sites\/35\/2020\/03\/Sofus-och-Laban-2.jpg\" data-object-fit=\"cover\" srcset=\"https:\/\/www.djurskyddet.se\/kattfotenhalmstad\/wp-content\/uploads\/sites\/35\/2020\/03\/Sofus-och-Laban-2.jpg 373w, https:\/\/www.djurskyddet.se\/kattfotenhalmstad\/wp-content\/uploads\/sites\/35\/2020\/03\/Sofus-och-Laban-2-300x225.jpg 300w\" sizes=\"auto, (max-width: 373px) 100vw, 373px\" \/><div class=\"wp-block-cover__inner-container is-layout-flow wp-block-cover-is-layout-flow\">\n<h1 class=\"has-text-align-center wp-block-heading\"><a aria-label=\"Sofus och Laban (\u00f6ppnas i en ny flik)\" href=\"https:\/\/www.djurskyddet.se\/kattfotenhalmstad\/lyckligt-slut-2\/adopterade-katter-2018\/sofus-och-laban\/\" target=\"_blank\" rel=\"noreferrer noopener\"><span class=\"has-inline-color has-white-color\">Sofus och Laban<\/span><\/a><\/h1>\n<\/div><\/div>\n\n\n\n<div class=\"wp-block-cover has-background-dim\"><img loading=\"lazy\" decoding=\"async\" width=\"720\" height=\"480\" class=\"wp-block-cover__image-background wp-image-9890\" alt=\"\" src=\"https:\/\/www.djurskyddet.se\/kattfotenhalmstad\/wp-content\/uploads\/sites\/35\/2020\/05\/Sputnik-3.jpg\" data-object-fit=\"cover\" srcset=\"https:\/\/www.djurskyddet.se\/kattfotenhalmstad\/wp-content\/uploads\/sites\/35\/2020\/05\/Sputnik-3.jpg 720w, https:\/\/www.djurskyddet.se\/kattfotenhalmstad\/wp-content\/uploads\/sites\/35\/2020\/05\/Sputnik-3-300x200.jpg 300w, https:\/\/www.djurskyddet.se\/kattfotenhalmstad\/wp-content\/uploads\/sites\/35\/2020\/05\/Sputnik-3-400x267.jpg 400w\" sizes=\"auto, (max-width: 720px) 100vw, 720px\" \/><div class=\"wp-block-cover__inner-container is-layout-flow wp-block-cover-is-layout-flow\">\n<h1 class=\"has-text-align-center wp-block-heading\"><a aria-label=\"Sputnik (\u00f6ppnas i en ny flik)\" href=\"https:\/\/www.djurskyddet.se\/kattfotenhalmstad\/lyckligt-slut-2\/adopterade-katter-2018\/sputnik\/\" target=\"_blank\" rel=\"noreferrer noopener\"><span class=\"has-inline-color has-white-color\">Sputnik<\/span><\/a><\/h1>\n<\/div><\/div>\n\n\n\n<div class=\"wp-block-cover has-background-dim\"><img loading=\"lazy\" decoding=\"async\" width=\"480\" height=\"987\" class=\"wp-block-cover__image-background wp-image-9987\" alt=\"\" src=\"https:\/\/www.djurskyddet.se\/kattfotenhalmstad\/wp-content\/uploads\/sites\/35\/2020\/06\/Stina.jpg\" data-object-fit=\"cover\" srcset=\"https:\/\/www.djurskyddet.se\/kattfotenhalmstad\/wp-content\/uploads\/sites\/35\/2020\/06\/Stina.jpg 480w, https:\/\/www.djurskyddet.se\/kattfotenhalmstad\/wp-content\/uploads\/sites\/35\/2020\/06\/Stina-146x300.jpg 146w, https:\/\/www.djurskyddet.se\/kattfotenhalmstad\/wp-content\/uploads\/sites\/35\/2020\/06\/Stina-400x823.jpg 400w\" sizes=\"auto, (max-width: 480px) 100vw, 480px\" \/><div class=\"wp-block-cover__inner-container is-layout-flow wp-block-cover-is-layout-flow\">\n<h1 class=\"has-text-align-center wp-block-heading\"><a aria-label=\"Stina (\u00f6ppnas i en ny flik)\" href=\"https:\/\/www.djurskyddet.se\/kattfotenhalmstad\/lyckligt-slut-2\/adopterade-katter-2018\/stina\/\" target=\"_blank\" rel=\"noreferrer noopener\"><span class=\"has-inline-color has-white-color\">Stina<\/span><\/a><\/h1>\n<\/div><\/div>\n\n\n\n<div class=\"wp-block-cover has-background-dim\"><img loading=\"lazy\" decoding=\"async\" width=\"480\" height=\"270\" class=\"wp-block-cover__image-background wp-image-9883\" alt=\"\" src=\"https:\/\/www.djurskyddet.se\/kattfotenhalmstad\/wp-content\/uploads\/sites\/35\/2020\/05\/Tesla-2.jpg\" data-object-fit=\"cover\" srcset=\"https:\/\/www.djurskyddet.se\/kattfotenhalmstad\/wp-content\/uploads\/sites\/35\/2020\/05\/Tesla-2.jpg 480w, https:\/\/www.djurskyddet.se\/kattfotenhalmstad\/wp-content\/uploads\/sites\/35\/2020\/05\/Tesla-2-300x169.jpg 300w, https:\/\/www.djurskyddet.se\/kattfotenhalmstad\/wp-content\/uploads\/sites\/35\/2020\/05\/Tesla-2-400x225.jpg 400w\" sizes=\"auto, (max-width: 480px) 100vw, 480px\" \/><div class=\"wp-block-cover__inner-container is-layout-flow wp-block-cover-is-layout-flow\">\n<h1 class=\"has-text-align-center wp-block-heading\"><a aria-label=\"Tesla (\u00f6ppnas i en ny flik)\" href=\"https:\/\/www.djurskyddet.se\/kattfotenhalmstad\/lyckligt-slut-2\/adopterade-katter-2018\/tesla\/\" target=\"_blank\" rel=\"noreferrer noopener\"><span class=\"has-inline-color has-white-color\">Tesla<\/span><\/a><\/h1>\n<\/div><\/div>\n\n\n\n<div class=\"wp-block-cover has-background-dim\"><img loading=\"lazy\" decoding=\"async\" width=\"280\" height=\"373\" class=\"wp-block-cover__image-background wp-image-9977\" alt=\"\" src=\"https:\/\/www.djurskyddet.se\/kattfotenhalmstad\/wp-content\/uploads\/sites\/35\/2020\/06\/Zvinto-4-1.jpg\" data-object-fit=\"cover\" srcset=\"https:\/\/www.djurskyddet.se\/kattfotenhalmstad\/wp-content\/uploads\/sites\/35\/2020\/06\/Zvinto-4-1.jpg 280w, https:\/\/www.djurskyddet.se\/kattfotenhalmstad\/wp-content\/uploads\/sites\/35\/2020\/06\/Zvinto-4-1-225x300.jpg 225w\" sizes=\"auto, (max-width: 280px) 100vw, 280px\" \/><div class=\"wp-block-cover__inner-container is-layout-flow wp-block-cover-is-layout-flow\">\n<h1 class=\"has-text-align-center wp-block-heading\"><a aria-label=\"Zvinto (\u00f6ppnas i en ny flik)\" href=\"https:\/\/www.djurskyddet.se\/kattfotenhalmstad\/lyckligt-slut-2\/adopterade-katter-2018\/zvinto\/\" target=\"_blank\" rel=\"noreferrer noopener\"><span class=\"has-inline-color has-white-color\">Zvinto<\/span><\/a><\/h1>\n<\/div><\/div>\n\n\n\n<div class=\"wp-block-cover has-background-dim\"><img loading=\"lazy\" decoding=\"async\" width=\"480\" height=\"853\" class=\"wp-block-cover__image-background wp-image-9210\" alt=\"\" src=\"https:\/\/www.djurskyddet.se\/kattfotenhalmstad\/wp-content\/uploads\/sites\/35\/2020\/04\/\u00c5zzy-16.jpg\" data-object-fit=\"cover\" srcset=\"https:\/\/www.djurskyddet.se\/kattfotenhalmstad\/wp-content\/uploads\/sites\/35\/2020\/04\/\u00c5zzy-16.jpg 480w, https:\/\/www.djurskyddet.se\/kattfotenhalmstad\/wp-content\/uploads\/sites\/35\/2020\/04\/\u00c5zzy-16-169x300.jpg 169w, https:\/\/www.djurskyddet.se\/kattfotenhalmstad\/wp-content\/uploads\/sites\/35\/2020\/04\/\u00c5zzy-16-400x711.jpg 400w\" sizes=\"auto, (max-width: 480px) 100vw, 480px\" \/><div class=\"wp-block-cover__inner-container is-layout-flow wp-block-cover-is-layout-flow\">\n<h1 class=\"has-text-align-center wp-block-heading\"><a aria-label=\"\u00c5zzy (\u00f6ppnas i en ny flik)\" href=\"https:\/\/www.djurskyddet.se\/kattfotenhalmstad\/lyckligt-slut-2\/adopterade-katter-2018\/azzy\/\" target=\"_blank\" rel=\"noreferrer noopener\"><span class=\"has-inline-color has-white-color\">\u00c5zzy<\/span><\/a><\/h1>\n<\/div><\/div>\n","protected":false},"excerpt":{"rendered":"<p>H\u00e4r kan du se n\u00e5gra av alla de katter som vi hj\u00e4lpt hitta hem till \u00e5r 2018. Klicka p\u00e5 kattens namn f\u00f6r att l\u00e4sa mer om katten och se fler bilder fr\u00e5n adoptivhemmet. Tack till alla som \u00f6ppnat upp sitt hem och hj\u00e4rta f\u00f6r katter i n\u00f6d. Ni r\u00e4ddar liv! Och tack f\u00f6r bilder och beskrivningar av katterna.<\/p>\n","protected":false},"author":36,"featured_media":0,"parent":8680,"menu_order":0,"comment_status":"closed","ping_status":"closed","template":"page-templates\/left-sidebar.php","meta":{"_acf_changed":false,"footnotes":""},"class_list":["post-8735","page","type-page","status-publish","hentry"],"acf":[],"_links":{"self":[{"href":"https:\/\/www.djurskyddet.se\/kattfotenhalmstad\/wp-json\/wp\/v2\/pages\/8735","targetHints":{"allow":["GET"]}}],"collection":[{"href":"https:\/\/www.djurskyddet.se\/kattfotenhalmstad\/wp-json\/wp\/v2\/pages"}],"about":[{"href":"https:\/\/www.djurskyddet.se\/kattfotenhalmstad\/wp-json\/wp\/v2\/types\/page"}],"author":[{"embeddable":true,"href":"https:\/\/www.djurskyddet.se\/kattfotenhalmstad\/wp-json\/wp\/v2\/users\/36"}],"replies":[{"embeddable":true,"href":"https:\/\/www.djurskyddet.se\/kattfotenhalmstad\/wp-json\/wp\/v2\/comments?post=8735"}],"version-history":[{"count":19,"href":"https:\/\/www.djurskyddet.se\/kattfotenhalmstad\/wp-json\/wp\/v2\/pages\/8735\/revisions"}],"predecessor-version":[{"id":13291,"href":"https:\/\/www.djurskyddet.se\/kattfotenhalmstad\/wp-json\/wp\/v2\/pages\/8735\/revisions\/13291"}],"up":[{"embeddable":true,"href":"https:\/\/www.djurskyddet.se\/kattfotenhalmstad\/wp-json\/wp\/v2\/pages\/8680"}],"wp:attachment":[{"href":"https:\/\/www.djurskyddet.se\/kattfotenhalmstad\/wp-json\/wp\/v2\/media?parent=8735"}],"curies":[{"name":"wp","href":"https:\/\/api.w.org\/{rel}","templated":true}]}}