{"id":8770,"date":"2020-03-28T17:53:26","date_gmt":"2020-03-28T17:53:26","guid":{"rendered":"https:\/\/www.djurskyddet.se\/kattfotenhalmstad\/?page_id=8770"},"modified":"2021-06-07T09:08:11","modified_gmt":"2021-06-07T09:08:11","slug":"adopterade-katter-2014","status":"publish","type":"page","link":"https:\/\/www.djurskyddet.se\/kattfotenhalmstad\/lyckligt-slut-2\/adopterade-katter-2014\/","title":{"rendered":"Adopterade katter 2014"},"content":{"rendered":"\n<p>H\u00e4r kan du se n\u00e5gra av alla de katter som vi hj\u00e4lpt hitta hem till \u00e5r 2014. Klicka p\u00e5 kattens namn f\u00f6r att l\u00e4sa mer om katten och se fler bilder fr\u00e5n adoptivhemmet. Tack till alla som \u00f6ppnat upp sitt hem och hj\u00e4rta f\u00f6r katter i n\u00f6d. Ni r\u00e4ddar liv! Och tack f\u00f6r bilder och beskrivningar av katterna. <\/p>\n\n\n\n<div class=\"wp-block-cover has-background-dim\"><img loading=\"lazy\" decoding=\"async\" width=\"373\" height=\"280\" class=\"wp-block-cover__image-background wp-image-9400\" alt=\"\" src=\"https:\/\/www.djurskyddet.se\/kattfotenhalmstad\/wp-content\/uploads\/sites\/35\/2020\/04\/Alex-och-M\u00e5ns.jpg\" data-object-fit=\"cover\" srcset=\"https:\/\/www.djurskyddet.se\/kattfotenhalmstad\/wp-content\/uploads\/sites\/35\/2020\/04\/Alex-och-M\u00e5ns.jpg 373w, https:\/\/www.djurskyddet.se\/kattfotenhalmstad\/wp-content\/uploads\/sites\/35\/2020\/04\/Alex-och-M\u00e5ns-300x225.jpg 300w\" sizes=\"auto, (max-width: 373px) 100vw, 373px\" \/><div class=\"wp-block-cover__inner-container is-layout-flow wp-block-cover-is-layout-flow\">\n<h1 class=\"has-text-align-center wp-block-heading\"><a aria-label=\"Alex och M\u00e5ns (\u00f6ppnas i en ny flik)\" href=\"https:\/\/www.djurskyddet.se\/kattfotenhalmstad\/lyckligt-slut-2\/adopterade-katter-2014\/alex-och-mans\/\" target=\"_blank\" rel=\"noreferrer noopener\"><span class=\"has-inline-color has-white-color\">Alex och M\u00e5ns<\/span><\/a><\/h1>\n<\/div><\/div>\n\n\n\n<div class=\"wp-block-cover has-background-dim\"><img loading=\"lazy\" decoding=\"async\" width=\"720\" height=\"480\" class=\"wp-block-cover__image-background wp-image-9098\" alt=\"\" src=\"https:\/\/www.djurskyddet.se\/kattfotenhalmstad\/wp-content\/uploads\/sites\/35\/2020\/04\/Luthor-Lillis-2.jpg\" data-object-fit=\"cover\" srcset=\"https:\/\/www.djurskyddet.se\/kattfotenhalmstad\/wp-content\/uploads\/sites\/35\/2020\/04\/Luthor-Lillis-2.jpg 720w, https:\/\/www.djurskyddet.se\/kattfotenhalmstad\/wp-content\/uploads\/sites\/35\/2020\/04\/Luthor-Lillis-2-300x200.jpg 300w, https:\/\/www.djurskyddet.se\/kattfotenhalmstad\/wp-content\/uploads\/sites\/35\/2020\/04\/Luthor-Lillis-2-400x267.jpg 400w\" sizes=\"auto, (max-width: 720px) 100vw, 720px\" \/><div class=\"wp-block-cover__inner-container is-layout-flow wp-block-cover-is-layout-flow\">\n<h1 class=\"has-text-align-center wp-block-heading\"><a aria-label=\"Lillis (\u00f6ppnas i en ny flik)\" href=\"https:\/\/www.djurskyddet.se\/kattfotenhalmstad\/lyckligt-slut-2\/adopterade-katter-2014\/lillis\/\" target=\"_blank\" rel=\"noreferrer noopener\"><span class=\"has-inline-color has-white-color\">Lillis<\/span><\/a><\/h1>\n\n\n\n<p><\/p>\n<\/div><\/div>\n\n\n\n<div class=\"wp-block-cover has-background-dim\"><img loading=\"lazy\" decoding=\"async\" width=\"280\" height=\"373\" class=\"wp-block-cover__image-background wp-image-10383\" alt=\"\" src=\"https:\/\/www.djurskyddet.se\/kattfotenhalmstad\/wp-content\/uploads\/sites\/35\/2020\/07\/Rambo-2.jpg\" data-object-fit=\"cover\" srcset=\"https:\/\/www.djurskyddet.se\/kattfotenhalmstad\/wp-content\/uploads\/sites\/35\/2020\/07\/Rambo-2.jpg 280w, https:\/\/www.djurskyddet.se\/kattfotenhalmstad\/wp-content\/uploads\/sites\/35\/2020\/07\/Rambo-2-225x300.jpg 225w\" sizes=\"auto, (max-width: 280px) 100vw, 280px\" \/><div class=\"wp-block-cover__inner-container is-layout-flow wp-block-cover-is-layout-flow\">\n<h1 class=\"has-text-align-center wp-block-heading\"><a aria-label=\"Rambo (\u00f6ppnas i en ny flik)\" href=\"https:\/\/www.djurskyddet.se\/kattfotenhalmstad\/lyckligt-slut-2\/adopterade-katter-2014\/rambo\/\" target=\"_blank\" rel=\"noreferrer noopener\"><span class=\"has-inline-color has-white-color\">Rambo<\/span><\/a><\/h1>\n<\/div><\/div>\n\n\n\n<div class=\"wp-block-cover has-background-dim\"><img loading=\"lazy\" decoding=\"async\" width=\"280\" height=\"280\" class=\"wp-block-cover__image-background wp-image-12751\" alt=\"\" src=\"https:\/\/www.djurskyddet.se\/kattfotenhalmstad\/wp-content\/uploads\/sites\/35\/2021\/01\/Tussen-3.jpg\" data-object-fit=\"cover\" srcset=\"https:\/\/www.djurskyddet.se\/kattfotenhalmstad\/wp-content\/uploads\/sites\/35\/2021\/01\/Tussen-3.jpg 280w, https:\/\/www.djurskyddet.se\/kattfotenhalmstad\/wp-content\/uploads\/sites\/35\/2021\/01\/Tussen-3-150x150.jpg 150w\" sizes=\"auto, (max-width: 280px) 100vw, 280px\" \/><div class=\"wp-block-cover__inner-container is-layout-flow wp-block-cover-is-layout-flow\">\n<h1 class=\"has-text-align-center wp-block-heading\"><a aria-label=\"Tussen (\u00f6ppnas i en ny flik)\" href=\"https:\/\/www.djurskyddet.se\/kattfotenhalmstad\/lyckligt-slut-2\/adopterade-katter-2014\/tussen\/\" target=\"_blank\" rel=\"noreferrer noopener\"><span class=\"has-inline-color has-white-color\">Tussen<\/span><\/a><\/h1>\n<\/div><\/div>\n","protected":false},"excerpt":{"rendered":"<p>H\u00e4r kan du se n\u00e5gra av alla de katter som vi hj\u00e4lpt hitta hem till \u00e5r 2014. Klicka p\u00e5 kattens namn f\u00f6r att l\u00e4sa mer om katten och se fler bilder fr\u00e5n adoptivhemmet. Tack till alla som \u00f6ppnat upp sitt hem och hj\u00e4rta f\u00f6r katter i n\u00f6d. Ni r\u00e4ddar liv! Och tack f\u00f6r bilder och beskrivningar av katterna.<\/p>\n","protected":false},"author":36,"featured_media":0,"parent":8680,"menu_order":0,"comment_status":"closed","ping_status":"closed","template":"page-templates\/left-sidebar.php","meta":{"_acf_changed":false,"footnotes":""},"class_list":["post-8770","page","type-page","status-publish","hentry"],"acf":[],"_links":{"self":[{"href":"https:\/\/www.djurskyddet.se\/kattfotenhalmstad\/wp-json\/wp\/v2\/pages\/8770","targetHints":{"allow":["GET"]}}],"collection":[{"href":"https:\/\/www.djurskyddet.se\/kattfotenhalmstad\/wp-json\/wp\/v2\/pages"}],"about":[{"href":"https:\/\/www.djurskyddet.se\/kattfotenhalmstad\/wp-json\/wp\/v2\/types\/page"}],"author":[{"embeddable":true,"href":"https:\/\/www.djurskyddet.se\/kattfotenhalmstad\/wp-json\/wp\/v2\/users\/36"}],"replies":[{"embeddable":true,"href":"https:\/\/www.djurskyddet.se\/kattfotenhalmstad\/wp-json\/wp\/v2\/comments?post=8770"}],"version-history":[{"count":8,"href":"https:\/\/www.djurskyddet.se\/kattfotenhalmstad\/wp-json\/wp\/v2\/pages\/8770\/revisions"}],"predecessor-version":[{"id":13273,"href":"https:\/\/www.djurskyddet.se\/kattfotenhalmstad\/wp-json\/wp\/v2\/pages\/8770\/revisions\/13273"}],"up":[{"embeddable":true,"href":"https:\/\/www.djurskyddet.se\/kattfotenhalmstad\/wp-json\/wp\/v2\/pages\/8680"}],"wp:attachment":[{"href":"https:\/\/www.djurskyddet.se\/kattfotenhalmstad\/wp-json\/wp\/v2\/media?parent=8770"}],"curies":[{"name":"wp","href":"https:\/\/api.w.org\/{rel}","templated":true}]}}