{"id":8794,"date":"2020-03-28T18:00:38","date_gmt":"2020-03-28T18:00:38","guid":{"rendered":"https:\/\/www.djurskyddet.se\/kattfotenhalmstad\/?page_id=8794"},"modified":"2020-03-28T18:00:39","modified_gmt":"2020-03-28T18:00:39","slug":"adopterade-katter-2004","status":"publish","type":"page","link":"https:\/\/www.djurskyddet.se\/kattfotenhalmstad\/lyckligt-slut-2\/adopterade-katter-2004\/","title":{"rendered":"Adopterade katter 2004"},"content":{"rendered":"\n<p>H\u00e4r kan du se n\u00e5gra av alla de katter som vi hj\u00e4lpt hitta hem till \u00e5r 2004. Klicka p\u00e5 kattens namn f\u00f6r att l\u00e4sa mer om katten och se fler bilder fr\u00e5n adoptivhemmet. Tack till alla som \u00f6ppnat upp sitt hem och hj\u00e4rta f\u00f6r katter i n\u00f6d. Ni r\u00e4ddar liv! Och tack f\u00f6r bilder och beskrivningar av katterna.  <\/p>\n","protected":false},"excerpt":{"rendered":"<p>H\u00e4r kan du se n\u00e5gra av alla de katter som vi hj\u00e4lpt hitta hem till \u00e5r 2004. Klicka p\u00e5 kattens namn f\u00f6r att l\u00e4sa mer om katten och se fler bilder fr\u00e5n adoptivhemmet. Tack till alla som \u00f6ppnat upp sitt hem och hj\u00e4rta f\u00f6r katter i n\u00f6d. Ni r\u00e4ddar liv! Och tack f\u00f6r bilder och beskrivningar av katterna.<\/p>\n","protected":false},"author":36,"featured_media":0,"parent":8680,"menu_order":0,"comment_status":"closed","ping_status":"closed","template":"page-templates\/left-sidebar.php","meta":{"_acf_changed":false,"footnotes":""},"class_list":["post-8794","page","type-page","status-publish","hentry"],"acf":[],"_links":{"self":[{"href":"https:\/\/www.djurskyddet.se\/kattfotenhalmstad\/wp-json\/wp\/v2\/pages\/8794","targetHints":{"allow":["GET"]}}],"collection":[{"href":"https:\/\/www.djurskyddet.se\/kattfotenhalmstad\/wp-json\/wp\/v2\/pages"}],"about":[{"href":"https:\/\/www.djurskyddet.se\/kattfotenhalmstad\/wp-json\/wp\/v2\/types\/page"}],"author":[{"embeddable":true,"href":"https:\/\/www.djurskyddet.se\/kattfotenhalmstad\/wp-json\/wp\/v2\/users\/36"}],"replies":[{"embeddable":true,"href":"https:\/\/www.djurskyddet.se\/kattfotenhalmstad\/wp-json\/wp\/v2\/comments?post=8794"}],"version-history":[{"count":1,"href":"https:\/\/www.djurskyddet.se\/kattfotenhalmstad\/wp-json\/wp\/v2\/pages\/8794\/revisions"}],"predecessor-version":[{"id":8798,"href":"https:\/\/www.djurskyddet.se\/kattfotenhalmstad\/wp-json\/wp\/v2\/pages\/8794\/revisions\/8798"}],"up":[{"embeddable":true,"href":"https:\/\/www.djurskyddet.se\/kattfotenhalmstad\/wp-json\/wp\/v2\/pages\/8680"}],"wp:attachment":[{"href":"https:\/\/www.djurskyddet.se\/kattfotenhalmstad\/wp-json\/wp\/v2\/media?parent=8794"}],"curies":[{"name":"wp","href":"https:\/\/api.w.org\/{rel}","templated":true}]}}