{"id":8806,"date":"2020-03-29T18:56:41","date_gmt":"2020-03-29T18:56:41","guid":{"rendered":"https:\/\/www.djurskyddet.se\/kattfotenhalmstad\/?page_id=8806"},"modified":"2020-04-12T19:12:45","modified_gmt":"2020-04-12T19:12:45","slug":"sigge","status":"publish","type":"page","link":"https:\/\/www.djurskyddet.se\/kattfotenhalmstad\/lyckligt-slut-2\/adopterade-katter-2015\/sigge\/","title":{"rendered":"Sigge"},"content":{"rendered":"\n<p>Jag adopterades fr\u00e5n Kattfotens katthem 2015 och hette d\u00e5 Gissmo men lystrar nu till namnet Sigge. Jag \u00e4r en trygg kisse som \u00e4lskar god mat, helst bl\u00f6tmat, lite bortsk\u00e4md \u00e4r jag allt. Vill g\u00e4rna vara n\u00e4ra och ha mycket gos. Jag \u00e4r otroligt trygg och \u00e4ger mitt hem! Jag \u00e4r \u00e5ldersmannen h\u00e4r hemma. Smulan och Nisse \u00e4r mina kompisar.<\/p>\n\n\n\n<div class=\"wp-block-image\"><figure class=\"aligncenter\"><img loading=\"lazy\" decoding=\"async\" width=\"280\" height=\"280\" src=\"https:\/\/www.djurskyddet.se\/kattfotenhalmstad\/wp-content\/uploads\/sites\/35\/2020\/03\/Sigge.jpg\" alt=\"\" class=\"wp-image-8807\" srcset=\"https:\/\/www.djurskyddet.se\/kattfotenhalmstad\/wp-content\/uploads\/sites\/35\/2020\/03\/Sigge.jpg 280w, https:\/\/www.djurskyddet.se\/kattfotenhalmstad\/wp-content\/uploads\/sites\/35\/2020\/03\/Sigge-150x150.jpg 150w\" sizes=\"auto, (max-width: 280px) 100vw, 280px\" \/><\/figure><\/div>\n","protected":false},"excerpt":{"rendered":"<p>Jag adopterades fr\u00e5n Kattfotens katthem 2015 och hette d\u00e5 Gissmo men lystrar nu till namnet Sigge. Jag \u00e4r en trygg kisse som \u00e4lskar god mat, helst bl\u00f6tmat, lite bortsk\u00e4md \u00e4r jag allt. Vill g\u00e4rna vara n\u00e4ra och ha mycket gos. Jag \u00e4r otroligt trygg och \u00e4ger mitt hem! Jag \u00e4r \u00e5ldersmannen h\u00e4r hemma. Smulan och Nisse \u00e4r mina kompisar.<\/p>\n","protected":false},"author":36,"featured_media":0,"parent":8757,"menu_order":0,"comment_status":"closed","ping_status":"closed","template":"page-templates\/left-sidebar.php","meta":{"_acf_changed":false,"footnotes":""},"class_list":["post-8806","page","type-page","status-publish","hentry"],"acf":[],"_links":{"self":[{"href":"https:\/\/www.djurskyddet.se\/kattfotenhalmstad\/wp-json\/wp\/v2\/pages\/8806","targetHints":{"allow":["GET"]}}],"collection":[{"href":"https:\/\/www.djurskyddet.se\/kattfotenhalmstad\/wp-json\/wp\/v2\/pages"}],"about":[{"href":"https:\/\/www.djurskyddet.se\/kattfotenhalmstad\/wp-json\/wp\/v2\/types\/page"}],"author":[{"embeddable":true,"href":"https:\/\/www.djurskyddet.se\/kattfotenhalmstad\/wp-json\/wp\/v2\/users\/36"}],"replies":[{"embeddable":true,"href":"https:\/\/www.djurskyddet.se\/kattfotenhalmstad\/wp-json\/wp\/v2\/comments?post=8806"}],"version-history":[{"count":3,"href":"https:\/\/www.djurskyddet.se\/kattfotenhalmstad\/wp-json\/wp\/v2\/pages\/8806\/revisions"}],"predecessor-version":[{"id":9283,"href":"https:\/\/www.djurskyddet.se\/kattfotenhalmstad\/wp-json\/wp\/v2\/pages\/8806\/revisions\/9283"}],"up":[{"embeddable":true,"href":"https:\/\/www.djurskyddet.se\/kattfotenhalmstad\/wp-json\/wp\/v2\/pages\/8757"}],"wp:attachment":[{"href":"https:\/\/www.djurskyddet.se\/kattfotenhalmstad\/wp-json\/wp\/v2\/media?parent=8806"}],"curies":[{"name":"wp","href":"https:\/\/api.w.org\/{rel}","templated":true}]}}