{"id":8813,"date":"2020-03-29T19:26:56","date_gmt":"2020-03-29T19:26:56","guid":{"rendered":"https:\/\/www.djurskyddet.se\/kattfotenhalmstad\/?page_id=8813"},"modified":"2021-06-07T09:46:29","modified_gmt":"2021-06-07T09:46:29","slug":"sigge","status":"publish","type":"page","link":"https:\/\/www.djurskyddet.se\/kattfotenhalmstad\/lyckligt-slut-2\/adopterade-katter-2017\/sigge\/","title":{"rendered":"Sigge"},"content":{"rendered":"\n<p>Sigge heter jag och \u00e4r adopterad 2017. Jag \u00e4r en riktig cirkuskatt! \u00c4r b\u00e5de smart och busig &#8211; jag kan \u00f6ppna d\u00f6rrar, kommandona sitt och high five samt hoppa genom ringar. Jag \u00e4lskar m\u00e4nniskor och andra katter. Ett \u00e5r senare adopterades Lufsen och flyttade in till mig, vi \u00e4r nu familjens \u00f6gonstenar.<br><br><a rel=\"noreferrer noopener\" aria-label=\"L\u00e4s mer om Lusen h\u00e4r! (\u00f6ppnas i en ny flik)\" href=\"https:\/\/www.djurskyddet.se\/kattfotenhalmstad\/lyckligt-slut-2\/adopterade-katter-2018\/lufsen\/\" target=\"_blank\">L\u00e4s mer om Lufsen h\u00e4r!<\/a><\/p>\n\n\n\n<div class=\"wp-block-image\"><figure class=\"aligncenter\"><img loading=\"lazy\" decoding=\"async\" width=\"306\" height=\"408\" src=\"https:\/\/www.djurskyddet.se\/kattfotenhalmstad\/wp-content\/uploads\/sites\/35\/2020\/03\/Sigge-1.jpg\" alt=\"\" class=\"wp-image-8815\" srcset=\"https:\/\/www.djurskyddet.se\/kattfotenhalmstad\/wp-content\/uploads\/sites\/35\/2020\/03\/Sigge-1.jpg 306w, https:\/\/www.djurskyddet.se\/kattfotenhalmstad\/wp-content\/uploads\/sites\/35\/2020\/03\/Sigge-1-225x300.jpg 225w\" sizes=\"auto, (max-width: 306px) 100vw, 306px\" \/><\/figure><\/div>\n\n\n\n<div class=\"wp-block-image\"><figure class=\"aligncenter\"><img loading=\"lazy\" decoding=\"async\" width=\"408\" height=\"306\" src=\"https:\/\/www.djurskyddet.se\/kattfotenhalmstad\/wp-content\/uploads\/sites\/35\/2020\/03\/Lufsen-och-Sigge.jpg\" alt=\"\" class=\"wp-image-8814\" srcset=\"https:\/\/www.djurskyddet.se\/kattfotenhalmstad\/wp-content\/uploads\/sites\/35\/2020\/03\/Lufsen-och-Sigge.jpg 408w, https:\/\/www.djurskyddet.se\/kattfotenhalmstad\/wp-content\/uploads\/sites\/35\/2020\/03\/Lufsen-och-Sigge-300x225.jpg 300w, https:\/\/www.djurskyddet.se\/kattfotenhalmstad\/wp-content\/uploads\/sites\/35\/2020\/03\/Lufsen-och-Sigge-400x300.jpg 400w\" sizes=\"auto, (max-width: 408px) 100vw, 408px\" \/><\/figure><\/div>\n","protected":false},"excerpt":{"rendered":"<p>Sigge heter jag och \u00e4r adopterad 2017. Jag \u00e4r en riktig cirkuskatt! \u00c4r b\u00e5de smart och busig &#8211; jag kan \u00f6ppna d\u00f6rrar, kommandona sitt och high five samt hoppa genom ringar. Jag \u00e4lskar m\u00e4nniskor och andra katter. Ett \u00e5r senare adopterades Lufsen och flyttade in till mig, vi \u00e4r nu familjens \u00f6gonstenar. L\u00e4s mer om Lufsen h\u00e4r!<\/p>\n","protected":false},"author":36,"featured_media":0,"parent":8755,"menu_order":0,"comment_status":"closed","ping_status":"closed","template":"page-templates\/left-sidebar.php","meta":{"_acf_changed":false,"footnotes":""},"class_list":["post-8813","page","type-page","status-publish","hentry"],"acf":[],"_links":{"self":[{"href":"https:\/\/www.djurskyddet.se\/kattfotenhalmstad\/wp-json\/wp\/v2\/pages\/8813","targetHints":{"allow":["GET"]}}],"collection":[{"href":"https:\/\/www.djurskyddet.se\/kattfotenhalmstad\/wp-json\/wp\/v2\/pages"}],"about":[{"href":"https:\/\/www.djurskyddet.se\/kattfotenhalmstad\/wp-json\/wp\/v2\/types\/page"}],"author":[{"embeddable":true,"href":"https:\/\/www.djurskyddet.se\/kattfotenhalmstad\/wp-json\/wp\/v2\/users\/36"}],"replies":[{"embeddable":true,"href":"https:\/\/www.djurskyddet.se\/kattfotenhalmstad\/wp-json\/wp\/v2\/comments?post=8813"}],"version-history":[{"count":8,"href":"https:\/\/www.djurskyddet.se\/kattfotenhalmstad\/wp-json\/wp\/v2\/pages\/8813\/revisions"}],"predecessor-version":[{"id":13307,"href":"https:\/\/www.djurskyddet.se\/kattfotenhalmstad\/wp-json\/wp\/v2\/pages\/8813\/revisions\/13307"}],"up":[{"embeddable":true,"href":"https:\/\/www.djurskyddet.se\/kattfotenhalmstad\/wp-json\/wp\/v2\/pages\/8755"}],"wp:attachment":[{"href":"https:\/\/www.djurskyddet.se\/kattfotenhalmstad\/wp-json\/wp\/v2\/media?parent=8813"}],"curies":[{"name":"wp","href":"https:\/\/api.w.org\/{rel}","templated":true}]}}