{"id":8821,"date":"2020-03-29T19:34:24","date_gmt":"2020-03-29T19:34:24","guid":{"rendered":"https:\/\/www.djurskyddet.se\/kattfotenhalmstad\/?page_id=8821"},"modified":"2020-04-08T19:13:52","modified_gmt":"2020-04-08T19:13:52","slug":"lufsen","status":"publish","type":"page","link":"https:\/\/www.djurskyddet.se\/kattfotenhalmstad\/lyckligt-slut-2\/adopterade-katter-2018\/lufsen\/","title":{"rendered":"Lufsen"},"content":{"rendered":"\n<p>Namnet \u00e4r Lufsen och jag adopterades 2018, d\u00e5 flyttade jag in till mitt f\u00f6r alltid hem d\u00e4r Sigge bor. Idag \u00e4r vi b\u00e5da familjens \u00f6gonstenar! Jag \u00e4r en riktig mysfarbror och mina intressen \u00e4r \u00e4ta, sova, gosa och sola. Jag uppfostrar och tar hand om min lillebror Sigge och tv\u00e4ttar honom bakom \u00f6ronen varje dag.<br><br><a href=\"https:\/\/www.djurskyddet.se\/kattfotenhalmstad\/lyckligt-slut-2\/adopterade-katter-2017\/sigge\/\" target=\"_blank\" rel=\"noreferrer noopener\" aria-label=\"L\u00e4s mer om Sigge h\u00e4r! (\u00f6ppnas i en ny flik)\">L\u00e4s mer om Sigge h\u00e4r!<\/a><\/p>\n\n\n\n<figure class=\"wp-block-image\"><img loading=\"lazy\" decoding=\"async\" width=\"306\" height=\"408\" src=\"https:\/\/www.djurskyddet.se\/kattfotenhalmstad\/wp-content\/uploads\/sites\/35\/2020\/03\/Lufsen.jpg\" alt=\"\" class=\"wp-image-8822\" srcset=\"https:\/\/www.djurskyddet.se\/kattfotenhalmstad\/wp-content\/uploads\/sites\/35\/2020\/03\/Lufsen.jpg 306w, https:\/\/www.djurskyddet.se\/kattfotenhalmstad\/wp-content\/uploads\/sites\/35\/2020\/03\/Lufsen-225x300.jpg 225w\" sizes=\"auto, (max-width: 306px) 100vw, 306px\" \/><\/figure>\n\n\n\n<figure class=\"wp-block-image\"><img loading=\"lazy\" decoding=\"async\" width=\"408\" height=\"306\" src=\"https:\/\/www.djurskyddet.se\/kattfotenhalmstad\/wp-content\/uploads\/sites\/35\/2020\/03\/Lufsen-och-Sigge.jpg\" alt=\"\" class=\"wp-image-8814\" srcset=\"https:\/\/www.djurskyddet.se\/kattfotenhalmstad\/wp-content\/uploads\/sites\/35\/2020\/03\/Lufsen-och-Sigge.jpg 408w, https:\/\/www.djurskyddet.se\/kattfotenhalmstad\/wp-content\/uploads\/sites\/35\/2020\/03\/Lufsen-och-Sigge-300x225.jpg 300w, https:\/\/www.djurskyddet.se\/kattfotenhalmstad\/wp-content\/uploads\/sites\/35\/2020\/03\/Lufsen-och-Sigge-400x300.jpg 400w\" sizes=\"auto, (max-width: 408px) 100vw, 408px\" \/><\/figure>\n","protected":false},"excerpt":{"rendered":"<p>Namnet \u00e4r Lufsen och jag adopterades 2018, d\u00e5 flyttade jag in till mitt f\u00f6r alltid hem d\u00e4r Sigge bor. Idag \u00e4r vi b\u00e5da familjens \u00f6gonstenar! Jag \u00e4r en riktig mysfarbror och mina intressen \u00e4r \u00e4ta, sova, gosa och sola. Jag uppfostrar och tar hand om min lillebror Sigge och tv\u00e4ttar honom bakom \u00f6ronen varje dag. L\u00e4s mer om Sigge h\u00e4r!<\/p>\n","protected":false},"author":36,"featured_media":0,"parent":8735,"menu_order":0,"comment_status":"closed","ping_status":"closed","template":"page-templates\/left-sidebar.php","meta":{"_acf_changed":false,"footnotes":""},"class_list":["post-8821","page","type-page","status-publish","hentry"],"acf":[],"_links":{"self":[{"href":"https:\/\/www.djurskyddet.se\/kattfotenhalmstad\/wp-json\/wp\/v2\/pages\/8821","targetHints":{"allow":["GET"]}}],"collection":[{"href":"https:\/\/www.djurskyddet.se\/kattfotenhalmstad\/wp-json\/wp\/v2\/pages"}],"about":[{"href":"https:\/\/www.djurskyddet.se\/kattfotenhalmstad\/wp-json\/wp\/v2\/types\/page"}],"author":[{"embeddable":true,"href":"https:\/\/www.djurskyddet.se\/kattfotenhalmstad\/wp-json\/wp\/v2\/users\/36"}],"replies":[{"embeddable":true,"href":"https:\/\/www.djurskyddet.se\/kattfotenhalmstad\/wp-json\/wp\/v2\/comments?post=8821"}],"version-history":[{"count":2,"href":"https:\/\/www.djurskyddet.se\/kattfotenhalmstad\/wp-json\/wp\/v2\/pages\/8821\/revisions"}],"predecessor-version":[{"id":9124,"href":"https:\/\/www.djurskyddet.se\/kattfotenhalmstad\/wp-json\/wp\/v2\/pages\/8821\/revisions\/9124"}],"up":[{"embeddable":true,"href":"https:\/\/www.djurskyddet.se\/kattfotenhalmstad\/wp-json\/wp\/v2\/pages\/8735"}],"wp:attachment":[{"href":"https:\/\/www.djurskyddet.se\/kattfotenhalmstad\/wp-json\/wp\/v2\/media?parent=8821"}],"curies":[{"name":"wp","href":"https:\/\/api.w.org\/{rel}","templated":true}]}}