{"id":8829,"date":"2020-03-29T19:52:13","date_gmt":"2020-03-29T19:52:13","guid":{"rendered":"https:\/\/www.djurskyddet.se\/kattfotenhalmstad\/?page_id=8829"},"modified":"2020-04-08T19:17:06","modified_gmt":"2020-04-08T19:17:06","slug":"zelda-och-snuggles","status":"publish","type":"page","link":"https:\/\/www.djurskyddet.se\/kattfotenhalmstad\/lyckligt-slut-2\/adopterade-katter-2017\/zelda-och-snuggles\/","title":{"rendered":"Zelda och Snuggles"},"content":{"rendered":"\n<p>H\u00e4r \u00e4r vi &#8211; Snuggles och Zelda! Ett syskonpar som adopterades 2017, vi hette tidigare Luz och Socker men gillar v\u00e5ra nya namn b\u00e4ttre. Jag (Snuggles) \u00e4r lekfull, pigg och busig. Zelda \u00e4r en matglad och pratglad primadonna! Vi trivs oerh\u00f6rt bra tillsammans, delar b\u00e5de matsk\u00e5l och soffa. S\u00e5 fint att vi fick flytta till v\u00e5rt f\u00f6r alltid hem.<\/p>\n\n\n\n<figure class=\"wp-block-image\"><img loading=\"lazy\" decoding=\"async\" width=\"480\" height=\"640\" src=\"https:\/\/www.djurskyddet.se\/kattfotenhalmstad\/wp-content\/uploads\/sites\/35\/2020\/03\/Snuggles-och-Zelda.jpg\" alt=\"\" class=\"wp-image-8830\" srcset=\"https:\/\/www.djurskyddet.se\/kattfotenhalmstad\/wp-content\/uploads\/sites\/35\/2020\/03\/Snuggles-och-Zelda.jpg 480w, https:\/\/www.djurskyddet.se\/kattfotenhalmstad\/wp-content\/uploads\/sites\/35\/2020\/03\/Snuggles-och-Zelda-225x300.jpg 225w, https:\/\/www.djurskyddet.se\/kattfotenhalmstad\/wp-content\/uploads\/sites\/35\/2020\/03\/Snuggles-och-Zelda-400x533.jpg 400w\" sizes=\"auto, (max-width: 480px) 100vw, 480px\" \/><\/figure>\n\n\n\n<figure class=\"wp-block-image\"><img loading=\"lazy\" decoding=\"async\" width=\"480\" height=\"852\" src=\"https:\/\/www.djurskyddet.se\/kattfotenhalmstad\/wp-content\/uploads\/sites\/35\/2020\/03\/Zelda-och-Snuggles.jpg\" alt=\"\" class=\"wp-image-8831\" srcset=\"https:\/\/www.djurskyddet.se\/kattfotenhalmstad\/wp-content\/uploads\/sites\/35\/2020\/03\/Zelda-och-Snuggles.jpg 480w, https:\/\/www.djurskyddet.se\/kattfotenhalmstad\/wp-content\/uploads\/sites\/35\/2020\/03\/Zelda-och-Snuggles-169x300.jpg 169w, https:\/\/www.djurskyddet.se\/kattfotenhalmstad\/wp-content\/uploads\/sites\/35\/2020\/03\/Zelda-och-Snuggles-400x710.jpg 400w\" sizes=\"auto, (max-width: 480px) 100vw, 480px\" \/><\/figure>\n","protected":false},"excerpt":{"rendered":"<p>H\u00e4r \u00e4r vi &#8211; Snuggles och Zelda! Ett syskonpar som adopterades 2017, vi hette tidigare Luz och Socker men gillar v\u00e5ra nya namn b\u00e4ttre. Jag (Snuggles) \u00e4r lekfull, pigg och busig. Zelda \u00e4r en matglad och pratglad primadonna! Vi trivs oerh\u00f6rt bra tillsammans, delar b\u00e5de matsk\u00e5l och soffa. S\u00e5 fint att vi fick flytta till v\u00e5rt f\u00f6r alltid hem.<\/p>\n","protected":false},"author":36,"featured_media":0,"parent":8755,"menu_order":0,"comment_status":"closed","ping_status":"closed","template":"page-templates\/left-sidebar.php","meta":{"_acf_changed":false,"footnotes":""},"class_list":["post-8829","page","type-page","status-publish","hentry"],"acf":[],"_links":{"self":[{"href":"https:\/\/www.djurskyddet.se\/kattfotenhalmstad\/wp-json\/wp\/v2\/pages\/8829","targetHints":{"allow":["GET"]}}],"collection":[{"href":"https:\/\/www.djurskyddet.se\/kattfotenhalmstad\/wp-json\/wp\/v2\/pages"}],"about":[{"href":"https:\/\/www.djurskyddet.se\/kattfotenhalmstad\/wp-json\/wp\/v2\/types\/page"}],"author":[{"embeddable":true,"href":"https:\/\/www.djurskyddet.se\/kattfotenhalmstad\/wp-json\/wp\/v2\/users\/36"}],"replies":[{"embeddable":true,"href":"https:\/\/www.djurskyddet.se\/kattfotenhalmstad\/wp-json\/wp\/v2\/comments?post=8829"}],"version-history":[{"count":2,"href":"https:\/\/www.djurskyddet.se\/kattfotenhalmstad\/wp-json\/wp\/v2\/pages\/8829\/revisions"}],"predecessor-version":[{"id":9127,"href":"https:\/\/www.djurskyddet.se\/kattfotenhalmstad\/wp-json\/wp\/v2\/pages\/8829\/revisions\/9127"}],"up":[{"embeddable":true,"href":"https:\/\/www.djurskyddet.se\/kattfotenhalmstad\/wp-json\/wp\/v2\/pages\/8755"}],"wp:attachment":[{"href":"https:\/\/www.djurskyddet.se\/kattfotenhalmstad\/wp-json\/wp\/v2\/media?parent=8829"}],"curies":[{"name":"wp","href":"https:\/\/api.w.org\/{rel}","templated":true}]}}