{"id":8858,"date":"2020-04-03T17:26:21","date_gmt":"2020-04-03T17:26:21","guid":{"rendered":"https:\/\/www.djurskyddet.se\/kattfotenhalmstad\/?page_id=8858"},"modified":"2023-02-06T17:24:38","modified_gmt":"2023-02-06T17:24:38","slug":"intresseanmalan","status":"publish","type":"page","link":"https:\/\/www.djurskyddet.se\/kattfotenhalmstad\/intresseanmalan\/","title":{"rendered":"Intresseanm\u00e4lan"},"content":{"rendered":"\n<p>Intresserad av att adoptera katt fr\u00e5n katthemmet? V\u00e4nligen fyll i v\u00e5r intresseanm\u00e4lan. Vi ber Er att skriva hela adressen, dvs. gatuadress <em><strong>och<\/strong><\/em><strong> ort<\/strong>. N\u00e4r vi bokar tid f\u00f6r visning vill vi att Ert beslut om att adoptera \u00e4r v\u00e4l genomt\u00e4nkt, \u00e4r ni flera i familjen diskutera beslutet tillsammans och t\u00e4nk igenom det noggrant. <\/p>\n\n\n\n<p>Just nu har vi h\u00f6gt tryck p\u00e5 b\u00e5de larm och visningar s\u00e5 det kan dr\u00f6ja ett tag innan vi har m\u00f6jlighet att svara. Vi ringer d\u00e5 Er via det telefonnummer som Ni angett i formul\u00e4ret. Svarar Ni inte just d\u00e5 pratar vi alltid in ett meddelande. Vi ber Er v\u00e4nligen ha f\u00f6rst\u00e5else och t\u00e5lamod. <strong>Ni kommer \u00e4ven f\u00e5 ett bekr\u00e4ftelsemejl p\u00e5 anm\u00e4lan, hittar Ni inte den i inkorgen s\u00e5 kan den hamnat i skr\u00e4pposten. <\/strong><\/p>\n\n\n\n<p><\/p>\n\n\n\n<p><\/p>\n\n\n\n<div class=\"wpcf7 no-js\" id=\"wpcf7-f5502-o1\" lang=\"sv-SE\" dir=\"ltr\" data-wpcf7-id=\"5502\">\n<div class=\"screen-reader-response\"><p role=\"status\" aria-live=\"polite\" aria-atomic=\"true\"><\/p> <ul><\/ul><\/div>\n<form action=\"\/kattfotenhalmstad\/wp-json\/wp\/v2\/pages\/8858#wpcf7-f5502-o1\" method=\"post\" class=\"wpcf7-form init\" aria-label=\"Kontaktformul\u00e4r\" novalidate=\"novalidate\" data-status=\"init\">\n<fieldset class=\"hidden-fields-container\"><input type=\"hidden\" name=\"_wpcf7\" value=\"5502\" \/><input type=\"hidden\" name=\"_wpcf7_version\" value=\"6.1\" \/><input type=\"hidden\" name=\"_wpcf7_locale\" value=\"sv_SE\" \/><input type=\"hidden\" name=\"_wpcf7_unit_tag\" value=\"wpcf7-f5502-o1\" \/><input type=\"hidden\" name=\"_wpcf7_container_post\" value=\"0\" \/><input type=\"hidden\" name=\"_wpcf7_posted_data_hash\" value=\"\" \/><input type=\"hidden\" name=\"_wpcf7_recaptcha_response\" value=\"\" \/>\n<\/fieldset>\n<div class=\"uacf7-form-wrapper-container uacf7-form-5502  \"><label>Ange ditt f\u00f6r- och efternamn. *\n    <span class=\"wpcf7-form-control-wrap\" data-name=\"namn\"><input size=\"40\" maxlength=\"400\" class=\"wpcf7-form-control wpcf7-text wpcf7-validates-as-required\" aria-required=\"true\" aria-invalid=\"false\" value=\"\" type=\"text\" name=\"namn\" \/><\/span><\/label><p>\n\n<label>Ange ditt personnummer. *\n<span class=\"wpcf7-form-control-wrap\" data-name=\"personnummer\"><input class=\"wpcf7-form-control wpcf7-number wpcf7-validates-as-required wpcf7-validates-as-number\" aria-required=\"true\" aria-invalid=\"false\" placeholder=\"\u00e5\u00e5\u00e5\u00e5mmddxxxx\" value=\"\" type=\"number\" name=\"personnummer\" \/><\/span><\/label><p>\n\n<label>Vilken adress bor du p\u00e5? (Gatuadress OCH ort) *\n    <span class=\"wpcf7-form-control-wrap\" data-name=\"ort\"><input size=\"40\" maxlength=\"400\" class=\"wpcf7-form-control wpcf7-text wpcf7-validates-as-required\" aria-required=\"true\" aria-invalid=\"false\" value=\"\" type=\"text\" name=\"ort\" \/><\/span><\/label><p>\n\n<label>Bor du i hus eller l\u00e4genhet? *\n    <span class=\"wpcf7-form-control-wrap\" data-name=\"boende\"><input size=\"40\" maxlength=\"400\" class=\"wpcf7-form-control wpcf7-text wpcf7-validates-as-required\" aria-required=\"true\" aria-invalid=\"false\" value=\"\" type=\"text\" name=\"boende\" \/><\/span><\/label><p>\n\n<label>Finns det barn i hemmet? Ange antal och \u00e5lder p\u00e5 barnen. *\n<span class=\"wpcf7-form-control-wrap\" data-name=\"familj\"><input size=\"40\" maxlength=\"400\" class=\"wpcf7-form-control wpcf7-text wpcf7-validates-as-required\" aria-required=\"true\" aria-invalid=\"false\" value=\"\" type=\"text\" name=\"familj\" \/><\/span><\/label><p>\n\n<label>Finns det andra husdjur i hemmet? Om ja, vilket? *\n<span class=\"wpcf7-form-control-wrap\" data-name=\"husdjur\"><select class=\"wpcf7-form-control wpcf7-select wpcf7-validates-as-required\" aria-required=\"true\" aria-invalid=\"false\" name=\"husdjur\"><option value=\"Inget\">Inget<\/option><option value=\"Katt\">Katt<\/option><option value=\"Hund\">Hund<\/option><option value=\"Flera olika\">Flera olika<\/option><option value=\"Annat\">Annat<\/option><\/select><\/span><\/label><p>\n\n<label>S\u00f6ker du innekatt eller utekatt? *\n<span class=\"wpcf7-form-control-wrap\" data-name=\"innekatt-utekatt\"><select class=\"wpcf7-form-control wpcf7-select wpcf7-validates-as-required\" aria-required=\"true\" aria-invalid=\"false\" name=\"innekatt-utekatt\"><option value=\"Innekatt\">Innekatt<\/option><option value=\"Utekatt\">Utekatt<\/option><option value=\"Vilket som\">Vilket som<\/option><\/select><\/span><\/label><p>\n\n<label>Beskriv vilken typ av katt du s\u00f6ker. *\n   <span class=\"wpcf7-form-control-wrap\" data-name=\"typ-katt\"><input size=\"40\" maxlength=\"400\" class=\"wpcf7-form-control wpcf7-text wpcf7-validates-as-required\" aria-required=\"true\" aria-invalid=\"false\" value=\"\" type=\"text\" name=\"typ-katt\" \/><\/span><\/label><p>\n\n<label>Har du hittat en specifik katt bland v\u00e5ra katter som du \u00e4r intresserad av? Vilken katt i s\u00e5 fall? *\n   <span class=\"wpcf7-form-control-wrap\" data-name=\"katt-namn\"><input size=\"40\" maxlength=\"400\" class=\"wpcf7-form-control wpcf7-text wpcf7-validates-as-required\" aria-required=\"true\" aria-invalid=\"false\" value=\"\" type=\"text\" name=\"katt-namn\" \/><\/span><\/label><p>\n\n<label>Ange din e-postadress. *\n    <span class=\"wpcf7-form-control-wrap\" data-name=\"epostadress\"><input size=\"40\" maxlength=\"400\" class=\"wpcf7-form-control wpcf7-email wpcf7-validates-as-required wpcf7-text wpcf7-validates-as-email\" aria-required=\"true\" aria-invalid=\"false\" value=\"\" type=\"email\" name=\"epostadress\" \/><\/span><\/label><p>\n\n<label>Ange ditt telefonnummer. *\n    <span class=\"wpcf7-form-control-wrap\" data-name=\"telefonnummer\"><input class=\"wpcf7-form-control wpcf7-number wpcf7-validates-as-required wpcf7-validates-as-number\" aria-required=\"true\" aria-invalid=\"false\" value=\"\" type=\"number\" name=\"telefonnummer\" \/><\/span><\/label><p>\n\n<label>Eventuellt \u00f6vrigt meddelande.\n    <span class=\"wpcf7-form-control-wrap\" data-name=\"meddelande\"><input size=\"40\" maxlength=\"400\" class=\"wpcf7-form-control wpcf7-text\" aria-invalid=\"false\" value=\"\" type=\"text\" name=\"meddelande\" \/><\/span><\/label><p>\n\n*Obligatoriska f\u00e4lt.\n\n<input class=\"wpcf7-form-control wpcf7-submit has-spinner\" type=\"submit\" value=\"Skicka\" \/><\/div><div class=\"wpcf7-response-output\" aria-hidden=\"true\"><\/div>\n<\/form>\n<\/div>\n\n","protected":false},"excerpt":{"rendered":"<p>Intresserad av att adoptera katt fr\u00e5n katthemmet? V\u00e4nligen fyll i v\u00e5r intresseanm\u00e4lan. Vi ber Er att skriva hela adressen, dvs. gatuadress och ort. N\u00e4r vi bokar tid f\u00f6r visning vill vi att Ert beslut om att adoptera \u00e4r v\u00e4l genomt\u00e4nkt, \u00e4r ni flera i familjen diskutera beslutet tillsammans och t\u00e4nk igenom det noggrant. Just nu har vi h\u00f6gt tryck p\u00e5 b\u00e5de larm och visningar s\u00e5 det kan dr\u00f6ja ett tag&hellip;<\/p>\n<p><a class=\"more-link\" href=\"https:\/\/www.djurskyddet.se\/kattfotenhalmstad\/intresseanmalan\/\" title=\"Continue reading &lsquo;Intresseanm\u00e4lan&rsquo;\">L&auml;s mer<span class=\"meta-nav\">&raquo;<\/span><\/a><\/p>\n","protected":false},"author":36,"featured_media":0,"parent":0,"menu_order":0,"comment_status":"closed","ping_status":"closed","template":"page-templates\/left-sidebar.php","meta":{"_acf_changed":false,"footnotes":""},"class_list":["post-8858","page","type-page","status-publish","hentry"],"acf":[],"_links":{"self":[{"href":"https:\/\/www.djurskyddet.se\/kattfotenhalmstad\/wp-json\/wp\/v2\/pages\/8858","targetHints":{"allow":["GET"]}}],"collection":[{"href":"https:\/\/www.djurskyddet.se\/kattfotenhalmstad\/wp-json\/wp\/v2\/pages"}],"about":[{"href":"https:\/\/www.djurskyddet.se\/kattfotenhalmstad\/wp-json\/wp\/v2\/types\/page"}],"author":[{"embeddable":true,"href":"https:\/\/www.djurskyddet.se\/kattfotenhalmstad\/wp-json\/wp\/v2\/users\/36"}],"replies":[{"embeddable":true,"href":"https:\/\/www.djurskyddet.se\/kattfotenhalmstad\/wp-json\/wp\/v2\/comments?post=8858"}],"version-history":[{"count":13,"href":"https:\/\/www.djurskyddet.se\/kattfotenhalmstad\/wp-json\/wp\/v2\/pages\/8858\/revisions"}],"predecessor-version":[{"id":14010,"href":"https:\/\/www.djurskyddet.se\/kattfotenhalmstad\/wp-json\/wp\/v2\/pages\/8858\/revisions\/14010"}],"wp:attachment":[{"href":"https:\/\/www.djurskyddet.se\/kattfotenhalmstad\/wp-json\/wp\/v2\/media?parent=8858"}],"curies":[{"name":"wp","href":"https:\/\/api.w.org\/{rel}","templated":true}]}}