{"id":9036,"date":"2020-04-07T12:36:07","date_gmt":"2020-04-07T12:36:07","guid":{"rendered":"https:\/\/www.djurskyddet.se\/kattfotenhalmstad\/?page_id=9036"},"modified":"2020-04-12T19:06:37","modified_gmt":"2020-04-12T19:06:37","slug":"zigne","status":"publish","type":"page","link":"https:\/\/www.djurskyddet.se\/kattfotenhalmstad\/adopterade-katter-2019\/zigne\/","title":{"rendered":"Zigne"},"content":{"rendered":"\n<p> H\u00e4r \u00e4r jag, \u00d6gonsten, fast matte kallar mig Zigne. Jag adopterades 2019 och d\u00e5 var jag en v\u00e4ldigt r\u00e4dd och f\u00f6rsiktig katt som knappt v\u00e5gade g\u00e5 ut eller bli klappad. Idag \u00e4r jag mycket mer social. Jag hittar p\u00e5 bus tillsammans med kompisen Zlatan, \u00e4lskar att bli ompysslad och jaga m\u00f6ss. En mycket lycklig katt!<\/p>\n\n\n\n<ul class=\"wp-block-gallery columns-2 is-cropped wp-block-gallery-1 is-layout-flex wp-block-gallery-is-layout-flex\"><li class=\"blocks-gallery-item\"><figure><img loading=\"lazy\" decoding=\"async\" width=\"373\" height=\"280\" src=\"https:\/\/www.djurskyddet.se\/kattfotenhalmstad\/wp-content\/uploads\/sites\/35\/2020\/04\/Zigne-1.jpg\" alt=\"\" data-id=\"9037\" data-link=\"https:\/\/www.djurskyddet.se\/kattfotenhalmstad\/?attachment_id=9037\" class=\"wp-image-9037\" srcset=\"https:\/\/www.djurskyddet.se\/kattfotenhalmstad\/wp-content\/uploads\/sites\/35\/2020\/04\/Zigne-1.jpg 373w, https:\/\/www.djurskyddet.se\/kattfotenhalmstad\/wp-content\/uploads\/sites\/35\/2020\/04\/Zigne-1-300x225.jpg 300w\" sizes=\"auto, (max-width: 373px) 100vw, 373px\" \/><\/figure><\/li><li class=\"blocks-gallery-item\"><figure><img loading=\"lazy\" decoding=\"async\" width=\"373\" height=\"280\" src=\"https:\/\/www.djurskyddet.se\/kattfotenhalmstad\/wp-content\/uploads\/sites\/35\/2020\/04\/Zigne-2.jpg\" alt=\"\" data-id=\"9038\" data-link=\"https:\/\/www.djurskyddet.se\/kattfotenhalmstad\/?attachment_id=9038\" class=\"wp-image-9038\" srcset=\"https:\/\/www.djurskyddet.se\/kattfotenhalmstad\/wp-content\/uploads\/sites\/35\/2020\/04\/Zigne-2.jpg 373w, https:\/\/www.djurskyddet.se\/kattfotenhalmstad\/wp-content\/uploads\/sites\/35\/2020\/04\/Zigne-2-300x225.jpg 300w\" sizes=\"auto, (max-width: 373px) 100vw, 373px\" \/><\/figure><\/li><\/ul>\n\n\n\n<div class=\"wp-block-image\"><figure class=\"aligncenter\"><img loading=\"lazy\" decoding=\"async\" width=\"280\" height=\"373\" src=\"https:\/\/www.djurskyddet.se\/kattfotenhalmstad\/wp-content\/uploads\/sites\/35\/2020\/04\/Zigne-3-1.jpg\" alt=\"\" class=\"wp-image-9274\" srcset=\"https:\/\/www.djurskyddet.se\/kattfotenhalmstad\/wp-content\/uploads\/sites\/35\/2020\/04\/Zigne-3-1.jpg 280w, https:\/\/www.djurskyddet.se\/kattfotenhalmstad\/wp-content\/uploads\/sites\/35\/2020\/04\/Zigne-3-1-225x300.jpg 225w\" sizes=\"auto, (max-width: 280px) 100vw, 280px\" \/><\/figure><\/div>\n","protected":false},"excerpt":{"rendered":"<p>H\u00e4r \u00e4r jag, \u00d6gonsten, fast matte kallar mig Zigne. Jag adopterades 2019 och d\u00e5 var jag en v\u00e4ldigt r\u00e4dd och f\u00f6rsiktig katt som knappt v\u00e5gade g\u00e5 ut eller bli klappad. Idag \u00e4r jag mycket mer social. Jag hittar p\u00e5 bus tillsammans med kompisen Zlatan, \u00e4lskar att bli ompysslad och jaga m\u00f6ss. En mycket lycklig katt!<\/p>\n","protected":false},"author":36,"featured_media":0,"parent":8687,"menu_order":0,"comment_status":"closed","ping_status":"closed","template":"page-templates\/left-sidebar.php","meta":{"_acf_changed":false,"footnotes":""},"class_list":["post-9036","page","type-page","status-publish","hentry"],"acf":[],"_links":{"self":[{"href":"https:\/\/www.djurskyddet.se\/kattfotenhalmstad\/wp-json\/wp\/v2\/pages\/9036","targetHints":{"allow":["GET"]}}],"collection":[{"href":"https:\/\/www.djurskyddet.se\/kattfotenhalmstad\/wp-json\/wp\/v2\/pages"}],"about":[{"href":"https:\/\/www.djurskyddet.se\/kattfotenhalmstad\/wp-json\/wp\/v2\/types\/page"}],"author":[{"embeddable":true,"href":"https:\/\/www.djurskyddet.se\/kattfotenhalmstad\/wp-json\/wp\/v2\/users\/36"}],"replies":[{"embeddable":true,"href":"https:\/\/www.djurskyddet.se\/kattfotenhalmstad\/wp-json\/wp\/v2\/comments?post=9036"}],"version-history":[{"count":2,"href":"https:\/\/www.djurskyddet.se\/kattfotenhalmstad\/wp-json\/wp\/v2\/pages\/9036\/revisions"}],"predecessor-version":[{"id":9275,"href":"https:\/\/www.djurskyddet.se\/kattfotenhalmstad\/wp-json\/wp\/v2\/pages\/9036\/revisions\/9275"}],"up":[{"embeddable":true,"href":"https:\/\/www.djurskyddet.se\/kattfotenhalmstad\/wp-json\/wp\/v2\/pages\/8687"}],"wp:attachment":[{"href":"https:\/\/www.djurskyddet.se\/kattfotenhalmstad\/wp-json\/wp\/v2\/media?parent=9036"}],"curies":[{"name":"wp","href":"https:\/\/api.w.org\/{rel}","templated":true}]}}