{"id":9053,"date":"2020-04-08T16:51:29","date_gmt":"2020-04-08T16:51:29","guid":{"rendered":"https:\/\/www.djurskyddet.se\/kattfotenhalmstad\/?page_id=9053"},"modified":"2020-04-12T19:11:53","modified_gmt":"2020-04-12T19:11:53","slug":"gordis","status":"publish","type":"page","link":"https:\/\/www.djurskyddet.se\/kattfotenhalmstad\/lyckligt-slut-2\/adopterade-katter-2015\/gordis\/","title":{"rendered":"G\u00f6rdis"},"content":{"rendered":"\n<p>P\u00e5 katthemmet hette jag Klara, men \u00e5r 2015 n\u00e4r jag adopterades fick jag nya namnet G\u00f6rdis. Matte och husse s\u00e4ger att jag \u00e4r s\u00e5 vacker, elegant och \u00e4lskad! En f\u00f6rsiktig men k\u00e4rleksfull dam som g\u00e4rna tar det lugnt. \u00c4r jag utomhus s\u00e5 r\u00e4cker det med ett par timmar och jag gillar inte att bli smutsig. Allra helst \u00e4r jag inomhus och myser. Pratglad \u00e4r jag med och k\u00e4rleksfull till de jag k\u00e4nner v\u00e4l. N\u00e5got som \u00e4r v\u00e4ldigt speciellt med mig \u00e4r att jag \u00e4r s\u00e5 elegant, sitter alltid som en drottning. You can call me Queen G\u00f6rdis!<\/p>\n\n\n\n<ul class=\"wp-block-gallery columns-2 is-cropped wp-block-gallery-1 is-layout-flex wp-block-gallery-is-layout-flex\"><li class=\"blocks-gallery-item\"><figure><img loading=\"lazy\" decoding=\"async\" width=\"280\" height=\"373\" src=\"https:\/\/www.djurskyddet.se\/kattfotenhalmstad\/wp-content\/uploads\/sites\/35\/2020\/04\/G\u00f6rdis-1.jpg\" alt=\"\" data-id=\"9054\" data-link=\"https:\/\/www.djurskyddet.se\/kattfotenhalmstad\/?attachment_id=9054\" class=\"wp-image-9054\" srcset=\"https:\/\/www.djurskyddet.se\/kattfotenhalmstad\/wp-content\/uploads\/sites\/35\/2020\/04\/G\u00f6rdis-1.jpg 280w, https:\/\/www.djurskyddet.se\/kattfotenhalmstad\/wp-content\/uploads\/sites\/35\/2020\/04\/G\u00f6rdis-1-225x300.jpg 225w\" sizes=\"auto, (max-width: 280px) 100vw, 280px\" \/><\/figure><\/li><li class=\"blocks-gallery-item\"><figure><img loading=\"lazy\" decoding=\"async\" width=\"280\" height=\"372\" src=\"https:\/\/www.djurskyddet.se\/kattfotenhalmstad\/wp-content\/uploads\/sites\/35\/2020\/04\/G\u00f6rdis-3.jpg\" alt=\"\" data-id=\"9056\" data-link=\"https:\/\/www.djurskyddet.se\/kattfotenhalmstad\/?attachment_id=9056\" class=\"wp-image-9056\" srcset=\"https:\/\/www.djurskyddet.se\/kattfotenhalmstad\/wp-content\/uploads\/sites\/35\/2020\/04\/G\u00f6rdis-3.jpg 280w, https:\/\/www.djurskyddet.se\/kattfotenhalmstad\/wp-content\/uploads\/sites\/35\/2020\/04\/G\u00f6rdis-3-226x300.jpg 226w\" sizes=\"auto, (max-width: 280px) 100vw, 280px\" \/><\/figure><\/li><\/ul>\n\n\n\n<div class=\"wp-block-image\"><figure class=\"aligncenter\"><img loading=\"lazy\" decoding=\"async\" width=\"280\" height=\"373\" src=\"https:\/\/www.djurskyddet.se\/kattfotenhalmstad\/wp-content\/uploads\/sites\/35\/2020\/04\/G\u00f6rdis-2-1.jpg\" alt=\"\" class=\"wp-image-9279\" srcset=\"https:\/\/www.djurskyddet.se\/kattfotenhalmstad\/wp-content\/uploads\/sites\/35\/2020\/04\/G\u00f6rdis-2-1.jpg 280w, https:\/\/www.djurskyddet.se\/kattfotenhalmstad\/wp-content\/uploads\/sites\/35\/2020\/04\/G\u00f6rdis-2-1-225x300.jpg 225w\" sizes=\"auto, (max-width: 280px) 100vw, 280px\" \/><\/figure><\/div>\n","protected":false},"excerpt":{"rendered":"<p>P\u00e5 katthemmet hette jag Klara, men \u00e5r 2015 n\u00e4r jag adopterades fick jag nya namnet G\u00f6rdis. Matte och husse s\u00e4ger att jag \u00e4r s\u00e5 vacker, elegant och \u00e4lskad! En f\u00f6rsiktig men k\u00e4rleksfull dam som g\u00e4rna tar det lugnt. \u00c4r jag utomhus s\u00e5 r\u00e4cker det med ett par timmar och jag gillar inte att bli smutsig. Allra helst \u00e4r jag inomhus och myser. Pratglad \u00e4r jag med och k\u00e4rleksfull till de&hellip;<\/p>\n<p><a class=\"more-link\" href=\"https:\/\/www.djurskyddet.se\/kattfotenhalmstad\/lyckligt-slut-2\/adopterade-katter-2015\/gordis\/\" title=\"Continue reading &lsquo;G\u00f6rdis&rsquo;\">L&auml;s mer<span class=\"meta-nav\">&raquo;<\/span><\/a><\/p>\n","protected":false},"author":36,"featured_media":0,"parent":8757,"menu_order":0,"comment_status":"closed","ping_status":"closed","template":"page-templates\/left-sidebar.php","meta":{"_acf_changed":false,"footnotes":""},"class_list":["post-9053","page","type-page","status-publish","hentry"],"acf":[],"_links":{"self":[{"href":"https:\/\/www.djurskyddet.se\/kattfotenhalmstad\/wp-json\/wp\/v2\/pages\/9053","targetHints":{"allow":["GET"]}}],"collection":[{"href":"https:\/\/www.djurskyddet.se\/kattfotenhalmstad\/wp-json\/wp\/v2\/pages"}],"about":[{"href":"https:\/\/www.djurskyddet.se\/kattfotenhalmstad\/wp-json\/wp\/v2\/types\/page"}],"author":[{"embeddable":true,"href":"https:\/\/www.djurskyddet.se\/kattfotenhalmstad\/wp-json\/wp\/v2\/users\/36"}],"replies":[{"embeddable":true,"href":"https:\/\/www.djurskyddet.se\/kattfotenhalmstad\/wp-json\/wp\/v2\/comments?post=9053"}],"version-history":[{"count":2,"href":"https:\/\/www.djurskyddet.se\/kattfotenhalmstad\/wp-json\/wp\/v2\/pages\/9053\/revisions"}],"predecessor-version":[{"id":9280,"href":"https:\/\/www.djurskyddet.se\/kattfotenhalmstad\/wp-json\/wp\/v2\/pages\/9053\/revisions\/9280"}],"up":[{"embeddable":true,"href":"https:\/\/www.djurskyddet.se\/kattfotenhalmstad\/wp-json\/wp\/v2\/pages\/8757"}],"wp:attachment":[{"href":"https:\/\/www.djurskyddet.se\/kattfotenhalmstad\/wp-json\/wp\/v2\/media?parent=9053"}],"curies":[{"name":"wp","href":"https:\/\/api.w.org\/{rel}","templated":true}]}}