{"id":9073,"date":"2020-04-08T17:47:46","date_gmt":"2020-04-08T17:47:46","guid":{"rendered":"https:\/\/www.djurskyddet.se\/kattfotenhalmstad\/?page_id=9073"},"modified":"2020-04-08T18:18:44","modified_gmt":"2020-04-08T18:18:44","slug":"busan","status":"publish","type":"page","link":"https:\/\/www.djurskyddet.se\/kattfotenhalmstad\/lyckligt-slut-2\/adopterade-katter-2005\/busan\/","title":{"rendered":"Busan och M\u00e5ns"},"content":{"rendered":"\n<p>Jag heter Busan och adopterades 2005. Lever upp till mitt namn d\u00e5 jag \u00e4r busig och \u00e4lskar min bl\u00f6tmat. Man kan inte tro att jag fyller 15 \u00e5r d\u00e5 jag \u00e4r lika pigg som en kattunge! <br><br>P\u00e5 bilden nedan kan ni se mig gosa med min kompis M\u00e5ns. Han adopterades n\u00e5got \u00e5r senare men \u00e5kte tyv\u00e4rr till katthimlen nu i oktober. M\u00e5ns blev hela 17 \u00e5r gammal och hans personlighet var enorm. Han var som en hund ungef\u00e4r. Kom alltid n\u00e4r matte ropade, \u00e4lskade sin mat och kunde inte sova om matte inte skedade med honom. Med matte hade han en otrolig kontakt och var hennes allt. F\u00f6rutom mig s\u00e5 var M\u00e5ns b\u00e4sta v\u00e4n med hundarna i hemmet. Siri hette hans sista hundv\u00e4n innan han somnade in. En mer speciell katt \u00e4r sv\u00e5r att hitta, alla sa det n\u00e4r de tr\u00e4ffade honom. Matte \u00e4r s\u00e5 tacksam att hon fick chansen att adoptera mig och M\u00e5ns. <br><br>Vila i frid, M\u00e5ns!<br><br> <\/p>\n\n\n\n<ul class=\"wp-block-gallery columns-2 is-cropped wp-block-gallery-1 is-layout-flex wp-block-gallery-is-layout-flex\"><li class=\"blocks-gallery-item\"><figure><img loading=\"lazy\" decoding=\"async\" width=\"342\" height=\"456\" src=\"https:\/\/www.djurskyddet.se\/kattfotenhalmstad\/wp-content\/uploads\/sites\/35\/2020\/04\/Busan-1.jpg\" alt=\"\" data-id=\"9074\" data-link=\"https:\/\/www.djurskyddet.se\/kattfotenhalmstad\/lyckligt-slut-2\/adopterade-katter-2005\/busan\/attachment\/busan-1\/\" class=\"wp-image-9074\" srcset=\"https:\/\/www.djurskyddet.se\/kattfotenhalmstad\/wp-content\/uploads\/sites\/35\/2020\/04\/Busan-1.jpg 342w, https:\/\/www.djurskyddet.se\/kattfotenhalmstad\/wp-content\/uploads\/sites\/35\/2020\/04\/Busan-1-225x300.jpg 225w\" sizes=\"auto, (max-width: 342px) 100vw, 342px\" \/><figcaption>Busan<\/figcaption><\/figure><\/li><li class=\"blocks-gallery-item\"><figure><img loading=\"lazy\" decoding=\"async\" width=\"270\" height=\"360\" src=\"https:\/\/www.djurskyddet.se\/kattfotenhalmstad\/wp-content\/uploads\/sites\/35\/2020\/04\/M\u00e5ns-och-Busan-1.jpg\" alt=\"\" data-id=\"9087\" data-link=\"https:\/\/www.djurskyddet.se\/kattfotenhalmstad\/lyckligt-slut-2\/adopterade-katter-2005\/busan\/attachment\/mans-och-busan-1\/\" class=\"wp-image-9087\" srcset=\"https:\/\/www.djurskyddet.se\/kattfotenhalmstad\/wp-content\/uploads\/sites\/35\/2020\/04\/M\u00e5ns-och-Busan-1.jpg 270w, https:\/\/www.djurskyddet.se\/kattfotenhalmstad\/wp-content\/uploads\/sites\/35\/2020\/04\/M\u00e5ns-och-Busan-1-225x300.jpg 225w\" sizes=\"auto, (max-width: 270px) 100vw, 270px\" \/><figcaption>M\u00e5ns och Busan<\/figcaption><\/figure><\/li><li class=\"blocks-gallery-item\"><figure><img loading=\"lazy\" decoding=\"async\" width=\"342\" height=\"456\" src=\"https:\/\/www.djurskyddet.se\/kattfotenhalmstad\/wp-content\/uploads\/sites\/35\/2020\/04\/M\u00e5ns-och-Busan.jpg\" alt=\"\" data-id=\"9076\" data-link=\"https:\/\/www.djurskyddet.se\/kattfotenhalmstad\/lyckligt-slut-2\/adopterade-katter-2005\/busan\/attachment\/mans-och-busan\/\" class=\"wp-image-9076\" srcset=\"https:\/\/www.djurskyddet.se\/kattfotenhalmstad\/wp-content\/uploads\/sites\/35\/2020\/04\/M\u00e5ns-och-Busan.jpg 342w, https:\/\/www.djurskyddet.se\/kattfotenhalmstad\/wp-content\/uploads\/sites\/35\/2020\/04\/M\u00e5ns-och-Busan-225x300.jpg 225w\" sizes=\"auto, (max-width: 342px) 100vw, 342px\" \/><figcaption>M\u00e5ns och Busan<\/figcaption><\/figure><\/li><li class=\"blocks-gallery-item\"><figure><img loading=\"lazy\" decoding=\"async\" width=\"270\" height=\"360\" src=\"https:\/\/www.djurskyddet.se\/kattfotenhalmstad\/wp-content\/uploads\/sites\/35\/2020\/04\/Busan-M\u00e5ns-och-Siri.jpg\" alt=\"\" data-id=\"9086\" data-link=\"https:\/\/www.djurskyddet.se\/kattfotenhalmstad\/lyckligt-slut-2\/adopterade-katter-2005\/busan\/attachment\/busan-mans-och-siri\/\" class=\"wp-image-9086\" srcset=\"https:\/\/www.djurskyddet.se\/kattfotenhalmstad\/wp-content\/uploads\/sites\/35\/2020\/04\/Busan-M\u00e5ns-och-Siri.jpg 270w, https:\/\/www.djurskyddet.se\/kattfotenhalmstad\/wp-content\/uploads\/sites\/35\/2020\/04\/Busan-M\u00e5ns-och-Siri-225x300.jpg 225w\" sizes=\"auto, (max-width: 270px) 100vw, 270px\" \/><figcaption>Hela g\u00e4nget<\/figcaption><\/figure><\/li><li class=\"blocks-gallery-item\"><figure><img loading=\"lazy\" decoding=\"async\" width=\"342\" height=\"456\" src=\"https:\/\/www.djurskyddet.se\/kattfotenhalmstad\/wp-content\/uploads\/sites\/35\/2020\/04\/Busan-2.jpg\" alt=\"\" data-id=\"9075\" data-link=\"https:\/\/www.djurskyddet.se\/kattfotenhalmstad\/lyckligt-slut-2\/adopterade-katter-2005\/busan\/attachment\/busan-2\/\" class=\"wp-image-9075\" srcset=\"https:\/\/www.djurskyddet.se\/kattfotenhalmstad\/wp-content\/uploads\/sites\/35\/2020\/04\/Busan-2.jpg 342w, https:\/\/www.djurskyddet.se\/kattfotenhalmstad\/wp-content\/uploads\/sites\/35\/2020\/04\/Busan-2-225x300.jpg 225w\" sizes=\"auto, (max-width: 342px) 100vw, 342px\" \/><figcaption>M\u00e5ns<\/figcaption><\/figure><\/li><li class=\"blocks-gallery-item\"><figure><img loading=\"lazy\" decoding=\"async\" width=\"270\" height=\"360\" src=\"https:\/\/www.djurskyddet.se\/kattfotenhalmstad\/wp-content\/uploads\/sites\/35\/2020\/04\/M\u00e5ns-och-Siri-2.jpg\" alt=\"\" data-id=\"9089\" data-link=\"https:\/\/www.djurskyddet.se\/kattfotenhalmstad\/lyckligt-slut-2\/adopterade-katter-2005\/busan\/attachment\/mans-och-siri-2\/\" class=\"wp-image-9089\" srcset=\"https:\/\/www.djurskyddet.se\/kattfotenhalmstad\/wp-content\/uploads\/sites\/35\/2020\/04\/M\u00e5ns-och-Siri-2.jpg 270w, https:\/\/www.djurskyddet.se\/kattfotenhalmstad\/wp-content\/uploads\/sites\/35\/2020\/04\/M\u00e5ns-och-Siri-2-225x300.jpg 225w\" sizes=\"auto, (max-width: 270px) 100vw, 270px\" \/><figcaption>Siri och M\u00e5ns<\/figcaption><\/figure><\/li><li class=\"blocks-gallery-item\"><figure><img loading=\"lazy\" decoding=\"async\" width=\"270\" height=\"360\" src=\"https:\/\/www.djurskyddet.se\/kattfotenhalmstad\/wp-content\/uploads\/sites\/35\/2020\/04\/M\u00e5ns.jpg\" alt=\"\" data-id=\"9090\" data-link=\"https:\/\/www.djurskyddet.se\/kattfotenhalmstad\/lyckligt-slut-2\/adopterade-katter-2005\/busan\/attachment\/mans\/\" class=\"wp-image-9090\" srcset=\"https:\/\/www.djurskyddet.se\/kattfotenhalmstad\/wp-content\/uploads\/sites\/35\/2020\/04\/M\u00e5ns.jpg 270w, https:\/\/www.djurskyddet.se\/kattfotenhalmstad\/wp-content\/uploads\/sites\/35\/2020\/04\/M\u00e5ns-225x300.jpg 225w\" sizes=\"auto, (max-width: 270px) 100vw, 270px\" \/><figcaption>M\u00e5ns<\/figcaption><\/figure><\/li><\/ul>\n\n\n\n<div class=\"wp-block-image\"><figure class=\"aligncenter\"><img loading=\"lazy\" decoding=\"async\" width=\"405\" height=\"242\" src=\"https:\/\/www.djurskyddet.se\/kattfotenhalmstad\/wp-content\/uploads\/sites\/35\/2020\/04\/M\u00e5ns-och-Siri-1.jpg\" alt=\"\" class=\"wp-image-9088\" srcset=\"https:\/\/www.djurskyddet.se\/kattfotenhalmstad\/wp-content\/uploads\/sites\/35\/2020\/04\/M\u00e5ns-och-Siri-1.jpg 405w, https:\/\/www.djurskyddet.se\/kattfotenhalmstad\/wp-content\/uploads\/sites\/35\/2020\/04\/M\u00e5ns-och-Siri-1-300x179.jpg 300w, https:\/\/www.djurskyddet.se\/kattfotenhalmstad\/wp-content\/uploads\/sites\/35\/2020\/04\/M\u00e5ns-och-Siri-1-400x239.jpg 400w\" sizes=\"auto, (max-width: 405px) 100vw, 405px\" \/><figcaption>Siri och M\u00e5ns<\/figcaption><\/figure><\/div>\n","protected":false},"excerpt":{"rendered":"<p>Jag heter Busan och adopterades 2005. Lever upp till mitt namn d\u00e5 jag \u00e4r busig och \u00e4lskar min bl\u00f6tmat. Man kan inte tro att jag fyller 15 \u00e5r d\u00e5 jag \u00e4r lika pigg som en kattunge! P\u00e5 bilden nedan kan ni se mig gosa med min kompis M\u00e5ns. Han adopterades n\u00e5got \u00e5r senare men \u00e5kte tyv\u00e4rr till katthimlen nu i oktober. M\u00e5ns blev hela 17 \u00e5r gammal och hans personlighet&hellip;<\/p>\n<p><a class=\"more-link\" href=\"https:\/\/www.djurskyddet.se\/kattfotenhalmstad\/lyckligt-slut-2\/adopterade-katter-2005\/busan\/\" title=\"Continue reading &lsquo;Busan och M\u00e5ns&rsquo;\">L&auml;s mer<span class=\"meta-nav\">&raquo;<\/span><\/a><\/p>\n","protected":false},"author":36,"featured_media":0,"parent":8779,"menu_order":0,"comment_status":"closed","ping_status":"closed","template":"page-templates\/left-sidebar.php","meta":{"_acf_changed":false,"footnotes":""},"class_list":["post-9073","page","type-page","status-publish","hentry"],"acf":[],"_links":{"self":[{"href":"https:\/\/www.djurskyddet.se\/kattfotenhalmstad\/wp-json\/wp\/v2\/pages\/9073","targetHints":{"allow":["GET"]}}],"collection":[{"href":"https:\/\/www.djurskyddet.se\/kattfotenhalmstad\/wp-json\/wp\/v2\/pages"}],"about":[{"href":"https:\/\/www.djurskyddet.se\/kattfotenhalmstad\/wp-json\/wp\/v2\/types\/page"}],"author":[{"embeddable":true,"href":"https:\/\/www.djurskyddet.se\/kattfotenhalmstad\/wp-json\/wp\/v2\/users\/36"}],"replies":[{"embeddable":true,"href":"https:\/\/www.djurskyddet.se\/kattfotenhalmstad\/wp-json\/wp\/v2\/comments?post=9073"}],"version-history":[{"count":8,"href":"https:\/\/www.djurskyddet.se\/kattfotenhalmstad\/wp-json\/wp\/v2\/pages\/9073\/revisions"}],"predecessor-version":[{"id":9093,"href":"https:\/\/www.djurskyddet.se\/kattfotenhalmstad\/wp-json\/wp\/v2\/pages\/9073\/revisions\/9093"}],"up":[{"embeddable":true,"href":"https:\/\/www.djurskyddet.se\/kattfotenhalmstad\/wp-json\/wp\/v2\/pages\/8779"}],"wp:attachment":[{"href":"https:\/\/www.djurskyddet.se\/kattfotenhalmstad\/wp-json\/wp\/v2\/media?parent=9073"}],"curies":[{"name":"wp","href":"https:\/\/api.w.org\/{rel}","templated":true}]}}