{"id":9094,"date":"2020-04-08T18:29:00","date_gmt":"2020-04-08T18:29:00","guid":{"rendered":"https:\/\/www.djurskyddet.se\/kattfotenhalmstad\/?page_id=9094"},"modified":"2020-04-08T19:04:46","modified_gmt":"2020-04-08T19:04:46","slug":"cookie-och-lillis","status":"publish","type":"page","link":"https:\/\/www.djurskyddet.se\/kattfotenhalmstad\/lyckligt-slut-2\/adopterade-katter-2008\/cookie-och-lillis\/","title":{"rendered":"Cookie"},"content":{"rendered":"\n<p>Mitt namn \u00e4r Cookie, p\u00e5 katthemmet hette jag Blue och var syster till Baggis. I september 2007 adopterades jag av en familj p\u00e5 fyra och fick d\u00e5 mitt nya namn. Jag var f\u00f6rsiktig och ville att allting skulle ske p\u00e5 mina villkor. Det var ocks\u00e5 detta som min familj fastnade f\u00f6r. Jag fick f\u00f6lja med dem hem och lever idag som en pigg 13-\u00e5ring som njuter av tillvaron b\u00e5de inne och ute.<br><br>\u00c5r 2014 \u00f6ppnade vi upp v\u00e5rt hem till en annan katt i n\u00f6d och han fick namnet Lillis. Idag \u00e4r han enormt saknad, tyv\u00e4rr blev Lillis \u00f6verk\u00f6rd och l\u00e4mnad att d\u00f6. V\u00e5r familj fick i alla fall vara med honom n\u00e4r han tog sina sista andetag p\u00e5 v\u00e4g till veterin\u00e4ren. Vila i frid, \u00e4lskade v\u00e4n. <br><br><a rel=\"noreferrer noopener\" aria-label=\"L\u00e4s mer om Lillis h\u00e4r! (\u00f6ppnas i en ny flik)\" href=\"https:\/\/www.djurskyddet.se\/kattfotenhalmstad\/lyckligt-slut-2\/adopterade-katter-2014\/lillis\/\" target=\"_blank\">L\u00e4s mer om Lillis h\u00e4r!<\/a><\/p>\n\n\n\n<ul class=\"wp-block-gallery columns-1 is-cropped wp-block-gallery-1 is-layout-flex wp-block-gallery-is-layout-flex\"><li class=\"blocks-gallery-item\"><figure><img loading=\"lazy\" decoding=\"async\" width=\"720\" height=\"480\" src=\"https:\/\/www.djurskyddet.se\/kattfotenhalmstad\/wp-content\/uploads\/sites\/35\/2020\/04\/Blue-Cookie-1.jpg\" alt=\"\" data-id=\"9095\" data-link=\"https:\/\/www.djurskyddet.se\/kattfotenhalmstad\/?attachment_id=9095\" class=\"wp-image-9095\" srcset=\"https:\/\/www.djurskyddet.se\/kattfotenhalmstad\/wp-content\/uploads\/sites\/35\/2020\/04\/Blue-Cookie-1.jpg 720w, https:\/\/www.djurskyddet.se\/kattfotenhalmstad\/wp-content\/uploads\/sites\/35\/2020\/04\/Blue-Cookie-1-300x200.jpg 300w, https:\/\/www.djurskyddet.se\/kattfotenhalmstad\/wp-content\/uploads\/sites\/35\/2020\/04\/Blue-Cookie-1-400x267.jpg 400w\" sizes=\"auto, (max-width: 720px) 100vw, 720px\" \/><\/figure><\/li><li class=\"blocks-gallery-item\"><figure><img loading=\"lazy\" decoding=\"async\" width=\"720\" height=\"480\" src=\"https:\/\/www.djurskyddet.se\/kattfotenhalmstad\/wp-content\/uploads\/sites\/35\/2020\/04\/Blue-Cookie-2.jpg\" alt=\"\" data-id=\"9096\" data-link=\"https:\/\/www.djurskyddet.se\/kattfotenhalmstad\/?attachment_id=9096\" class=\"wp-image-9096\" srcset=\"https:\/\/www.djurskyddet.se\/kattfotenhalmstad\/wp-content\/uploads\/sites\/35\/2020\/04\/Blue-Cookie-2.jpg 720w, https:\/\/www.djurskyddet.se\/kattfotenhalmstad\/wp-content\/uploads\/sites\/35\/2020\/04\/Blue-Cookie-2-300x200.jpg 300w, https:\/\/www.djurskyddet.se\/kattfotenhalmstad\/wp-content\/uploads\/sites\/35\/2020\/04\/Blue-Cookie-2-400x267.jpg 400w\" sizes=\"auto, (max-width: 720px) 100vw, 720px\" \/><\/figure><\/li><\/ul>\n","protected":false},"excerpt":{"rendered":"<p>Mitt namn \u00e4r Cookie, p\u00e5 katthemmet hette jag Blue och var syster till Baggis. I september 2007 adopterades jag av en familj p\u00e5 fyra och fick d\u00e5 mitt nya namn. Jag var f\u00f6rsiktig och ville att allting skulle ske p\u00e5 mina villkor. Det var ocks\u00e5 detta som min familj fastnade f\u00f6r. Jag fick f\u00f6lja med dem hem och lever idag som en pigg 13-\u00e5ring som njuter av tillvaron b\u00e5de inne&hellip;<\/p>\n<p><a class=\"more-link\" href=\"https:\/\/www.djurskyddet.se\/kattfotenhalmstad\/lyckligt-slut-2\/adopterade-katter-2008\/cookie-och-lillis\/\" title=\"Continue reading &lsquo;Cookie&rsquo;\">L&auml;s mer<span class=\"meta-nav\">&raquo;<\/span><\/a><\/p>\n","protected":false},"author":36,"featured_media":0,"parent":8776,"menu_order":0,"comment_status":"closed","ping_status":"closed","template":"page-templates\/left-sidebar.php","meta":{"_acf_changed":false,"footnotes":""},"class_list":["post-9094","page","type-page","status-publish","hentry"],"acf":[],"_links":{"self":[{"href":"https:\/\/www.djurskyddet.se\/kattfotenhalmstad\/wp-json\/wp\/v2\/pages\/9094","targetHints":{"allow":["GET"]}}],"collection":[{"href":"https:\/\/www.djurskyddet.se\/kattfotenhalmstad\/wp-json\/wp\/v2\/pages"}],"about":[{"href":"https:\/\/www.djurskyddet.se\/kattfotenhalmstad\/wp-json\/wp\/v2\/types\/page"}],"author":[{"embeddable":true,"href":"https:\/\/www.djurskyddet.se\/kattfotenhalmstad\/wp-json\/wp\/v2\/users\/36"}],"replies":[{"embeddable":true,"href":"https:\/\/www.djurskyddet.se\/kattfotenhalmstad\/wp-json\/wp\/v2\/comments?post=9094"}],"version-history":[{"count":5,"href":"https:\/\/www.djurskyddet.se\/kattfotenhalmstad\/wp-json\/wp\/v2\/pages\/9094\/revisions"}],"predecessor-version":[{"id":9119,"href":"https:\/\/www.djurskyddet.se\/kattfotenhalmstad\/wp-json\/wp\/v2\/pages\/9094\/revisions\/9119"}],"up":[{"embeddable":true,"href":"https:\/\/www.djurskyddet.se\/kattfotenhalmstad\/wp-json\/wp\/v2\/pages\/8776"}],"wp:attachment":[{"href":"https:\/\/www.djurskyddet.se\/kattfotenhalmstad\/wp-json\/wp\/v2\/media?parent=9094"}],"curies":[{"name":"wp","href":"https:\/\/api.w.org\/{rel}","templated":true}]}}