{"id":9108,"date":"2020-04-08T18:56:06","date_gmt":"2020-04-08T18:56:06","guid":{"rendered":"https:\/\/www.djurskyddet.se\/kattfotenhalmstad\/?page_id=9108"},"modified":"2020-04-08T19:06:47","modified_gmt":"2020-04-08T19:06:47","slug":"lillis","status":"publish","type":"page","link":"https:\/\/www.djurskyddet.se\/kattfotenhalmstad\/lyckligt-slut-2\/adopterade-katter-2014\/lillis\/","title":{"rendered":"Lillis"},"content":{"rendered":"\n<p>Luthor var mitt namn p\u00e5 katthemmet, senare d\u00f6ptes jag om till Lillis efter att ha flyttat in till ett f\u00f6r alltid hem \u00e5r 2014. Det var ett par som var p\u00e5 jakt efter s\u00e4llskap till sin katt Cookie. De fann mig p\u00e5 hemsidan och \u00e5kte dagen d\u00e4rp\u00e5 till jourhemmet som jag befann mig i f\u00f6r att h\u00e4lsa p\u00e5. Min nyfikenhet och mitt k\u00e4rleksfulla s\u00e4tt gjorde att de snabbt beslutade sig f\u00f6r att adoptera och ta med mig hem. Jag levde som inne- och utekatt i min familj framtill den 27 juni 2016 d\u00e5 jag dessv\u00e4rre blev \u00f6verk\u00f6rd och avled. Jag somnade i mattes trygga famn p\u00e5 v\u00e4gen till veterin\u00e4ren. D\u00e4r slutade tyv\u00e4rr min historia.<br><br><a href=\"https:\/\/www.djurskyddet.se\/kattfotenhalmstad\/lyckligt-slut-2\/adopterade-katter-2008\/cookie-och-lillis\/\" target=\"_blank\" rel=\"noreferrer noopener\" aria-label=\"L\u00e4s mer om Cookie h\u00e4r! (\u00f6ppnas i en ny flik)\">L\u00e4s mer om Cookie h\u00e4r!<\/a><\/p>\n\n\n\n<ul class=\"wp-block-gallery columns-1 is-cropped wp-block-gallery-1 is-layout-flex wp-block-gallery-is-layout-flex\"><li class=\"blocks-gallery-item\"><figure><img loading=\"lazy\" decoding=\"async\" width=\"720\" height=\"480\" src=\"https:\/\/www.djurskyddet.se\/kattfotenhalmstad\/wp-content\/uploads\/sites\/35\/2020\/04\/Luthor-Lillis-1.jpg\" alt=\"\" data-id=\"9097\" data-link=\"https:\/\/www.djurskyddet.se\/kattfotenhalmstad\/lyckligt-slut-2\/adopterade-katter-2008\/cookie-och-lillis\/attachment\/luthor-lillis-1\/\" class=\"wp-image-9097\" srcset=\"https:\/\/www.djurskyddet.se\/kattfotenhalmstad\/wp-content\/uploads\/sites\/35\/2020\/04\/Luthor-Lillis-1.jpg 720w, https:\/\/www.djurskyddet.se\/kattfotenhalmstad\/wp-content\/uploads\/sites\/35\/2020\/04\/Luthor-Lillis-1-300x200.jpg 300w, https:\/\/www.djurskyddet.se\/kattfotenhalmstad\/wp-content\/uploads\/sites\/35\/2020\/04\/Luthor-Lillis-1-400x267.jpg 400w\" sizes=\"auto, (max-width: 720px) 100vw, 720px\" \/><\/figure><\/li><li class=\"blocks-gallery-item\"><figure><img loading=\"lazy\" decoding=\"async\" width=\"720\" height=\"480\" src=\"https:\/\/www.djurskyddet.se\/kattfotenhalmstad\/wp-content\/uploads\/sites\/35\/2020\/04\/Luthor-Lillis-2.jpg\" alt=\"\" data-id=\"9098\" data-link=\"https:\/\/www.djurskyddet.se\/kattfotenhalmstad\/lyckligt-slut-2\/adopterade-katter-2008\/cookie-och-lillis\/attachment\/luthor-lillis-2\/\" class=\"wp-image-9098\" srcset=\"https:\/\/www.djurskyddet.se\/kattfotenhalmstad\/wp-content\/uploads\/sites\/35\/2020\/04\/Luthor-Lillis-2.jpg 720w, https:\/\/www.djurskyddet.se\/kattfotenhalmstad\/wp-content\/uploads\/sites\/35\/2020\/04\/Luthor-Lillis-2-300x200.jpg 300w, https:\/\/www.djurskyddet.se\/kattfotenhalmstad\/wp-content\/uploads\/sites\/35\/2020\/04\/Luthor-Lillis-2-400x267.jpg 400w\" sizes=\"auto, (max-width: 720px) 100vw, 720px\" \/><\/figure><\/li><li class=\"blocks-gallery-item\"><figure><img loading=\"lazy\" decoding=\"async\" width=\"373\" height=\"280\" src=\"https:\/\/www.djurskyddet.se\/kattfotenhalmstad\/wp-content\/uploads\/sites\/35\/2020\/04\/Lillis-grav.jpg\" alt=\"\" data-id=\"9120\" data-link=\"https:\/\/www.djurskyddet.se\/kattfotenhalmstad\/lyckligt-slut-2\/adopterade-katter-2014\/lillis\/attachment\/lillis-grav\/\" class=\"wp-image-9120\" srcset=\"https:\/\/www.djurskyddet.se\/kattfotenhalmstad\/wp-content\/uploads\/sites\/35\/2020\/04\/Lillis-grav.jpg 373w, https:\/\/www.djurskyddet.se\/kattfotenhalmstad\/wp-content\/uploads\/sites\/35\/2020\/04\/Lillis-grav-300x225.jpg 300w\" sizes=\"auto, (max-width: 373px) 100vw, 373px\" \/><figcaption> Idag \u00e4r jag begraven j\u00e4mte min v\u00e4n under en ek.<\/figcaption><\/figure><\/li><\/ul>\n","protected":false},"excerpt":{"rendered":"<p>Luthor var mitt namn p\u00e5 katthemmet, senare d\u00f6ptes jag om till Lillis efter att ha flyttat in till ett f\u00f6r alltid hem \u00e5r 2014. Det var ett par som var p\u00e5 jakt efter s\u00e4llskap till sin katt Cookie. De fann mig p\u00e5 hemsidan och \u00e5kte dagen d\u00e4rp\u00e5 till jourhemmet som jag befann mig i f\u00f6r att h\u00e4lsa p\u00e5. Min nyfikenhet och mitt k\u00e4rleksfulla s\u00e4tt gjorde att de snabbt beslutade sig&hellip;<\/p>\n<p><a class=\"more-link\" href=\"https:\/\/www.djurskyddet.se\/kattfotenhalmstad\/lyckligt-slut-2\/adopterade-katter-2014\/lillis\/\" title=\"Continue reading &lsquo;Lillis&rsquo;\">L&auml;s mer<span class=\"meta-nav\">&raquo;<\/span><\/a><\/p>\n","protected":false},"author":36,"featured_media":0,"parent":8770,"menu_order":0,"comment_status":"closed","ping_status":"closed","template":"page-templates\/left-sidebar.php","meta":{"_acf_changed":false,"footnotes":""},"class_list":["post-9108","page","type-page","status-publish","hentry"],"acf":[],"_links":{"self":[{"href":"https:\/\/www.djurskyddet.se\/kattfotenhalmstad\/wp-json\/wp\/v2\/pages\/9108","targetHints":{"allow":["GET"]}}],"collection":[{"href":"https:\/\/www.djurskyddet.se\/kattfotenhalmstad\/wp-json\/wp\/v2\/pages"}],"about":[{"href":"https:\/\/www.djurskyddet.se\/kattfotenhalmstad\/wp-json\/wp\/v2\/types\/page"}],"author":[{"embeddable":true,"href":"https:\/\/www.djurskyddet.se\/kattfotenhalmstad\/wp-json\/wp\/v2\/users\/36"}],"replies":[{"embeddable":true,"href":"https:\/\/www.djurskyddet.se\/kattfotenhalmstad\/wp-json\/wp\/v2\/comments?post=9108"}],"version-history":[{"count":3,"href":"https:\/\/www.djurskyddet.se\/kattfotenhalmstad\/wp-json\/wp\/v2\/pages\/9108\/revisions"}],"predecessor-version":[{"id":9121,"href":"https:\/\/www.djurskyddet.se\/kattfotenhalmstad\/wp-json\/wp\/v2\/pages\/9108\/revisions\/9121"}],"up":[{"embeddable":true,"href":"https:\/\/www.djurskyddet.se\/kattfotenhalmstad\/wp-json\/wp\/v2\/pages\/8770"}],"wp:attachment":[{"href":"https:\/\/www.djurskyddet.se\/kattfotenhalmstad\/wp-json\/wp\/v2\/media?parent=9108"}],"curies":[{"name":"wp","href":"https:\/\/api.w.org\/{rel}","templated":true}]}}