{"id":9138,"date":"2020-04-09T14:24:31","date_gmt":"2020-04-09T14:24:31","guid":{"rendered":"https:\/\/www.djurskyddet.se\/kattfotenhalmstad\/?page_id=9138"},"modified":"2020-04-12T19:03:26","modified_gmt":"2020-04-12T19:03:26","slug":"putin","status":"publish","type":"page","link":"https:\/\/www.djurskyddet.se\/kattfotenhalmstad\/lyckligt-slut-2\/adopterade-katter-2020\/putin\/","title":{"rendered":"Putin"},"content":{"rendered":"\n<p>F\u00f6rut hette jag Slotte men kallas numera f\u00f6r Putin. Det b\u00f6rjade f\u00f6rst som ett sk\u00e4mt men sen har det bara blivit s\u00e5 d\u00e5 jag \u00e4r lika galen som Putin sj\u00e4lv! Jag \u00e4r en v\u00e4ldigt busig, livlig och tokig katt som kan f\u00f6rvandla vad som helst till en leksak. Krukorna flyger fr\u00e5n f\u00f6nsterbr\u00e4derna, disksvamparna ligger \u00f6verallt, h\u00f6rlurar f\u00f6rsvinner &#8211; ja, det \u00e4r fullt \u00f6s h\u00e4r hemma med mig i farten. Jag \u00e4r v\u00e4ldigt rolig och familjen skrattar mycket \u00e5t mig och mina rackartyg! Jag var fr\u00e5n b\u00f6rjan v\u00e4ldigt r\u00e4dd men har snabbt byggt upp ett f\u00f6rtroende. Ibland smyger jag upp i s\u00e4ngen p\u00e5 natten och somnar p\u00e5 en av familjemedlemmarnas mage. Pixel, min kattkompis, har fullt sj\u00e5 med att h\u00e5lla mig i schack! V\u00e5r familj \u00e4lskar b\u00e5de mig och Pixel j\u00e4ttemycket! De vill tacka Kattfoten f\u00f6r att de f\u00e5tt adoptera oss som underbara familjemedlemmar.<br><br>Pixel \u00e4r min lekkamrat som ocks\u00e5 kommer ifr\u00e5n katthemmet. <a rel=\"noreferrer noopener\" aria-label=\"L\u00e4s mer om Pixel h\u00e4r! (\u00f6ppnas i en ny flik)\" href=\"https:\/\/www.djurskyddet.se\/kattfotenhalmstad\/adopterade-katter-2019\/pixel\/\" target=\"_blank\">L\u00e4s mer om Pixel h\u00e4r!<\/a><\/p>\n\n\n\n<ul class=\"wp-block-gallery columns-2 is-cropped wp-block-gallery-1 is-layout-flex wp-block-gallery-is-layout-flex\"><li class=\"blocks-gallery-item\"><figure><img loading=\"lazy\" decoding=\"async\" width=\"280\" height=\"373\" src=\"https:\/\/www.djurskyddet.se\/kattfotenhalmstad\/wp-content\/uploads\/sites\/35\/2020\/04\/Slotte-1.jpg\" alt=\"\" data-id=\"9155\" data-link=\"https:\/\/www.djurskyddet.se\/kattfotenhalmstad\/lyckligt-slut-2\/adopterade-katter-2020\/putin\/attachment\/slotte-1\/\" class=\"wp-image-9155\" srcset=\"https:\/\/www.djurskyddet.se\/kattfotenhalmstad\/wp-content\/uploads\/sites\/35\/2020\/04\/Slotte-1.jpg 280w, https:\/\/www.djurskyddet.se\/kattfotenhalmstad\/wp-content\/uploads\/sites\/35\/2020\/04\/Slotte-1-225x300.jpg 225w\" sizes=\"auto, (max-width: 280px) 100vw, 280px\" \/><\/figure><\/li><li class=\"blocks-gallery-item\"><figure><img loading=\"lazy\" decoding=\"async\" width=\"280\" height=\"373\" src=\"https:\/\/www.djurskyddet.se\/kattfotenhalmstad\/wp-content\/uploads\/sites\/35\/2020\/04\/Slotte-2.jpg\" alt=\"\" data-id=\"9156\" data-link=\"https:\/\/www.djurskyddet.se\/kattfotenhalmstad\/lyckligt-slut-2\/adopterade-katter-2020\/putin\/attachment\/slotte-2\/\" class=\"wp-image-9156\" srcset=\"https:\/\/www.djurskyddet.se\/kattfotenhalmstad\/wp-content\/uploads\/sites\/35\/2020\/04\/Slotte-2.jpg 280w, https:\/\/www.djurskyddet.se\/kattfotenhalmstad\/wp-content\/uploads\/sites\/35\/2020\/04\/Slotte-2-225x300.jpg 225w\" sizes=\"auto, (max-width: 280px) 100vw, 280px\" \/><\/figure><\/li><li class=\"blocks-gallery-item\"><figure><img loading=\"lazy\" decoding=\"async\" width=\"373\" height=\"280\" src=\"https:\/\/www.djurskyddet.se\/kattfotenhalmstad\/wp-content\/uploads\/sites\/35\/2020\/04\/Slotte-3.jpg\" alt=\"\" data-id=\"9157\" data-link=\"https:\/\/www.djurskyddet.se\/kattfotenhalmstad\/lyckligt-slut-2\/adopterade-katter-2020\/putin\/attachment\/slotte-3\/\" class=\"wp-image-9157\" srcset=\"https:\/\/www.djurskyddet.se\/kattfotenhalmstad\/wp-content\/uploads\/sites\/35\/2020\/04\/Slotte-3.jpg 373w, https:\/\/www.djurskyddet.se\/kattfotenhalmstad\/wp-content\/uploads\/sites\/35\/2020\/04\/Slotte-3-300x225.jpg 300w\" sizes=\"auto, (max-width: 373px) 100vw, 373px\" \/><\/figure><\/li><li class=\"blocks-gallery-item\"><figure><img loading=\"lazy\" decoding=\"async\" width=\"280\" height=\"373\" src=\"https:\/\/www.djurskyddet.se\/kattfotenhalmstad\/wp-content\/uploads\/sites\/35\/2020\/04\/Slotte-5.jpg\" alt=\"\" data-id=\"9159\" data-link=\"https:\/\/www.djurskyddet.se\/kattfotenhalmstad\/lyckligt-slut-2\/adopterade-katter-2020\/putin\/attachment\/slotte-5\/\" class=\"wp-image-9159\" srcset=\"https:\/\/www.djurskyddet.se\/kattfotenhalmstad\/wp-content\/uploads\/sites\/35\/2020\/04\/Slotte-5.jpg 280w, https:\/\/www.djurskyddet.se\/kattfotenhalmstad\/wp-content\/uploads\/sites\/35\/2020\/04\/Slotte-5-225x300.jpg 225w\" sizes=\"auto, (max-width: 280px) 100vw, 280px\" \/><\/figure><\/li><li class=\"blocks-gallery-item\"><figure><img loading=\"lazy\" decoding=\"async\" width=\"280\" height=\"373\" src=\"https:\/\/www.djurskyddet.se\/kattfotenhalmstad\/wp-content\/uploads\/sites\/35\/2020\/04\/Slotte-7.jpg\" alt=\"\" data-id=\"9161\" data-link=\"https:\/\/www.djurskyddet.se\/kattfotenhalmstad\/lyckligt-slut-2\/adopterade-katter-2020\/putin\/attachment\/slotte-7\/\" class=\"wp-image-9161\" srcset=\"https:\/\/www.djurskyddet.se\/kattfotenhalmstad\/wp-content\/uploads\/sites\/35\/2020\/04\/Slotte-7.jpg 280w, https:\/\/www.djurskyddet.se\/kattfotenhalmstad\/wp-content\/uploads\/sites\/35\/2020\/04\/Slotte-7-225x300.jpg 225w\" sizes=\"auto, (max-width: 280px) 100vw, 280px\" \/><\/figure><\/li><li class=\"blocks-gallery-item\"><figure><img loading=\"lazy\" decoding=\"async\" width=\"280\" height=\"373\" src=\"https:\/\/www.djurskyddet.se\/kattfotenhalmstad\/wp-content\/uploads\/sites\/35\/2020\/04\/Slotte-profil.jpg\" alt=\"\" data-id=\"9166\" data-link=\"https:\/\/www.djurskyddet.se\/kattfotenhalmstad\/lyckligt-slut-2\/adopterade-katter-2020\/putin\/attachment\/slotte-profil\/\" class=\"wp-image-9166\" srcset=\"https:\/\/www.djurskyddet.se\/kattfotenhalmstad\/wp-content\/uploads\/sites\/35\/2020\/04\/Slotte-profil.jpg 280w, https:\/\/www.djurskyddet.se\/kattfotenhalmstad\/wp-content\/uploads\/sites\/35\/2020\/04\/Slotte-profil-225x300.jpg 225w\" sizes=\"auto, (max-width: 280px) 100vw, 280px\" \/><\/figure><\/li><li class=\"blocks-gallery-item\"><figure><img loading=\"lazy\" decoding=\"async\" width=\"280\" height=\"373\" src=\"https:\/\/www.djurskyddet.se\/kattfotenhalmstad\/wp-content\/uploads\/sites\/35\/2020\/04\/Slotte-4.jpg\" alt=\"\" data-id=\"9158\" data-link=\"https:\/\/www.djurskyddet.se\/kattfotenhalmstad\/lyckligt-slut-2\/adopterade-katter-2020\/putin\/attachment\/slotte-4\/\" class=\"wp-image-9158\" srcset=\"https:\/\/www.djurskyddet.se\/kattfotenhalmstad\/wp-content\/uploads\/sites\/35\/2020\/04\/Slotte-4.jpg 280w, https:\/\/www.djurskyddet.se\/kattfotenhalmstad\/wp-content\/uploads\/sites\/35\/2020\/04\/Slotte-4-225x300.jpg 225w\" sizes=\"auto, (max-width: 280px) 100vw, 280px\" \/><\/figure><\/li><li class=\"blocks-gallery-item\"><figure><img loading=\"lazy\" decoding=\"async\" width=\"280\" height=\"373\" src=\"https:\/\/www.djurskyddet.se\/kattfotenhalmstad\/wp-content\/uploads\/sites\/35\/2020\/04\/Slotte-och-B\u00e4ckan-1.jpg\" alt=\"\" data-id=\"9162\" data-link=\"https:\/\/www.djurskyddet.se\/kattfotenhalmstad\/lyckligt-slut-2\/adopterade-katter-2020\/putin\/attachment\/slotte-och-backan-1\/\" class=\"wp-image-9162\" srcset=\"https:\/\/www.djurskyddet.se\/kattfotenhalmstad\/wp-content\/uploads\/sites\/35\/2020\/04\/Slotte-och-B\u00e4ckan-1.jpg 280w, https:\/\/www.djurskyddet.se\/kattfotenhalmstad\/wp-content\/uploads\/sites\/35\/2020\/04\/Slotte-och-B\u00e4ckan-1-225x300.jpg 225w\" sizes=\"auto, (max-width: 280px) 100vw, 280px\" \/><\/figure><\/li><li class=\"blocks-gallery-item\"><figure><img loading=\"lazy\" decoding=\"async\" width=\"280\" height=\"373\" src=\"https:\/\/www.djurskyddet.se\/kattfotenhalmstad\/wp-content\/uploads\/sites\/35\/2020\/04\/Slotte-och-B\u00e4ckan-2.jpg\" alt=\"\" data-id=\"9163\" data-link=\"https:\/\/www.djurskyddet.se\/kattfotenhalmstad\/lyckligt-slut-2\/adopterade-katter-2020\/putin\/attachment\/slotte-och-backan-2\/\" class=\"wp-image-9163\" srcset=\"https:\/\/www.djurskyddet.se\/kattfotenhalmstad\/wp-content\/uploads\/sites\/35\/2020\/04\/Slotte-och-B\u00e4ckan-2.jpg 280w, https:\/\/www.djurskyddet.se\/kattfotenhalmstad\/wp-content\/uploads\/sites\/35\/2020\/04\/Slotte-och-B\u00e4ckan-2-225x300.jpg 225w\" sizes=\"auto, (max-width: 280px) 100vw, 280px\" \/><\/figure><\/li><li class=\"blocks-gallery-item\"><figure><img loading=\"lazy\" decoding=\"async\" width=\"280\" height=\"373\" src=\"https:\/\/www.djurskyddet.se\/kattfotenhalmstad\/wp-content\/uploads\/sites\/35\/2020\/04\/Slotte-och-B\u00e4ckan-4.jpg\" alt=\"\" data-id=\"9165\" data-link=\"https:\/\/www.djurskyddet.se\/kattfotenhalmstad\/lyckligt-slut-2\/adopterade-katter-2020\/putin\/attachment\/slotte-och-backan-4\/\" class=\"wp-image-9165\" srcset=\"https:\/\/www.djurskyddet.se\/kattfotenhalmstad\/wp-content\/uploads\/sites\/35\/2020\/04\/Slotte-och-B\u00e4ckan-4.jpg 280w, https:\/\/www.djurskyddet.se\/kattfotenhalmstad\/wp-content\/uploads\/sites\/35\/2020\/04\/Slotte-och-B\u00e4ckan-4-225x300.jpg 225w\" sizes=\"auto, (max-width: 280px) 100vw, 280px\" \/><\/figure><\/li><\/ul>\n\n\n\n<div class=\"wp-block-image\"><figure class=\"aligncenter\"><img loading=\"lazy\" decoding=\"async\" width=\"373\" height=\"280\" src=\"https:\/\/www.djurskyddet.se\/kattfotenhalmstad\/wp-content\/uploads\/sites\/35\/2020\/04\/Slotte-6-2.jpg\" alt=\"\" class=\"wp-image-9270\" srcset=\"https:\/\/www.djurskyddet.se\/kattfotenhalmstad\/wp-content\/uploads\/sites\/35\/2020\/04\/Slotte-6-2.jpg 373w, https:\/\/www.djurskyddet.se\/kattfotenhalmstad\/wp-content\/uploads\/sites\/35\/2020\/04\/Slotte-6-2-300x225.jpg 300w\" sizes=\"auto, (max-width: 373px) 100vw, 373px\" \/><\/figure><\/div>\n","protected":false},"excerpt":{"rendered":"<p>F\u00f6rut hette jag Slotte men kallas numera f\u00f6r Putin. Det b\u00f6rjade f\u00f6rst som ett sk\u00e4mt men sen har det bara blivit s\u00e5 d\u00e5 jag \u00e4r lika galen som Putin sj\u00e4lv! Jag \u00e4r en v\u00e4ldigt busig, livlig och tokig katt som kan f\u00f6rvandla vad som helst till en leksak. Krukorna flyger fr\u00e5n f\u00f6nsterbr\u00e4derna, disksvamparna ligger \u00f6verallt, h\u00f6rlurar f\u00f6rsvinner &#8211; ja, det \u00e4r fullt \u00f6s h\u00e4r hemma med mig i farten. Jag&hellip;<\/p>\n<p><a class=\"more-link\" href=\"https:\/\/www.djurskyddet.se\/kattfotenhalmstad\/lyckligt-slut-2\/adopterade-katter-2020\/putin\/\" title=\"Continue reading &lsquo;Putin&rsquo;\">L&auml;s mer<span class=\"meta-nav\">&raquo;<\/span><\/a><\/p>\n","protected":false},"author":36,"featured_media":0,"parent":8754,"menu_order":0,"comment_status":"closed","ping_status":"closed","template":"page-templates\/left-sidebar.php","meta":{"_acf_changed":false,"footnotes":""},"class_list":["post-9138","page","type-page","status-publish","hentry"],"acf":[],"_links":{"self":[{"href":"https:\/\/www.djurskyddet.se\/kattfotenhalmstad\/wp-json\/wp\/v2\/pages\/9138","targetHints":{"allow":["GET"]}}],"collection":[{"href":"https:\/\/www.djurskyddet.se\/kattfotenhalmstad\/wp-json\/wp\/v2\/pages"}],"about":[{"href":"https:\/\/www.djurskyddet.se\/kattfotenhalmstad\/wp-json\/wp\/v2\/types\/page"}],"author":[{"embeddable":true,"href":"https:\/\/www.djurskyddet.se\/kattfotenhalmstad\/wp-json\/wp\/v2\/users\/36"}],"replies":[{"embeddable":true,"href":"https:\/\/www.djurskyddet.se\/kattfotenhalmstad\/wp-json\/wp\/v2\/comments?post=9138"}],"version-history":[{"count":4,"href":"https:\/\/www.djurskyddet.se\/kattfotenhalmstad\/wp-json\/wp\/v2\/pages\/9138\/revisions"}],"predecessor-version":[{"id":9271,"href":"https:\/\/www.djurskyddet.se\/kattfotenhalmstad\/wp-json\/wp\/v2\/pages\/9138\/revisions\/9271"}],"up":[{"embeddable":true,"href":"https:\/\/www.djurskyddet.se\/kattfotenhalmstad\/wp-json\/wp\/v2\/pages\/8754"}],"wp:attachment":[{"href":"https:\/\/www.djurskyddet.se\/kattfotenhalmstad\/wp-json\/wp\/v2\/media?parent=9138"}],"curies":[{"name":"wp","href":"https:\/\/api.w.org\/{rel}","templated":true}]}}