{"id":9195,"date":"2020-04-12T17:19:05","date_gmt":"2020-04-12T17:19:05","guid":{"rendered":"https:\/\/www.djurskyddet.se\/kattfotenhalmstad\/?page_id=9195"},"modified":"2020-04-12T17:20:16","modified_gmt":"2020-04-12T17:20:16","slug":"azzy","status":"publish","type":"page","link":"https:\/\/www.djurskyddet.se\/kattfotenhalmstad\/lyckligt-slut-2\/adopterade-katter-2018\/azzy\/","title":{"rendered":"\u00c5zzy"},"content":{"rendered":"\n<p>I oktober 2018 adopterades jag, \u00c5zzy. Jag \u00e4r en s\u00e5n buskatt! Alla i familjen \u00e4lskar mig enormt och jag betyder mycket f\u00f6r dem. Helt \u00e4rligt s\u00e5 s\u00e4ger de att jag \u00e4r det b\u00e4sta som h\u00e4nt dem. Jag bor ocks\u00e5 tillsammans med en hund som heter Bella och ibland busar vi med varandra. <\/p>\n\n\n\n<ul class=\"wp-block-gallery columns-2 is-cropped wp-block-gallery-1 is-layout-flex wp-block-gallery-is-layout-flex\"><li class=\"blocks-gallery-item\"><figure><img loading=\"lazy\" decoding=\"async\" width=\"480\" height=\"640\" src=\"https:\/\/www.djurskyddet.se\/kattfotenhalmstad\/wp-content\/uploads\/sites\/35\/2020\/04\/\u00c5zzy-15.jpg\" alt=\"\" data-id=\"9209\" data-link=\"https:\/\/www.djurskyddet.se\/kattfotenhalmstad\/?attachment_id=9209\" class=\"wp-image-9209\" srcset=\"https:\/\/www.djurskyddet.se\/kattfotenhalmstad\/wp-content\/uploads\/sites\/35\/2020\/04\/\u00c5zzy-15.jpg 480w, https:\/\/www.djurskyddet.se\/kattfotenhalmstad\/wp-content\/uploads\/sites\/35\/2020\/04\/\u00c5zzy-15-225x300.jpg 225w, https:\/\/www.djurskyddet.se\/kattfotenhalmstad\/wp-content\/uploads\/sites\/35\/2020\/04\/\u00c5zzy-15-400x533.jpg 400w\" sizes=\"auto, (max-width: 480px) 100vw, 480px\" \/><\/figure><\/li><li class=\"blocks-gallery-item\"><figure><img loading=\"lazy\" decoding=\"async\" width=\"480\" height=\"640\" src=\"https:\/\/www.djurskyddet.se\/kattfotenhalmstad\/wp-content\/uploads\/sites\/35\/2020\/04\/\u00c5zzy-12.jpg\" alt=\"\" data-id=\"9206\" data-link=\"https:\/\/www.djurskyddet.se\/kattfotenhalmstad\/?attachment_id=9206\" class=\"wp-image-9206\" srcset=\"https:\/\/www.djurskyddet.se\/kattfotenhalmstad\/wp-content\/uploads\/sites\/35\/2020\/04\/\u00c5zzy-12.jpg 480w, https:\/\/www.djurskyddet.se\/kattfotenhalmstad\/wp-content\/uploads\/sites\/35\/2020\/04\/\u00c5zzy-12-225x300.jpg 225w, https:\/\/www.djurskyddet.se\/kattfotenhalmstad\/wp-content\/uploads\/sites\/35\/2020\/04\/\u00c5zzy-12-400x533.jpg 400w\" sizes=\"auto, (max-width: 480px) 100vw, 480px\" \/><\/figure><\/li><li class=\"blocks-gallery-item\"><figure><img loading=\"lazy\" decoding=\"async\" width=\"480\" height=\"853\" src=\"https:\/\/www.djurskyddet.se\/kattfotenhalmstad\/wp-content\/uploads\/sites\/35\/2020\/04\/\u00c5zzy-16.jpg\" alt=\"\" data-id=\"9210\" data-link=\"https:\/\/www.djurskyddet.se\/kattfotenhalmstad\/?attachment_id=9210\" class=\"wp-image-9210\" srcset=\"https:\/\/www.djurskyddet.se\/kattfotenhalmstad\/wp-content\/uploads\/sites\/35\/2020\/04\/\u00c5zzy-16.jpg 480w, https:\/\/www.djurskyddet.se\/kattfotenhalmstad\/wp-content\/uploads\/sites\/35\/2020\/04\/\u00c5zzy-16-169x300.jpg 169w, https:\/\/www.djurskyddet.se\/kattfotenhalmstad\/wp-content\/uploads\/sites\/35\/2020\/04\/\u00c5zzy-16-400x711.jpg 400w\" sizes=\"auto, (max-width: 480px) 100vw, 480px\" \/><\/figure><\/li><\/ul>\n\n\n\n<ul class=\"wp-block-gallery columns-2 is-cropped wp-block-gallery-2 is-layout-flex wp-block-gallery-is-layout-flex\"><li class=\"blocks-gallery-item\"><figure><img loading=\"lazy\" decoding=\"async\" width=\"750\" height=\"562\" src=\"https:\/\/www.djurskyddet.se\/kattfotenhalmstad\/wp-content\/uploads\/sites\/35\/2020\/04\/\u00c5zzy-9.jpg\" alt=\"\" data-id=\"9203\" data-link=\"https:\/\/www.djurskyddet.se\/kattfotenhalmstad\/?attachment_id=9203\" class=\"wp-image-9203\" srcset=\"https:\/\/www.djurskyddet.se\/kattfotenhalmstad\/wp-content\/uploads\/sites\/35\/2020\/04\/\u00c5zzy-9.jpg 750w, https:\/\/www.djurskyddet.se\/kattfotenhalmstad\/wp-content\/uploads\/sites\/35\/2020\/04\/\u00c5zzy-9-300x225.jpg 300w, https:\/\/www.djurskyddet.se\/kattfotenhalmstad\/wp-content\/uploads\/sites\/35\/2020\/04\/\u00c5zzy-9-400x300.jpg 400w\" sizes=\"auto, (max-width: 750px) 100vw, 750px\" \/><\/figure><\/li><li class=\"blocks-gallery-item\"><figure><img loading=\"lazy\" decoding=\"async\" width=\"480\" height=\"640\" src=\"https:\/\/www.djurskyddet.se\/kattfotenhalmstad\/wp-content\/uploads\/sites\/35\/2020\/04\/\u00c5zzy-11.jpg\" alt=\"\" data-id=\"9205\" data-link=\"https:\/\/www.djurskyddet.se\/kattfotenhalmstad\/?attachment_id=9205\" class=\"wp-image-9205\" srcset=\"https:\/\/www.djurskyddet.se\/kattfotenhalmstad\/wp-content\/uploads\/sites\/35\/2020\/04\/\u00c5zzy-11.jpg 480w, https:\/\/www.djurskyddet.se\/kattfotenhalmstad\/wp-content\/uploads\/sites\/35\/2020\/04\/\u00c5zzy-11-225x300.jpg 225w, https:\/\/www.djurskyddet.se\/kattfotenhalmstad\/wp-content\/uploads\/sites\/35\/2020\/04\/\u00c5zzy-11-400x533.jpg 400w\" sizes=\"auto, (max-width: 480px) 100vw, 480px\" \/><\/figure><\/li><li class=\"blocks-gallery-item\"><figure><img loading=\"lazy\" decoding=\"async\" width=\"480\" height=\"640\" src=\"https:\/\/www.djurskyddet.se\/kattfotenhalmstad\/wp-content\/uploads\/sites\/35\/2020\/04\/\u00c5zzy-4.jpg\" alt=\"\" data-id=\"9199\" data-link=\"https:\/\/www.djurskyddet.se\/kattfotenhalmstad\/?attachment_id=9199\" class=\"wp-image-9199\" srcset=\"https:\/\/www.djurskyddet.se\/kattfotenhalmstad\/wp-content\/uploads\/sites\/35\/2020\/04\/\u00c5zzy-4.jpg 480w, https:\/\/www.djurskyddet.se\/kattfotenhalmstad\/wp-content\/uploads\/sites\/35\/2020\/04\/\u00c5zzy-4-225x300.jpg 225w, https:\/\/www.djurskyddet.se\/kattfotenhalmstad\/wp-content\/uploads\/sites\/35\/2020\/04\/\u00c5zzy-4-400x533.jpg 400w\" sizes=\"auto, (max-width: 480px) 100vw, 480px\" \/><\/figure><\/li><li class=\"blocks-gallery-item\"><figure><img loading=\"lazy\" decoding=\"async\" width=\"480\" height=\"640\" src=\"https:\/\/www.djurskyddet.se\/kattfotenhalmstad\/wp-content\/uploads\/sites\/35\/2020\/04\/\u00c5zzy-3.jpg\" alt=\"\" data-id=\"9198\" data-link=\"https:\/\/www.djurskyddet.se\/kattfotenhalmstad\/?attachment_id=9198\" class=\"wp-image-9198\" srcset=\"https:\/\/www.djurskyddet.se\/kattfotenhalmstad\/wp-content\/uploads\/sites\/35\/2020\/04\/\u00c5zzy-3.jpg 480w, https:\/\/www.djurskyddet.se\/kattfotenhalmstad\/wp-content\/uploads\/sites\/35\/2020\/04\/\u00c5zzy-3-225x300.jpg 225w, https:\/\/www.djurskyddet.se\/kattfotenhalmstad\/wp-content\/uploads\/sites\/35\/2020\/04\/\u00c5zzy-3-400x533.jpg 400w\" sizes=\"auto, (max-width: 480px) 100vw, 480px\" \/><\/figure><\/li><li class=\"blocks-gallery-item\"><figure><img loading=\"lazy\" decoding=\"async\" width=\"480\" height=\"640\" src=\"https:\/\/www.djurskyddet.se\/kattfotenhalmstad\/wp-content\/uploads\/sites\/35\/2020\/04\/\u00c5zzy-2.jpg\" alt=\"\" data-id=\"9197\" data-link=\"https:\/\/www.djurskyddet.se\/kattfotenhalmstad\/?attachment_id=9197\" class=\"wp-image-9197\" srcset=\"https:\/\/www.djurskyddet.se\/kattfotenhalmstad\/wp-content\/uploads\/sites\/35\/2020\/04\/\u00c5zzy-2.jpg 480w, https:\/\/www.djurskyddet.se\/kattfotenhalmstad\/wp-content\/uploads\/sites\/35\/2020\/04\/\u00c5zzy-2-225x300.jpg 225w, https:\/\/www.djurskyddet.se\/kattfotenhalmstad\/wp-content\/uploads\/sites\/35\/2020\/04\/\u00c5zzy-2-400x533.jpg 400w\" sizes=\"auto, (max-width: 480px) 100vw, 480px\" \/><\/figure><\/li><li class=\"blocks-gallery-item\"><figure><img loading=\"lazy\" decoding=\"async\" width=\"480\" height=\"640\" src=\"https:\/\/www.djurskyddet.se\/kattfotenhalmstad\/wp-content\/uploads\/sites\/35\/2020\/04\/\u00c5zzy-5.jpg\" alt=\"\" data-id=\"9200\" data-link=\"https:\/\/www.djurskyddet.se\/kattfotenhalmstad\/?attachment_id=9200\" class=\"wp-image-9200\" srcset=\"https:\/\/www.djurskyddet.se\/kattfotenhalmstad\/wp-content\/uploads\/sites\/35\/2020\/04\/\u00c5zzy-5.jpg 480w, https:\/\/www.djurskyddet.se\/kattfotenhalmstad\/wp-content\/uploads\/sites\/35\/2020\/04\/\u00c5zzy-5-225x300.jpg 225w, https:\/\/www.djurskyddet.se\/kattfotenhalmstad\/wp-content\/uploads\/sites\/35\/2020\/04\/\u00c5zzy-5-400x533.jpg 400w\" sizes=\"auto, (max-width: 480px) 100vw, 480px\" \/><\/figure><\/li><li class=\"blocks-gallery-item\"><figure><img loading=\"lazy\" decoding=\"async\" width=\"480\" height=\"853\" src=\"https:\/\/www.djurskyddet.se\/kattfotenhalmstad\/wp-content\/uploads\/sites\/35\/2020\/04\/\u00c5zzy-13.jpg\" alt=\"\" data-id=\"9207\" data-link=\"https:\/\/www.djurskyddet.se\/kattfotenhalmstad\/?attachment_id=9207\" class=\"wp-image-9207\" srcset=\"https:\/\/www.djurskyddet.se\/kattfotenhalmstad\/wp-content\/uploads\/sites\/35\/2020\/04\/\u00c5zzy-13.jpg 480w, https:\/\/www.djurskyddet.se\/kattfotenhalmstad\/wp-content\/uploads\/sites\/35\/2020\/04\/\u00c5zzy-13-169x300.jpg 169w, https:\/\/www.djurskyddet.se\/kattfotenhalmstad\/wp-content\/uploads\/sites\/35\/2020\/04\/\u00c5zzy-13-400x711.jpg 400w\" sizes=\"auto, (max-width: 480px) 100vw, 480px\" \/><\/figure><\/li><li class=\"blocks-gallery-item\"><figure><img loading=\"lazy\" decoding=\"async\" width=\"480\" height=\"640\" src=\"https:\/\/www.djurskyddet.se\/kattfotenhalmstad\/wp-content\/uploads\/sites\/35\/2020\/04\/\u00c5zzy-14.jpg\" alt=\"\" data-id=\"9208\" data-link=\"https:\/\/www.djurskyddet.se\/kattfotenhalmstad\/?attachment_id=9208\" class=\"wp-image-9208\" srcset=\"https:\/\/www.djurskyddet.se\/kattfotenhalmstad\/wp-content\/uploads\/sites\/35\/2020\/04\/\u00c5zzy-14.jpg 480w, https:\/\/www.djurskyddet.se\/kattfotenhalmstad\/wp-content\/uploads\/sites\/35\/2020\/04\/\u00c5zzy-14-225x300.jpg 225w, https:\/\/www.djurskyddet.se\/kattfotenhalmstad\/wp-content\/uploads\/sites\/35\/2020\/04\/\u00c5zzy-14-400x533.jpg 400w\" sizes=\"auto, (max-width: 480px) 100vw, 480px\" \/><\/figure><\/li><li class=\"blocks-gallery-item\"><figure><img loading=\"lazy\" decoding=\"async\" width=\"480\" height=\"640\" src=\"https:\/\/www.djurskyddet.se\/kattfotenhalmstad\/wp-content\/uploads\/sites\/35\/2020\/04\/\u00c5zzy-1.jpg\" alt=\"\" data-id=\"9196\" data-link=\"https:\/\/www.djurskyddet.se\/kattfotenhalmstad\/?attachment_id=9196\" class=\"wp-image-9196\" srcset=\"https:\/\/www.djurskyddet.se\/kattfotenhalmstad\/wp-content\/uploads\/sites\/35\/2020\/04\/\u00c5zzy-1.jpg 480w, https:\/\/www.djurskyddet.se\/kattfotenhalmstad\/wp-content\/uploads\/sites\/35\/2020\/04\/\u00c5zzy-1-225x300.jpg 225w, https:\/\/www.djurskyddet.se\/kattfotenhalmstad\/wp-content\/uploads\/sites\/35\/2020\/04\/\u00c5zzy-1-400x533.jpg 400w\" sizes=\"auto, (max-width: 480px) 100vw, 480px\" \/><\/figure><\/li><li class=\"blocks-gallery-item\"><figure><img loading=\"lazy\" decoding=\"async\" width=\"750\" height=\"562\" src=\"https:\/\/www.djurskyddet.se\/kattfotenhalmstad\/wp-content\/uploads\/sites\/35\/2020\/04\/\u00c5zzy-10.jpg\" alt=\"\" data-id=\"9204\" data-link=\"https:\/\/www.djurskyddet.se\/kattfotenhalmstad\/?attachment_id=9204\" class=\"wp-image-9204\" srcset=\"https:\/\/www.djurskyddet.se\/kattfotenhalmstad\/wp-content\/uploads\/sites\/35\/2020\/04\/\u00c5zzy-10.jpg 750w, https:\/\/www.djurskyddet.se\/kattfotenhalmstad\/wp-content\/uploads\/sites\/35\/2020\/04\/\u00c5zzy-10-300x225.jpg 300w, https:\/\/www.djurskyddet.se\/kattfotenhalmstad\/wp-content\/uploads\/sites\/35\/2020\/04\/\u00c5zzy-10-400x300.jpg 400w\" sizes=\"auto, (max-width: 750px) 100vw, 750px\" \/><\/figure><\/li><li class=\"blocks-gallery-item\"><figure><img loading=\"lazy\" decoding=\"async\" width=\"750\" height=\"562\" src=\"https:\/\/www.djurskyddet.se\/kattfotenhalmstad\/wp-content\/uploads\/sites\/35\/2020\/04\/\u00c5zzy-7.jpg\" alt=\"\" data-id=\"9202\" data-link=\"https:\/\/www.djurskyddet.se\/kattfotenhalmstad\/?attachment_id=9202\" class=\"wp-image-9202\" srcset=\"https:\/\/www.djurskyddet.se\/kattfotenhalmstad\/wp-content\/uploads\/sites\/35\/2020\/04\/\u00c5zzy-7.jpg 750w, https:\/\/www.djurskyddet.se\/kattfotenhalmstad\/wp-content\/uploads\/sites\/35\/2020\/04\/\u00c5zzy-7-300x225.jpg 300w, https:\/\/www.djurskyddet.se\/kattfotenhalmstad\/wp-content\/uploads\/sites\/35\/2020\/04\/\u00c5zzy-7-400x300.jpg 400w\" sizes=\"auto, (max-width: 750px) 100vw, 750px\" \/><\/figure><\/li><\/ul>\n","protected":false},"excerpt":{"rendered":"<p>I oktober 2018 adopterades jag, \u00c5zzy. Jag \u00e4r en s\u00e5n buskatt! Alla i familjen \u00e4lskar mig enormt och jag betyder mycket f\u00f6r dem. Helt \u00e4rligt s\u00e5 s\u00e4ger de att jag \u00e4r det b\u00e4sta som h\u00e4nt dem. Jag bor ocks\u00e5 tillsammans med en hund som heter Bella och ibland busar vi med varandra.<\/p>\n","protected":false},"author":36,"featured_media":0,"parent":8735,"menu_order":0,"comment_status":"closed","ping_status":"closed","template":"page-templates\/left-sidebar.php","meta":{"_acf_changed":false,"footnotes":""},"class_list":["post-9195","page","type-page","status-publish","hentry"],"acf":[],"_links":{"self":[{"href":"https:\/\/www.djurskyddet.se\/kattfotenhalmstad\/wp-json\/wp\/v2\/pages\/9195","targetHints":{"allow":["GET"]}}],"collection":[{"href":"https:\/\/www.djurskyddet.se\/kattfotenhalmstad\/wp-json\/wp\/v2\/pages"}],"about":[{"href":"https:\/\/www.djurskyddet.se\/kattfotenhalmstad\/wp-json\/wp\/v2\/types\/page"}],"author":[{"embeddable":true,"href":"https:\/\/www.djurskyddet.se\/kattfotenhalmstad\/wp-json\/wp\/v2\/users\/36"}],"replies":[{"embeddable":true,"href":"https:\/\/www.djurskyddet.se\/kattfotenhalmstad\/wp-json\/wp\/v2\/comments?post=9195"}],"version-history":[{"count":2,"href":"https:\/\/www.djurskyddet.se\/kattfotenhalmstad\/wp-json\/wp\/v2\/pages\/9195\/revisions"}],"predecessor-version":[{"id":9213,"href":"https:\/\/www.djurskyddet.se\/kattfotenhalmstad\/wp-json\/wp\/v2\/pages\/9195\/revisions\/9213"}],"up":[{"embeddable":true,"href":"https:\/\/www.djurskyddet.se\/kattfotenhalmstad\/wp-json\/wp\/v2\/pages\/8735"}],"wp:attachment":[{"href":"https:\/\/www.djurskyddet.se\/kattfotenhalmstad\/wp-json\/wp\/v2\/media?parent=9195"}],"curies":[{"name":"wp","href":"https:\/\/api.w.org\/{rel}","templated":true}]}}