{"id":9232,"date":"2020-04-12T17:50:16","date_gmt":"2020-04-12T17:50:16","guid":{"rendered":"https:\/\/www.djurskyddet.se\/kattfotenhalmstad\/?page_id=9232"},"modified":"2020-04-12T19:08:42","modified_gmt":"2020-04-12T19:08:42","slug":"mira","status":"publish","type":"page","link":"https:\/\/www.djurskyddet.se\/kattfotenhalmstad\/lyckligt-slut-2\/adopterade-katter-2017\/mira\/","title":{"rendered":"Mira"},"content":{"rendered":"\n<p>Fr\u00e5n vanv\u00e5rd och p\u00e5 gr\u00e4nsen till avlivning hamnade jag, Mira, i jourhem hos en familj via katthemmet. Efter en l\u00e5ng resa med veterin\u00e4rbes\u00f6k och trygghet b\u00f6rjade jag l\u00e4ka och lita p\u00e5 den familjen. Jag b\u00f6rjade vara i samma rum som dem, prata med dem och l\u00e4t mig bli klappad. De gav mig m\u00f6jligheten att visa vem jag \u00e4r och blev tillslut mitt f\u00f6r alltid hem.<br><br>S\u00e5 vem \u00e4r jag? Den keligaste, v\u00e4nligaste och kramigaste lilla varelse som finns. Jag sover bredvid mattes huvudkudde varje natt och vill hela tiden vara med. Bes\u00f6kare brukar l\u00e4gga kommentaren \u201d\u00e5hh, en s\u00e5n katt skulle man ha!\u201d. Jag \u00e4r en i familjen, de \u00e4lskar mig s\u00e5 mycket!<\/p>\n\n\n\n<div class=\"wp-block-image\"><figure class=\"aligncenter\"><img loading=\"lazy\" decoding=\"async\" width=\"373\" height=\"280\" src=\"https:\/\/www.djurskyddet.se\/kattfotenhalmstad\/wp-content\/uploads\/sites\/35\/2020\/04\/Mira-1.jpg\" alt=\"\" class=\"wp-image-9233\" srcset=\"https:\/\/www.djurskyddet.se\/kattfotenhalmstad\/wp-content\/uploads\/sites\/35\/2020\/04\/Mira-1.jpg 373w, https:\/\/www.djurskyddet.se\/kattfotenhalmstad\/wp-content\/uploads\/sites\/35\/2020\/04\/Mira-1-300x225.jpg 300w\" sizes=\"auto, (max-width: 373px) 100vw, 373px\" \/><\/figure><\/div>\n\n\n\n<div class=\"wp-block-image\"><figure class=\"aligncenter\"><img loading=\"lazy\" decoding=\"async\" width=\"280\" height=\"373\" src=\"https:\/\/www.djurskyddet.se\/kattfotenhalmstad\/wp-content\/uploads\/sites\/35\/2020\/04\/Mira-2.jpg\" alt=\"\" class=\"wp-image-9234\" srcset=\"https:\/\/www.djurskyddet.se\/kattfotenhalmstad\/wp-content\/uploads\/sites\/35\/2020\/04\/Mira-2.jpg 280w, https:\/\/www.djurskyddet.se\/kattfotenhalmstad\/wp-content\/uploads\/sites\/35\/2020\/04\/Mira-2-225x300.jpg 225w\" sizes=\"auto, (max-width: 280px) 100vw, 280px\" \/><\/figure><\/div>\n","protected":false},"excerpt":{"rendered":"<p>Fr\u00e5n vanv\u00e5rd och p\u00e5 gr\u00e4nsen till avlivning hamnade jag, Mira, i jourhem hos en familj via katthemmet. Efter en l\u00e5ng resa med veterin\u00e4rbes\u00f6k och trygghet b\u00f6rjade jag l\u00e4ka och lita p\u00e5 den familjen. Jag b\u00f6rjade vara i samma rum som dem, prata med dem och l\u00e4t mig bli klappad. De gav mig m\u00f6jligheten att visa vem jag \u00e4r och blev tillslut mitt f\u00f6r alltid hem. S\u00e5 vem \u00e4r jag? Den&hellip;<\/p>\n<p><a class=\"more-link\" href=\"https:\/\/www.djurskyddet.se\/kattfotenhalmstad\/lyckligt-slut-2\/adopterade-katter-2017\/mira\/\" title=\"Continue reading &lsquo;Mira&rsquo;\">L&auml;s mer<span class=\"meta-nav\">&raquo;<\/span><\/a><\/p>\n","protected":false},"author":36,"featured_media":0,"parent":8755,"menu_order":0,"comment_status":"closed","ping_status":"closed","template":"page-templates\/left-sidebar.php","meta":{"_acf_changed":false,"footnotes":""},"class_list":["post-9232","page","type-page","status-publish","hentry"],"acf":[],"_links":{"self":[{"href":"https:\/\/www.djurskyddet.se\/kattfotenhalmstad\/wp-json\/wp\/v2\/pages\/9232","targetHints":{"allow":["GET"]}}],"collection":[{"href":"https:\/\/www.djurskyddet.se\/kattfotenhalmstad\/wp-json\/wp\/v2\/pages"}],"about":[{"href":"https:\/\/www.djurskyddet.se\/kattfotenhalmstad\/wp-json\/wp\/v2\/types\/page"}],"author":[{"embeddable":true,"href":"https:\/\/www.djurskyddet.se\/kattfotenhalmstad\/wp-json\/wp\/v2\/users\/36"}],"replies":[{"embeddable":true,"href":"https:\/\/www.djurskyddet.se\/kattfotenhalmstad\/wp-json\/wp\/v2\/comments?post=9232"}],"version-history":[{"count":2,"href":"https:\/\/www.djurskyddet.se\/kattfotenhalmstad\/wp-json\/wp\/v2\/pages\/9232\/revisions"}],"predecessor-version":[{"id":9278,"href":"https:\/\/www.djurskyddet.se\/kattfotenhalmstad\/wp-json\/wp\/v2\/pages\/9232\/revisions\/9278"}],"up":[{"embeddable":true,"href":"https:\/\/www.djurskyddet.se\/kattfotenhalmstad\/wp-json\/wp\/v2\/pages\/8755"}],"wp:attachment":[{"href":"https:\/\/www.djurskyddet.se\/kattfotenhalmstad\/wp-json\/wp\/v2\/media?parent=9232"}],"curies":[{"name":"wp","href":"https:\/\/api.w.org\/{rel}","templated":true}]}}