{"id":9238,"date":"2020-04-12T18:04:17","date_gmt":"2020-04-12T18:04:17","guid":{"rendered":"https:\/\/www.djurskyddet.se\/kattfotenhalmstad\/?page_id=9238"},"modified":"2020-04-12T18:07:02","modified_gmt":"2020-04-12T18:07:02","slug":"mimmi-och-musse","status":"publish","type":"page","link":"https:\/\/www.djurskyddet.se\/kattfotenhalmstad\/adopterade-katter-2019\/mimmi-och-musse\/","title":{"rendered":"Mimmi och Musse"},"content":{"rendered":"\n<p>Mimmi h\u00e4r, jag och brorsan Musse blev adopterade 2019. Vi \u00e4r tv\u00e5 syskon som knappast kan vara mer olika till kynnet. Musse \u00e4r \u00e4ventyraren som g\u00e4rna \u00e4r ute hela dagen. Nyfiken och l\u00e4raktig! Jag \u00e4r den lilla blyga tjejen som utvecklats v\u00e4ldigt mycket sen jag kom till v\u00e5rt f\u00f6r alltid hem. \u00c4lskar att ligga i buskarna och titta p\u00e5 f\u00e5glar. Det \u00e4r s\u00e5klart jag som best\u00e4mmer \u00f6ver brorsan. V\u00e5r familj tycker vi \u00e4r helt underbara och \u00e4lskar oss!<\/p>\n\n\n\n<ul class=\"wp-block-gallery columns-2 is-cropped wp-block-gallery-1 is-layout-flex wp-block-gallery-is-layout-flex\"><li class=\"blocks-gallery-item\"><figure><img loading=\"lazy\" decoding=\"async\" width=\"230\" height=\"413\" src=\"https:\/\/www.djurskyddet.se\/kattfotenhalmstad\/wp-content\/uploads\/sites\/35\/2020\/04\/Musse-2-1.jpg\" alt=\"\" data-id=\"9249\" data-link=\"https:\/\/www.djurskyddet.se\/kattfotenhalmstad\/?attachment_id=9249\" class=\"wp-image-9249\" srcset=\"https:\/\/www.djurskyddet.se\/kattfotenhalmstad\/wp-content\/uploads\/sites\/35\/2020\/04\/Musse-2-1.jpg 230w, https:\/\/www.djurskyddet.se\/kattfotenhalmstad\/wp-content\/uploads\/sites\/35\/2020\/04\/Musse-2-1-167x300.jpg 167w\" sizes=\"auto, (max-width: 230px) 100vw, 230px\" \/><figcaption>Musse<\/figcaption><\/figure><\/li><li class=\"blocks-gallery-item\"><figure><img loading=\"lazy\" decoding=\"async\" width=\"224\" height=\"480\" src=\"https:\/\/www.djurskyddet.se\/kattfotenhalmstad\/wp-content\/uploads\/sites\/35\/2020\/04\/Mimmi-1-1.jpg\" alt=\"\" data-id=\"9244\" data-link=\"https:\/\/www.djurskyddet.se\/kattfotenhalmstad\/?attachment_id=9244\" class=\"wp-image-9244\" srcset=\"https:\/\/www.djurskyddet.se\/kattfotenhalmstad\/wp-content\/uploads\/sites\/35\/2020\/04\/Mimmi-1-1.jpg 224w, https:\/\/www.djurskyddet.se\/kattfotenhalmstad\/wp-content\/uploads\/sites\/35\/2020\/04\/Mimmi-1-1-140x300.jpg 140w\" sizes=\"auto, (max-width: 224px) 100vw, 224px\" \/><figcaption>Mimmi<\/figcaption><\/figure><\/li><li class=\"blocks-gallery-item\"><figure><img loading=\"lazy\" decoding=\"async\" width=\"323\" height=\"280\" src=\"https:\/\/www.djurskyddet.se\/kattfotenhalmstad\/wp-content\/uploads\/sites\/35\/2020\/04\/Musse-1-1.jpg\" alt=\"\" data-id=\"9248\" data-link=\"https:\/\/www.djurskyddet.se\/kattfotenhalmstad\/?attachment_id=9248\" class=\"wp-image-9248\" srcset=\"https:\/\/www.djurskyddet.se\/kattfotenhalmstad\/wp-content\/uploads\/sites\/35\/2020\/04\/Musse-1-1.jpg 323w, https:\/\/www.djurskyddet.se\/kattfotenhalmstad\/wp-content\/uploads\/sites\/35\/2020\/04\/Musse-1-1-300x260.jpg 300w\" sizes=\"auto, (max-width: 323px) 100vw, 323px\" \/><figcaption>Musse<\/figcaption><\/figure><\/li><li class=\"blocks-gallery-item\"><figure><img loading=\"lazy\" decoding=\"async\" width=\"367\" height=\"280\" src=\"https:\/\/www.djurskyddet.se\/kattfotenhalmstad\/wp-content\/uploads\/sites\/35\/2020\/04\/Mimmi-2.jpg\" alt=\"\" data-id=\"9245\" data-link=\"https:\/\/www.djurskyddet.se\/kattfotenhalmstad\/?attachment_id=9245\" class=\"wp-image-9245\" srcset=\"https:\/\/www.djurskyddet.se\/kattfotenhalmstad\/wp-content\/uploads\/sites\/35\/2020\/04\/Mimmi-2.jpg 367w, https:\/\/www.djurskyddet.se\/kattfotenhalmstad\/wp-content\/uploads\/sites\/35\/2020\/04\/Mimmi-2-300x229.jpg 300w\" sizes=\"auto, (max-width: 367px) 100vw, 367px\" \/><figcaption>Mimmi<\/figcaption><\/figure><\/li><li class=\"blocks-gallery-item\"><figure><img loading=\"lazy\" decoding=\"async\" width=\"362\" height=\"362\" src=\"https:\/\/www.djurskyddet.se\/kattfotenhalmstad\/wp-content\/uploads\/sites\/35\/2020\/04\/Mimmi-och-Musse-2-1.jpg\" alt=\"\" data-id=\"9247\" data-link=\"https:\/\/www.djurskyddet.se\/kattfotenhalmstad\/?attachment_id=9247\" class=\"wp-image-9247\" srcset=\"https:\/\/www.djurskyddet.se\/kattfotenhalmstad\/wp-content\/uploads\/sites\/35\/2020\/04\/Mimmi-och-Musse-2-1.jpg 362w, https:\/\/www.djurskyddet.se\/kattfotenhalmstad\/wp-content\/uploads\/sites\/35\/2020\/04\/Mimmi-och-Musse-2-1-150x150.jpg 150w, https:\/\/www.djurskyddet.se\/kattfotenhalmstad\/wp-content\/uploads\/sites\/35\/2020\/04\/Mimmi-och-Musse-2-1-300x300.jpg 300w\" sizes=\"auto, (max-width: 362px) 100vw, 362px\" \/><\/figure><\/li><\/ul>\n\n\n\n<div class=\"wp-block-image\"><figure class=\"aligncenter\"><img loading=\"lazy\" decoding=\"async\" width=\"219\" height=\"450\" src=\"https:\/\/www.djurskyddet.se\/kattfotenhalmstad\/wp-content\/uploads\/sites\/35\/2020\/04\/Mimmi-och-Muss-1-1.jpg\" alt=\"\" class=\"wp-image-9246\" srcset=\"https:\/\/www.djurskyddet.se\/kattfotenhalmstad\/wp-content\/uploads\/sites\/35\/2020\/04\/Mimmi-och-Muss-1-1.jpg 219w, https:\/\/www.djurskyddet.se\/kattfotenhalmstad\/wp-content\/uploads\/sites\/35\/2020\/04\/Mimmi-och-Muss-1-1-146x300.jpg 146w\" sizes=\"auto, (max-width: 219px) 100vw, 219px\" \/><\/figure><\/div>\n","protected":false},"excerpt":{"rendered":"<p>Mimmi h\u00e4r, jag och brorsan Musse blev adopterade 2019. Vi \u00e4r tv\u00e5 syskon som knappast kan vara mer olika till kynnet. Musse \u00e4r \u00e4ventyraren som g\u00e4rna \u00e4r ute hela dagen. Nyfiken och l\u00e4raktig! Jag \u00e4r den lilla blyga tjejen som utvecklats v\u00e4ldigt mycket sen jag kom till v\u00e5rt f\u00f6r alltid hem. \u00c4lskar att ligga i buskarna och titta p\u00e5 f\u00e5glar. Det \u00e4r s\u00e5klart jag som best\u00e4mmer \u00f6ver brorsan. V\u00e5r familj&hellip;<\/p>\n<p><a class=\"more-link\" href=\"https:\/\/www.djurskyddet.se\/kattfotenhalmstad\/adopterade-katter-2019\/mimmi-och-musse\/\" title=\"Continue reading &lsquo;Mimmi och Musse&rsquo;\">L&auml;s mer<span class=\"meta-nav\">&raquo;<\/span><\/a><\/p>\n","protected":false},"author":36,"featured_media":0,"parent":8687,"menu_order":0,"comment_status":"closed","ping_status":"closed","template":"page-templates\/left-sidebar.php","meta":{"_acf_changed":false,"footnotes":""},"class_list":["post-9238","page","type-page","status-publish","hentry"],"acf":[],"_links":{"self":[{"href":"https:\/\/www.djurskyddet.se\/kattfotenhalmstad\/wp-json\/wp\/v2\/pages\/9238","targetHints":{"allow":["GET"]}}],"collection":[{"href":"https:\/\/www.djurskyddet.se\/kattfotenhalmstad\/wp-json\/wp\/v2\/pages"}],"about":[{"href":"https:\/\/www.djurskyddet.se\/kattfotenhalmstad\/wp-json\/wp\/v2\/types\/page"}],"author":[{"embeddable":true,"href":"https:\/\/www.djurskyddet.se\/kattfotenhalmstad\/wp-json\/wp\/v2\/users\/36"}],"replies":[{"embeddable":true,"href":"https:\/\/www.djurskyddet.se\/kattfotenhalmstad\/wp-json\/wp\/v2\/comments?post=9238"}],"version-history":[{"count":3,"href":"https:\/\/www.djurskyddet.se\/kattfotenhalmstad\/wp-json\/wp\/v2\/pages\/9238\/revisions"}],"predecessor-version":[{"id":9252,"href":"https:\/\/www.djurskyddet.se\/kattfotenhalmstad\/wp-json\/wp\/v2\/pages\/9238\/revisions\/9252"}],"up":[{"embeddable":true,"href":"https:\/\/www.djurskyddet.se\/kattfotenhalmstad\/wp-json\/wp\/v2\/pages\/8687"}],"wp:attachment":[{"href":"https:\/\/www.djurskyddet.se\/kattfotenhalmstad\/wp-json\/wp\/v2\/media?parent=9238"}],"curies":[{"name":"wp","href":"https:\/\/api.w.org\/{rel}","templated":true}]}}