{"id":9255,"date":"2020-04-12T18:41:20","date_gmt":"2020-04-12T18:41:20","guid":{"rendered":"https:\/\/www.djurskyddet.se\/kattfotenhalmstad\/?page_id=9255"},"modified":"2020-04-12T19:12:34","modified_gmt":"2020-04-12T19:12:34","slug":"yoda","status":"publish","type":"page","link":"https:\/\/www.djurskyddet.se\/kattfotenhalmstad\/lyckligt-slut-2\/adopterade-katter-2013\/yoda\/","title":{"rendered":"Yoda"},"content":{"rendered":"\n<p> Yoda h\u00e4r, jag adopterades tillsammans med min bror Bumblebee 2013. Jag var v\u00e4ldigt skygg i b\u00f6rjan och g\u00f6mde mig n\u00e4stan i tv\u00e5 veckor i en kl\u00f6sm\u00f6bel som mitt adoptivhem hade k\u00f6pt. Efter ett tag b\u00f6rjade jag komma fram och v\u00e4nja mig vid min nya familj. Nu \u00e4r jag v\u00e4rldens kelgris och sitter g\u00e4rna med min familj i soffan p\u00e5 kv\u00e4llarna. N\u00e4r de adopterade mig trodde personalen p\u00e5 Kattfoten att jag skulle trivas b\u00e4st som innekatt, men n\u00e4r vi flyttade ut p\u00e5 landet fick jag prova att vara ute. Nu 4 \u00e5r senare \u00e4r jag ute hela dagarna p\u00e5 v\u00e5ren och sommaren. Och en sak \u00e4r s\u00e4kert, min familj beh\u00f6ver aldrig vara oroliga \u00f6ver att f\u00f6rsova sig, f\u00f6r n\u00e4stan prick 05:30 varje morgon, g\u00e5r jag in i sovrummet och jamar! Jag \u00e4r fortfarande skygg mot de som jag inte k\u00e4nner igen eller om det \u00e4r mycket folk hemma, men n\u00e4r du v\u00e4l vunnit mitt f\u00f6rtroende \u00e4r jag helt underbar!<br><\/p>\n\n\n\n<ul class=\"wp-block-gallery columns-2 is-cropped wp-block-gallery-1 is-layout-flex wp-block-gallery-is-layout-flex\"><li class=\"blocks-gallery-item\"><figure><img loading=\"lazy\" decoding=\"async\" width=\"280\" height=\"373\" src=\"https:\/\/www.djurskyddet.se\/kattfotenhalmstad\/wp-content\/uploads\/sites\/35\/2020\/04\/Yoda-1.jpg\" alt=\"\" data-id=\"9256\" data-link=\"https:\/\/www.djurskyddet.se\/kattfotenhalmstad\/?attachment_id=9256\" class=\"wp-image-9256\" srcset=\"https:\/\/www.djurskyddet.se\/kattfotenhalmstad\/wp-content\/uploads\/sites\/35\/2020\/04\/Yoda-1.jpg 280w, https:\/\/www.djurskyddet.se\/kattfotenhalmstad\/wp-content\/uploads\/sites\/35\/2020\/04\/Yoda-1-225x300.jpg 225w\" sizes=\"auto, (max-width: 280px) 100vw, 280px\" \/><\/figure><\/li><li class=\"blocks-gallery-item\"><figure><img loading=\"lazy\" decoding=\"async\" width=\"280\" height=\"373\" src=\"https:\/\/www.djurskyddet.se\/kattfotenhalmstad\/wp-content\/uploads\/sites\/35\/2020\/04\/Yoda-2.jpg\" alt=\"\" data-id=\"9257\" data-link=\"https:\/\/www.djurskyddet.se\/kattfotenhalmstad\/?attachment_id=9257\" class=\"wp-image-9257\" srcset=\"https:\/\/www.djurskyddet.se\/kattfotenhalmstad\/wp-content\/uploads\/sites\/35\/2020\/04\/Yoda-2.jpg 280w, https:\/\/www.djurskyddet.se\/kattfotenhalmstad\/wp-content\/uploads\/sites\/35\/2020\/04\/Yoda-2-225x300.jpg 225w\" sizes=\"auto, (max-width: 280px) 100vw, 280px\" \/><\/figure><\/li><\/ul>\n\n\n\n<div class=\"wp-block-image\"><figure class=\"aligncenter\"><img loading=\"lazy\" decoding=\"async\" width=\"280\" height=\"373\" src=\"https:\/\/www.djurskyddet.se\/kattfotenhalmstad\/wp-content\/uploads\/sites\/35\/2020\/04\/Yoda-3-1.jpg\" alt=\"\" class=\"wp-image-9281\" srcset=\"https:\/\/www.djurskyddet.se\/kattfotenhalmstad\/wp-content\/uploads\/sites\/35\/2020\/04\/Yoda-3-1.jpg 280w, https:\/\/www.djurskyddet.se\/kattfotenhalmstad\/wp-content\/uploads\/sites\/35\/2020\/04\/Yoda-3-1-225x300.jpg 225w\" sizes=\"auto, (max-width: 280px) 100vw, 280px\" \/><\/figure><\/div>\n","protected":false},"excerpt":{"rendered":"<p>Yoda h\u00e4r, jag adopterades tillsammans med min bror Bumblebee 2013. Jag var v\u00e4ldigt skygg i b\u00f6rjan och g\u00f6mde mig n\u00e4stan i tv\u00e5 veckor i en kl\u00f6sm\u00f6bel som mitt adoptivhem hade k\u00f6pt. Efter ett tag b\u00f6rjade jag komma fram och v\u00e4nja mig vid min nya familj. Nu \u00e4r jag v\u00e4rldens kelgris och sitter g\u00e4rna med min familj i soffan p\u00e5 kv\u00e4llarna. N\u00e4r de adopterade mig trodde personalen p\u00e5 Kattfoten att jag&hellip;<\/p>\n<p><a class=\"more-link\" href=\"https:\/\/www.djurskyddet.se\/kattfotenhalmstad\/lyckligt-slut-2\/adopterade-katter-2013\/yoda\/\" title=\"Continue reading &lsquo;Yoda&rsquo;\">L&auml;s mer<span class=\"meta-nav\">&raquo;<\/span><\/a><\/p>\n","protected":false},"author":36,"featured_media":0,"parent":8771,"menu_order":0,"comment_status":"closed","ping_status":"closed","template":"page-templates\/left-sidebar.php","meta":{"_acf_changed":false,"footnotes":""},"class_list":["post-9255","page","type-page","status-publish","hentry"],"acf":[],"_links":{"self":[{"href":"https:\/\/www.djurskyddet.se\/kattfotenhalmstad\/wp-json\/wp\/v2\/pages\/9255","targetHints":{"allow":["GET"]}}],"collection":[{"href":"https:\/\/www.djurskyddet.se\/kattfotenhalmstad\/wp-json\/wp\/v2\/pages"}],"about":[{"href":"https:\/\/www.djurskyddet.se\/kattfotenhalmstad\/wp-json\/wp\/v2\/types\/page"}],"author":[{"embeddable":true,"href":"https:\/\/www.djurskyddet.se\/kattfotenhalmstad\/wp-json\/wp\/v2\/users\/36"}],"replies":[{"embeddable":true,"href":"https:\/\/www.djurskyddet.se\/kattfotenhalmstad\/wp-json\/wp\/v2\/comments?post=9255"}],"version-history":[{"count":3,"href":"https:\/\/www.djurskyddet.se\/kattfotenhalmstad\/wp-json\/wp\/v2\/pages\/9255\/revisions"}],"predecessor-version":[{"id":9282,"href":"https:\/\/www.djurskyddet.se\/kattfotenhalmstad\/wp-json\/wp\/v2\/pages\/9255\/revisions\/9282"}],"up":[{"embeddable":true,"href":"https:\/\/www.djurskyddet.se\/kattfotenhalmstad\/wp-json\/wp\/v2\/pages\/8771"}],"wp:attachment":[{"href":"https:\/\/www.djurskyddet.se\/kattfotenhalmstad\/wp-json\/wp\/v2\/media?parent=9255"}],"curies":[{"name":"wp","href":"https:\/\/api.w.org\/{rel}","templated":true}]}}