{"id":9383,"date":"2020-04-21T19:05:00","date_gmt":"2020-04-21T19:05:00","guid":{"rendered":"https:\/\/www.djurskyddet.se\/kattfotenhalmstad\/?page_id=9383"},"modified":"2020-04-21T19:08:02","modified_gmt":"2020-04-21T19:08:02","slug":"alfred","status":"publish","type":"page","link":"https:\/\/www.djurskyddet.se\/kattfotenhalmstad\/lyckligt-slut-2\/adopterade-katter-2016\/alfred\/","title":{"rendered":"Alfred"},"content":{"rendered":"\n<p>Runt 2016 gjorde min familj ett bes\u00f6k p\u00e5 katthemmet f\u00f6r att adoptera en andra katt. Tyv\u00e4rr finns inte Vincent kvar, han var deras f\u00f6rsta katt fr\u00e5n Kattfoten. Vincent blev dessv\u00e4rre p\u00e5k\u00f6rd, vila i frid min v\u00e4n. D\u00e4remot \u00e4r hans vapendragare i sitt livs b\u00e4sta form. Och det \u00e4r jag &#8211; Alfred! P\u00e5 katthemmet hette jag Kurt men jag trivs b\u00e4ttre med nya namnet Alfred. Det f\u00f6rsta minnet min familj har av mig \u00e4r att jag var blyg och en v\u00e4ldigt robust utekatt som \u00e4lskar bl\u00f6tmat. Kattfoten hittade mig i lasten p\u00e5 en lastbil och vilken tur att de gjorde det! Idag \u00e4r jag en k\u00e4r familjemedlem. Man kelar inte med mig f\u00f6r att man kan, utan f\u00f6r att man f\u00f6rtj\u00e4nar det. Min familj tycker att Kattfoten g\u00f6r ett fantastiskt och viktigt jobb, b\u00e5de f\u00f6r m\u00e4nniskorna och deras hall\u00e4ndska katter!<\/p>\n\n\n\n<ul class=\"wp-block-gallery columns-2 is-cropped wp-block-gallery-1 is-layout-flex wp-block-gallery-is-layout-flex\"><li class=\"blocks-gallery-item\"><figure><img loading=\"lazy\" decoding=\"async\" width=\"280\" height=\"373\" src=\"https:\/\/www.djurskyddet.se\/kattfotenhalmstad\/wp-content\/uploads\/sites\/35\/2020\/04\/Alfred-1.jpg\" alt=\"\" data-id=\"9384\" data-link=\"https:\/\/www.djurskyddet.se\/kattfotenhalmstad\/?attachment_id=9384\" class=\"wp-image-9384\" srcset=\"https:\/\/www.djurskyddet.se\/kattfotenhalmstad\/wp-content\/uploads\/sites\/35\/2020\/04\/Alfred-1.jpg 280w, https:\/\/www.djurskyddet.se\/kattfotenhalmstad\/wp-content\/uploads\/sites\/35\/2020\/04\/Alfred-1-225x300.jpg 225w\" sizes=\"auto, (max-width: 280px) 100vw, 280px\" \/><\/figure><\/li><li class=\"blocks-gallery-item\"><figure><img loading=\"lazy\" decoding=\"async\" width=\"280\" height=\"497\" src=\"https:\/\/www.djurskyddet.se\/kattfotenhalmstad\/wp-content\/uploads\/sites\/35\/2020\/04\/Alfred-2.jpg\" alt=\"\" data-id=\"9385\" data-link=\"https:\/\/www.djurskyddet.se\/kattfotenhalmstad\/?attachment_id=9385\" class=\"wp-image-9385\" srcset=\"https:\/\/www.djurskyddet.se\/kattfotenhalmstad\/wp-content\/uploads\/sites\/35\/2020\/04\/Alfred-2.jpg 280w, https:\/\/www.djurskyddet.se\/kattfotenhalmstad\/wp-content\/uploads\/sites\/35\/2020\/04\/Alfred-2-169x300.jpg 169w\" sizes=\"auto, (max-width: 280px) 100vw, 280px\" \/><\/figure><\/li><\/ul>\n\n\n\n<div class=\"wp-block-image\"><figure class=\"aligncenter\"><img loading=\"lazy\" decoding=\"async\" width=\"373\" height=\"280\" src=\"https:\/\/www.djurskyddet.se\/kattfotenhalmstad\/wp-content\/uploads\/sites\/35\/2020\/04\/Alfred-och-Vincent.jpg\" alt=\"\" class=\"wp-image-9386\" srcset=\"https:\/\/www.djurskyddet.se\/kattfotenhalmstad\/wp-content\/uploads\/sites\/35\/2020\/04\/Alfred-och-Vincent.jpg 373w, https:\/\/www.djurskyddet.se\/kattfotenhalmstad\/wp-content\/uploads\/sites\/35\/2020\/04\/Alfred-och-Vincent-300x225.jpg 300w\" sizes=\"auto, (max-width: 373px) 100vw, 373px\" \/><\/figure><\/div>\n","protected":false},"excerpt":{"rendered":"<p>Runt 2016 gjorde min familj ett bes\u00f6k p\u00e5 katthemmet f\u00f6r att adoptera en andra katt. Tyv\u00e4rr finns inte Vincent kvar, han var deras f\u00f6rsta katt fr\u00e5n Kattfoten. Vincent blev dessv\u00e4rre p\u00e5k\u00f6rd, vila i frid min v\u00e4n. D\u00e4remot \u00e4r hans vapendragare i sitt livs b\u00e4sta form. Och det \u00e4r jag &#8211; Alfred! P\u00e5 katthemmet hette jag Kurt men jag trivs b\u00e4ttre med nya namnet Alfred. Det f\u00f6rsta minnet min familj har&hellip;<\/p>\n<p><a class=\"more-link\" href=\"https:\/\/www.djurskyddet.se\/kattfotenhalmstad\/lyckligt-slut-2\/adopterade-katter-2016\/alfred\/\" title=\"Continue reading &lsquo;Alfred&rsquo;\">L&auml;s mer<span class=\"meta-nav\">&raquo;<\/span><\/a><\/p>\n","protected":false},"author":36,"featured_media":0,"parent":8756,"menu_order":0,"comment_status":"closed","ping_status":"closed","template":"page-templates\/left-sidebar.php","meta":{"_acf_changed":false,"footnotes":""},"class_list":["post-9383","page","type-page","status-publish","hentry"],"acf":[],"_links":{"self":[{"href":"https:\/\/www.djurskyddet.se\/kattfotenhalmstad\/wp-json\/wp\/v2\/pages\/9383","targetHints":{"allow":["GET"]}}],"collection":[{"href":"https:\/\/www.djurskyddet.se\/kattfotenhalmstad\/wp-json\/wp\/v2\/pages"}],"about":[{"href":"https:\/\/www.djurskyddet.se\/kattfotenhalmstad\/wp-json\/wp\/v2\/types\/page"}],"author":[{"embeddable":true,"href":"https:\/\/www.djurskyddet.se\/kattfotenhalmstad\/wp-json\/wp\/v2\/users\/36"}],"replies":[{"embeddable":true,"href":"https:\/\/www.djurskyddet.se\/kattfotenhalmstad\/wp-json\/wp\/v2\/comments?post=9383"}],"version-history":[{"count":2,"href":"https:\/\/www.djurskyddet.se\/kattfotenhalmstad\/wp-json\/wp\/v2\/pages\/9383\/revisions"}],"predecessor-version":[{"id":9389,"href":"https:\/\/www.djurskyddet.se\/kattfotenhalmstad\/wp-json\/wp\/v2\/pages\/9383\/revisions\/9389"}],"up":[{"embeddable":true,"href":"https:\/\/www.djurskyddet.se\/kattfotenhalmstad\/wp-json\/wp\/v2\/pages\/8756"}],"wp:attachment":[{"href":"https:\/\/www.djurskyddet.se\/kattfotenhalmstad\/wp-json\/wp\/v2\/media?parent=9383"}],"curies":[{"name":"wp","href":"https:\/\/api.w.org\/{rel}","templated":true}]}}