{"id":9494,"date":"2020-05-01T09:38:08","date_gmt":"2020-05-01T09:38:08","guid":{"rendered":"https:\/\/www.djurskyddet.se\/kattfotenhalmstad\/?page_id=9494"},"modified":"2020-05-01T09:38:09","modified_gmt":"2020-05-01T09:38:09","slug":"panter","status":"publish","type":"page","link":"https:\/\/www.djurskyddet.se\/kattfotenhalmstad\/lyckligt-slut-2\/adopterade-katter-2020\/panter\/","title":{"rendered":"Panter"},"content":{"rendered":"\n<p>Panter \u00e4r namnet, jag \u00e4r en lekfull liten kille som g\u00e4rna busar hur mycket som helst! Jag \u00e4lskar att bli kliad och mysa till det p\u00e5 morgonen. Har inga problem att vara den som v\u00e4cker familjen f\u00f6r att f\u00e5 en mysig stund p\u00e5 morgonen. En ny favoritsyssla \u00e4r att vara ute men endast n\u00e4r det \u00e4r tillr\u00e4ckligt vindstilla och soligt ute, annars \u00e4r jag lite kr\u00e4sen.<\/p>\n\n\n\n<ul class=\"wp-block-gallery columns-2 is-cropped wp-block-gallery-1 is-layout-flex wp-block-gallery-is-layout-flex\"><li class=\"blocks-gallery-item\"><figure><img loading=\"lazy\" decoding=\"async\" width=\"280\" height=\"373\" src=\"https:\/\/www.djurskyddet.se\/kattfotenhalmstad\/wp-content\/uploads\/sites\/35\/2020\/05\/Panter-6.jpg\" alt=\"\" data-id=\"9500\" data-link=\"https:\/\/www.djurskyddet.se\/kattfotenhalmstad\/?attachment_id=9500\" class=\"wp-image-9500\" srcset=\"https:\/\/www.djurskyddet.se\/kattfotenhalmstad\/wp-content\/uploads\/sites\/35\/2020\/05\/Panter-6.jpg 280w, https:\/\/www.djurskyddet.se\/kattfotenhalmstad\/wp-content\/uploads\/sites\/35\/2020\/05\/Panter-6-225x300.jpg 225w\" sizes=\"auto, (max-width: 280px) 100vw, 280px\" \/><\/figure><\/li><li class=\"blocks-gallery-item\"><figure><img loading=\"lazy\" decoding=\"async\" width=\"280\" height=\"373\" src=\"https:\/\/www.djurskyddet.se\/kattfotenhalmstad\/wp-content\/uploads\/sites\/35\/2020\/05\/Panter-5.jpg\" alt=\"\" data-id=\"9499\" data-link=\"https:\/\/www.djurskyddet.se\/kattfotenhalmstad\/?attachment_id=9499\" class=\"wp-image-9499\" srcset=\"https:\/\/www.djurskyddet.se\/kattfotenhalmstad\/wp-content\/uploads\/sites\/35\/2020\/05\/Panter-5.jpg 280w, https:\/\/www.djurskyddet.se\/kattfotenhalmstad\/wp-content\/uploads\/sites\/35\/2020\/05\/Panter-5-225x300.jpg 225w\" sizes=\"auto, (max-width: 280px) 100vw, 280px\" \/><\/figure><\/li><li class=\"blocks-gallery-item\"><figure><img loading=\"lazy\" decoding=\"async\" width=\"342\" height=\"456\" src=\"https:\/\/www.djurskyddet.se\/kattfotenhalmstad\/wp-content\/uploads\/sites\/35\/2020\/05\/Panter-4.jpg\" alt=\"\" data-id=\"9498\" data-link=\"https:\/\/www.djurskyddet.se\/kattfotenhalmstad\/?attachment_id=9498\" class=\"wp-image-9498\" srcset=\"https:\/\/www.djurskyddet.se\/kattfotenhalmstad\/wp-content\/uploads\/sites\/35\/2020\/05\/Panter-4.jpg 342w, https:\/\/www.djurskyddet.se\/kattfotenhalmstad\/wp-content\/uploads\/sites\/35\/2020\/05\/Panter-4-225x300.jpg 225w\" sizes=\"auto, (max-width: 342px) 100vw, 342px\" \/><\/figure><\/li><li class=\"blocks-gallery-item\"><figure><img loading=\"lazy\" decoding=\"async\" width=\"342\" height=\"456\" src=\"https:\/\/www.djurskyddet.se\/kattfotenhalmstad\/wp-content\/uploads\/sites\/35\/2020\/05\/Panter-3.jpg\" alt=\"\" data-id=\"9497\" data-link=\"https:\/\/www.djurskyddet.se\/kattfotenhalmstad\/?attachment_id=9497\" class=\"wp-image-9497\" srcset=\"https:\/\/www.djurskyddet.se\/kattfotenhalmstad\/wp-content\/uploads\/sites\/35\/2020\/05\/Panter-3.jpg 342w, https:\/\/www.djurskyddet.se\/kattfotenhalmstad\/wp-content\/uploads\/sites\/35\/2020\/05\/Panter-3-225x300.jpg 225w\" sizes=\"auto, (max-width: 342px) 100vw, 342px\" \/><\/figure><\/li><li class=\"blocks-gallery-item\"><figure><img loading=\"lazy\" decoding=\"async\" width=\"456\" height=\"342\" src=\"https:\/\/www.djurskyddet.se\/kattfotenhalmstad\/wp-content\/uploads\/sites\/35\/2020\/05\/Panter-1.jpg\" alt=\"\" data-id=\"9495\" data-link=\"https:\/\/www.djurskyddet.se\/kattfotenhalmstad\/?attachment_id=9495\" class=\"wp-image-9495\" srcset=\"https:\/\/www.djurskyddet.se\/kattfotenhalmstad\/wp-content\/uploads\/sites\/35\/2020\/05\/Panter-1.jpg 456w, https:\/\/www.djurskyddet.se\/kattfotenhalmstad\/wp-content\/uploads\/sites\/35\/2020\/05\/Panter-1-300x225.jpg 300w, https:\/\/www.djurskyddet.se\/kattfotenhalmstad\/wp-content\/uploads\/sites\/35\/2020\/05\/Panter-1-400x300.jpg 400w\" sizes=\"auto, (max-width: 456px) 100vw, 456px\" \/><\/figure><\/li><li class=\"blocks-gallery-item\"><figure><img loading=\"lazy\" decoding=\"async\" width=\"342\" height=\"456\" src=\"https:\/\/www.djurskyddet.se\/kattfotenhalmstad\/wp-content\/uploads\/sites\/35\/2020\/05\/Panter-2.jpg\" alt=\"\" data-id=\"9496\" data-link=\"https:\/\/www.djurskyddet.se\/kattfotenhalmstad\/?attachment_id=9496\" class=\"wp-image-9496\" srcset=\"https:\/\/www.djurskyddet.se\/kattfotenhalmstad\/wp-content\/uploads\/sites\/35\/2020\/05\/Panter-2.jpg 342w, https:\/\/www.djurskyddet.se\/kattfotenhalmstad\/wp-content\/uploads\/sites\/35\/2020\/05\/Panter-2-225x300.jpg 225w\" sizes=\"auto, (max-width: 342px) 100vw, 342px\" \/><\/figure><\/li><\/ul>\n","protected":false},"excerpt":{"rendered":"<p>Panter \u00e4r namnet, jag \u00e4r en lekfull liten kille som g\u00e4rna busar hur mycket som helst! Jag \u00e4lskar att bli kliad och mysa till det p\u00e5 morgonen. Har inga problem att vara den som v\u00e4cker familjen f\u00f6r att f\u00e5 en mysig stund p\u00e5 morgonen. En ny favoritsyssla \u00e4r att vara ute men endast n\u00e4r det \u00e4r tillr\u00e4ckligt vindstilla och soligt ute, annars \u00e4r jag lite kr\u00e4sen.<\/p>\n","protected":false},"author":36,"featured_media":0,"parent":8754,"menu_order":0,"comment_status":"closed","ping_status":"closed","template":"page-templates\/left-sidebar.php","meta":{"_acf_changed":false,"footnotes":""},"class_list":["post-9494","page","type-page","status-publish","hentry"],"acf":[],"_links":{"self":[{"href":"https:\/\/www.djurskyddet.se\/kattfotenhalmstad\/wp-json\/wp\/v2\/pages\/9494","targetHints":{"allow":["GET"]}}],"collection":[{"href":"https:\/\/www.djurskyddet.se\/kattfotenhalmstad\/wp-json\/wp\/v2\/pages"}],"about":[{"href":"https:\/\/www.djurskyddet.se\/kattfotenhalmstad\/wp-json\/wp\/v2\/types\/page"}],"author":[{"embeddable":true,"href":"https:\/\/www.djurskyddet.se\/kattfotenhalmstad\/wp-json\/wp\/v2\/users\/36"}],"replies":[{"embeddable":true,"href":"https:\/\/www.djurskyddet.se\/kattfotenhalmstad\/wp-json\/wp\/v2\/comments?post=9494"}],"version-history":[{"count":1,"href":"https:\/\/www.djurskyddet.se\/kattfotenhalmstad\/wp-json\/wp\/v2\/pages\/9494\/revisions"}],"predecessor-version":[{"id":9501,"href":"https:\/\/www.djurskyddet.se\/kattfotenhalmstad\/wp-json\/wp\/v2\/pages\/9494\/revisions\/9501"}],"up":[{"embeddable":true,"href":"https:\/\/www.djurskyddet.se\/kattfotenhalmstad\/wp-json\/wp\/v2\/pages\/8754"}],"wp:attachment":[{"href":"https:\/\/www.djurskyddet.se\/kattfotenhalmstad\/wp-json\/wp\/v2\/media?parent=9494"}],"curies":[{"name":"wp","href":"https:\/\/api.w.org\/{rel}","templated":true}]}}