{"id":9518,"date":"2020-05-01T10:42:28","date_gmt":"2020-05-01T10:42:28","guid":{"rendered":"https:\/\/www.djurskyddet.se\/kattfotenhalmstad\/?page_id=9518"},"modified":"2020-05-01T10:42:29","modified_gmt":"2020-05-01T10:42:29","slug":"ture","status":"publish","type":"page","link":"https:\/\/www.djurskyddet.se\/kattfotenhalmstad\/adopterade-katter-2019\/ture\/","title":{"rendered":"Ture"},"content":{"rendered":"\n<p>Ture heter jag och adopterades i oktober 2019. Jag \u00e4r en liten katt med en stor personlighet. Matte s\u00e4ger att jag \u00e4r en social katt som vill vara med \u00f6verallt d\u00e4r hon \u00e4r. Jag bodde tillsammans med hundar innan jag fick nytt hem, matte s\u00e4ger att jag har lite av ett hundbeteende f\u00f6r n\u00e4r hon kommer hem springer jag och hoppar upp p\u00e5 benen. Jag leker hellre med hundleksaker \u00e4n kattleksaker. Kasta vante som jag f\u00e5r springa och h\u00e4mta \u00e4r favoriten. Det jag allra helst vill \u00e4r att leka alla timmar p\u00e5 dygnet men n\u00e4r det \u00e4r v\u00e4l \u00e4r sovdags kryper jag upp i s\u00e4ngen och vill sova s\u00e5 n\u00e4ra som m\u00f6jligt!<\/p>\n\n\n\n<div class=\"wp-block-image\"><figure class=\"aligncenter\"><img loading=\"lazy\" decoding=\"async\" width=\"279\" height=\"361\" src=\"https:\/\/www.djurskyddet.se\/kattfotenhalmstad\/wp-content\/uploads\/sites\/35\/2020\/05\/Ture.jpg\" alt=\"\" class=\"wp-image-9519\" srcset=\"https:\/\/www.djurskyddet.se\/kattfotenhalmstad\/wp-content\/uploads\/sites\/35\/2020\/05\/Ture.jpg 279w, https:\/\/www.djurskyddet.se\/kattfotenhalmstad\/wp-content\/uploads\/sites\/35\/2020\/05\/Ture-232x300.jpg 232w\" sizes=\"auto, (max-width: 279px) 100vw, 279px\" \/><\/figure><\/div>\n","protected":false},"excerpt":{"rendered":"<p>Ture heter jag och adopterades i oktober 2019. Jag \u00e4r en liten katt med en stor personlighet. Matte s\u00e4ger att jag \u00e4r en social katt som vill vara med \u00f6verallt d\u00e4r hon \u00e4r. Jag bodde tillsammans med hundar innan jag fick nytt hem, matte s\u00e4ger att jag har lite av ett hundbeteende f\u00f6r n\u00e4r hon kommer hem springer jag och hoppar upp p\u00e5 benen. Jag leker hellre med hundleksaker \u00e4n&hellip;<\/p>\n<p><a class=\"more-link\" href=\"https:\/\/www.djurskyddet.se\/kattfotenhalmstad\/adopterade-katter-2019\/ture\/\" title=\"Continue reading &lsquo;Ture&rsquo;\">L&auml;s mer<span class=\"meta-nav\">&raquo;<\/span><\/a><\/p>\n","protected":false},"author":36,"featured_media":0,"parent":8687,"menu_order":0,"comment_status":"closed","ping_status":"closed","template":"page-templates\/left-sidebar.php","meta":{"_acf_changed":false,"footnotes":""},"class_list":["post-9518","page","type-page","status-publish","hentry"],"acf":[],"_links":{"self":[{"href":"https:\/\/www.djurskyddet.se\/kattfotenhalmstad\/wp-json\/wp\/v2\/pages\/9518","targetHints":{"allow":["GET"]}}],"collection":[{"href":"https:\/\/www.djurskyddet.se\/kattfotenhalmstad\/wp-json\/wp\/v2\/pages"}],"about":[{"href":"https:\/\/www.djurskyddet.se\/kattfotenhalmstad\/wp-json\/wp\/v2\/types\/page"}],"author":[{"embeddable":true,"href":"https:\/\/www.djurskyddet.se\/kattfotenhalmstad\/wp-json\/wp\/v2\/users\/36"}],"replies":[{"embeddable":true,"href":"https:\/\/www.djurskyddet.se\/kattfotenhalmstad\/wp-json\/wp\/v2\/comments?post=9518"}],"version-history":[{"count":2,"href":"https:\/\/www.djurskyddet.se\/kattfotenhalmstad\/wp-json\/wp\/v2\/pages\/9518\/revisions"}],"predecessor-version":[{"id":9521,"href":"https:\/\/www.djurskyddet.se\/kattfotenhalmstad\/wp-json\/wp\/v2\/pages\/9518\/revisions\/9521"}],"up":[{"embeddable":true,"href":"https:\/\/www.djurskyddet.se\/kattfotenhalmstad\/wp-json\/wp\/v2\/pages\/8687"}],"wp:attachment":[{"href":"https:\/\/www.djurskyddet.se\/kattfotenhalmstad\/wp-json\/wp\/v2\/media?parent=9518"}],"curies":[{"name":"wp","href":"https:\/\/api.w.org\/{rel}","templated":true}]}}