{"id":9524,"date":"2020-05-01T11:38:44","date_gmt":"2020-05-01T11:38:44","guid":{"rendered":"https:\/\/www.djurskyddet.se\/kattfotenhalmstad\/?page_id=9524"},"modified":"2020-05-01T11:38:45","modified_gmt":"2020-05-01T11:38:45","slug":"snoddas","status":"publish","type":"page","link":"https:\/\/www.djurskyddet.se\/kattfotenhalmstad\/lyckligt-slut-2\/adopterade-katter-2018\/snoddas\/","title":{"rendered":"Snoddas"},"content":{"rendered":"\n<p>H\u00e4r \u00e4r jag &#8211; Snoddas. Jag kom till min familj som jourhemskatt i oktober 2018. De h\u00e4mtade mig i Veinge en kall oktobernatt. Liten och smal var jag, luktade alldeles f\u00f6rf\u00e4rligt. Jag hade tyv\u00e4rr mask, skabb i \u00f6ronen och kattsnuva. Men tack vare min jourfamilj kunde jag bli frisk och m\u00e5 bra igen. Jag v\u00e4xte till mig och blev en riktig gosegris! De klarade s\u00e5klart inte av att l\u00e4mna bort mig och jag \u00e4r nu en del av familjen. \u00c4lskar mattes och husses barnbarn. Och mat s\u00e5klart!<\/p>\n\n\n\n<div class=\"wp-block-image\"><figure class=\"aligncenter\"><img loading=\"lazy\" decoding=\"async\" width=\"308\" height=\"280\" src=\"https:\/\/www.djurskyddet.se\/kattfotenhalmstad\/wp-content\/uploads\/sites\/35\/2020\/05\/Snoddas-1.jpg\" alt=\"\" class=\"wp-image-9525\" srcset=\"https:\/\/www.djurskyddet.se\/kattfotenhalmstad\/wp-content\/uploads\/sites\/35\/2020\/05\/Snoddas-1.jpg 308w, https:\/\/www.djurskyddet.se\/kattfotenhalmstad\/wp-content\/uploads\/sites\/35\/2020\/05\/Snoddas-1-300x273.jpg 300w\" sizes=\"auto, (max-width: 308px) 100vw, 308px\" \/><\/figure><\/div>\n\n\n\n<div class=\"wp-block-image\"><figure class=\"aligncenter\"><img loading=\"lazy\" decoding=\"async\" width=\"280\" height=\"381\" src=\"https:\/\/www.djurskyddet.se\/kattfotenhalmstad\/wp-content\/uploads\/sites\/35\/2020\/05\/Snoddas-2.jpg\" alt=\"\" class=\"wp-image-9526\" srcset=\"https:\/\/www.djurskyddet.se\/kattfotenhalmstad\/wp-content\/uploads\/sites\/35\/2020\/05\/Snoddas-2.jpg 280w, https:\/\/www.djurskyddet.se\/kattfotenhalmstad\/wp-content\/uploads\/sites\/35\/2020\/05\/Snoddas-2-220x300.jpg 220w\" sizes=\"auto, (max-width: 280px) 100vw, 280px\" \/><\/figure><\/div>\n","protected":false},"excerpt":{"rendered":"<p>H\u00e4r \u00e4r jag &#8211; Snoddas. Jag kom till min familj som jourhemskatt i oktober 2018. De h\u00e4mtade mig i Veinge en kall oktobernatt. Liten och smal var jag, luktade alldeles f\u00f6rf\u00e4rligt. Jag hade tyv\u00e4rr mask, skabb i \u00f6ronen och kattsnuva. Men tack vare min jourfamilj kunde jag bli frisk och m\u00e5 bra igen. Jag v\u00e4xte till mig och blev en riktig gosegris! De klarade s\u00e5klart inte av att l\u00e4mna bort&hellip;<\/p>\n<p><a class=\"more-link\" href=\"https:\/\/www.djurskyddet.se\/kattfotenhalmstad\/lyckligt-slut-2\/adopterade-katter-2018\/snoddas\/\" title=\"Continue reading &lsquo;Snoddas&rsquo;\">L&auml;s mer<span class=\"meta-nav\">&raquo;<\/span><\/a><\/p>\n","protected":false},"author":36,"featured_media":0,"parent":8735,"menu_order":0,"comment_status":"closed","ping_status":"closed","template":"page-templates\/left-sidebar.php","meta":{"_acf_changed":false,"footnotes":""},"class_list":["post-9524","page","type-page","status-publish","hentry"],"acf":[],"_links":{"self":[{"href":"https:\/\/www.djurskyddet.se\/kattfotenhalmstad\/wp-json\/wp\/v2\/pages\/9524","targetHints":{"allow":["GET"]}}],"collection":[{"href":"https:\/\/www.djurskyddet.se\/kattfotenhalmstad\/wp-json\/wp\/v2\/pages"}],"about":[{"href":"https:\/\/www.djurskyddet.se\/kattfotenhalmstad\/wp-json\/wp\/v2\/types\/page"}],"author":[{"embeddable":true,"href":"https:\/\/www.djurskyddet.se\/kattfotenhalmstad\/wp-json\/wp\/v2\/users\/36"}],"replies":[{"embeddable":true,"href":"https:\/\/www.djurskyddet.se\/kattfotenhalmstad\/wp-json\/wp\/v2\/comments?post=9524"}],"version-history":[{"count":2,"href":"https:\/\/www.djurskyddet.se\/kattfotenhalmstad\/wp-json\/wp\/v2\/pages\/9524\/revisions"}],"predecessor-version":[{"id":9528,"href":"https:\/\/www.djurskyddet.se\/kattfotenhalmstad\/wp-json\/wp\/v2\/pages\/9524\/revisions\/9528"}],"up":[{"embeddable":true,"href":"https:\/\/www.djurskyddet.se\/kattfotenhalmstad\/wp-json\/wp\/v2\/pages\/8735"}],"wp:attachment":[{"href":"https:\/\/www.djurskyddet.se\/kattfotenhalmstad\/wp-json\/wp\/v2\/media?parent=9524"}],"curies":[{"name":"wp","href":"https:\/\/api.w.org\/{rel}","templated":true}]}}