{"id":9881,"date":"2020-05-15T19:25:22","date_gmt":"2020-05-15T19:25:22","guid":{"rendered":"https:\/\/www.djurskyddet.se\/kattfotenhalmstad\/?page_id=9881"},"modified":"2020-05-15T19:37:48","modified_gmt":"2020-05-15T19:37:48","slug":"tesla","status":"publish","type":"page","link":"https:\/\/www.djurskyddet.se\/kattfotenhalmstad\/lyckligt-slut-2\/adopterade-katter-2018\/tesla\/","title":{"rendered":"Tesla"},"content":{"rendered":"\n<p>Jag vill ha koll p\u00e5 allt som h\u00e4nder, vill vara i samma rum och f\u00f6ljer med p\u00e5 korta promenader. Mina favoritplatser att vila p\u00e5 \u00e4r ovanp\u00e5 kylsk\u00e5pet och uppe i \u00e4ppeltr\u00e4det. Varje dag tr\u00e4ffar jag min kompis <a rel=\"noreferrer noopener\" aria-label=\"Sputnik (\u00f6ppnas i en ny flik)\" href=\"https:\/\/www.djurskyddet.se\/kattfotenhalmstad\/lyckligt-slut-2\/adopterade-katter-2018\/sputnik\/\" target=\"_blank\">Sputnik<\/a> p\u00e5 andra sidan gr\u00e4smattan. Jag \u00e4ter bara torrfoder och tycker inte om bl\u00f6tmat s\u00e5 jag \u00e4r helt ointresserad av k\u00f6tt och fisk. Men om familjen \u00e4ter n\u00e5got knaprigt eller krispigt kommer jag genast och vill smaka s\u00e5 det g\u00e4ller att inte l\u00e4mna chipsp\u00e5sen framme! Trots att min vattensk\u00e5l alltid har f\u00e4rskt vatten i sig s\u00e5 vill jag hellre dricka direkt ur kranen n\u00e4r m\u00f6jligheten finns. Jag kan vara riktigt busig och vill d\u00e5 g\u00e4rna leka, helst jaga n\u00e5got som kastas iv\u00e4g eller attackera n\u00e5got som f\u00f6rsvinner bakom ett h\u00f6rn. Min p\u00e4ls \u00e4r s\u00e5 mjuk och fluffig och ibland bjuder jag p\u00e5 mycket gos om ni har tur. Jag \u00e4r knasig, rolig, gullig, mysig och alldeles, alldeles underbar! <\/p>\n\n\n\n<div class=\"wp-block-image\"><figure class=\"aligncenter\"><img loading=\"lazy\" decoding=\"async\" width=\"373\" height=\"280\" src=\"https:\/\/www.djurskyddet.se\/kattfotenhalmstad\/wp-content\/uploads\/sites\/35\/2020\/05\/Tesla-1.jpg\" alt=\"\" class=\"wp-image-9882\" srcset=\"https:\/\/www.djurskyddet.se\/kattfotenhalmstad\/wp-content\/uploads\/sites\/35\/2020\/05\/Tesla-1.jpg 373w, https:\/\/www.djurskyddet.se\/kattfotenhalmstad\/wp-content\/uploads\/sites\/35\/2020\/05\/Tesla-1-300x225.jpg 300w\" sizes=\"auto, (max-width: 373px) 100vw, 373px\" \/><\/figure><\/div>\n\n\n\n<div class=\"wp-block-image\"><figure class=\"aligncenter\"><img loading=\"lazy\" decoding=\"async\" width=\"480\" height=\"270\" src=\"https:\/\/www.djurskyddet.se\/kattfotenhalmstad\/wp-content\/uploads\/sites\/35\/2020\/05\/Tesla-2.jpg\" alt=\"\" class=\"wp-image-9883\" srcset=\"https:\/\/www.djurskyddet.se\/kattfotenhalmstad\/wp-content\/uploads\/sites\/35\/2020\/05\/Tesla-2.jpg 480w, https:\/\/www.djurskyddet.se\/kattfotenhalmstad\/wp-content\/uploads\/sites\/35\/2020\/05\/Tesla-2-300x169.jpg 300w, https:\/\/www.djurskyddet.se\/kattfotenhalmstad\/wp-content\/uploads\/sites\/35\/2020\/05\/Tesla-2-400x225.jpg 400w\" sizes=\"auto, (max-width: 480px) 100vw, 480px\" \/><\/figure><\/div>\n","protected":false},"excerpt":{"rendered":"<p>Jag vill ha koll p\u00e5 allt som h\u00e4nder, vill vara i samma rum och f\u00f6ljer med p\u00e5 korta promenader. Mina favoritplatser att vila p\u00e5 \u00e4r ovanp\u00e5 kylsk\u00e5pet och uppe i \u00e4ppeltr\u00e4det. Varje dag tr\u00e4ffar jag min kompis Sputnik p\u00e5 andra sidan gr\u00e4smattan. Jag \u00e4ter bara torrfoder och tycker inte om bl\u00f6tmat s\u00e5 jag \u00e4r helt ointresserad av k\u00f6tt och fisk. Men om familjen \u00e4ter n\u00e5got knaprigt eller krispigt kommer jag&hellip;<\/p>\n<p><a class=\"more-link\" href=\"https:\/\/www.djurskyddet.se\/kattfotenhalmstad\/lyckligt-slut-2\/adopterade-katter-2018\/tesla\/\" title=\"Continue reading &lsquo;Tesla&rsquo;\">L&auml;s mer<span class=\"meta-nav\">&raquo;<\/span><\/a><\/p>\n","protected":false},"author":36,"featured_media":0,"parent":8735,"menu_order":0,"comment_status":"closed","ping_status":"closed","template":"page-templates\/left-sidebar20200507.php","meta":{"_acf_changed":false,"footnotes":""},"class_list":["post-9881","page","type-page","status-publish","hentry"],"acf":[],"_links":{"self":[{"href":"https:\/\/www.djurskyddet.se\/kattfotenhalmstad\/wp-json\/wp\/v2\/pages\/9881","targetHints":{"allow":["GET"]}}],"collection":[{"href":"https:\/\/www.djurskyddet.se\/kattfotenhalmstad\/wp-json\/wp\/v2\/pages"}],"about":[{"href":"https:\/\/www.djurskyddet.se\/kattfotenhalmstad\/wp-json\/wp\/v2\/types\/page"}],"author":[{"embeddable":true,"href":"https:\/\/www.djurskyddet.se\/kattfotenhalmstad\/wp-json\/wp\/v2\/users\/36"}],"replies":[{"embeddable":true,"href":"https:\/\/www.djurskyddet.se\/kattfotenhalmstad\/wp-json\/wp\/v2\/comments?post=9881"}],"version-history":[{"count":3,"href":"https:\/\/www.djurskyddet.se\/kattfotenhalmstad\/wp-json\/wp\/v2\/pages\/9881\/revisions"}],"predecessor-version":[{"id":9894,"href":"https:\/\/www.djurskyddet.se\/kattfotenhalmstad\/wp-json\/wp\/v2\/pages\/9881\/revisions\/9894"}],"up":[{"embeddable":true,"href":"https:\/\/www.djurskyddet.se\/kattfotenhalmstad\/wp-json\/wp\/v2\/pages\/8735"}],"wp:attachment":[{"href":"https:\/\/www.djurskyddet.se\/kattfotenhalmstad\/wp-json\/wp\/v2\/media?parent=9881"}],"curies":[{"name":"wp","href":"https:\/\/api.w.org\/{rel}","templated":true}]}}