{"id":9887,"date":"2020-05-15T19:35:55","date_gmt":"2020-05-15T19:35:55","guid":{"rendered":"https:\/\/www.djurskyddet.se\/kattfotenhalmstad\/?page_id=9887"},"modified":"2020-05-15T19:42:23","modified_gmt":"2020-05-15T19:42:23","slug":"sputnik","status":"publish","type":"page","link":"https:\/\/www.djurskyddet.se\/kattfotenhalmstad\/lyckligt-slut-2\/adopterade-katter-2018\/sputnik\/","title":{"rendered":"Sputnik"},"content":{"rendered":"\n<p> Jag hette Peter n\u00e4r jag blev adopterad men med det nya hemmet fick jag \u00e4ven det nya namnet Sputnik. Jag \u00e4r en pigg och social katt med stort r\u00f6relsebehov, vilken tur jag har en stor g\u00e5rd att r\u00f6ra mig p\u00e5. Varje dag f\u00e5r jag trer\u00e4tters. P\u00e5 andra sidan gr\u00e4smattan bor min kompis <a rel=\"noreferrer noopener\" aria-label=\"Tesla (\u00f6ppnas i en ny flik)\" href=\"https:\/\/www.djurskyddet.se\/kattfotenhalmstad\/lyckligt-slut-2\/adopterade-katter-2018\/tesla\/\" target=\"_blank\">Tesla<\/a> och vi ses varenda dag. Jag \u00e4r b\u00e5de en skicklig j\u00e4gare och en gosekatt, breder g\u00e4rna ut mig p\u00e5 s\u00e4ngen. Ni kan helt enkelt kalla mig f\u00f6r en livsnjutare!<\/p>\n\n\n\n<div class=\"wp-block-image\"><figure class=\"aligncenter\"><img loading=\"lazy\" decoding=\"async\" width=\"373\" height=\"280\" src=\"https:\/\/www.djurskyddet.se\/kattfotenhalmstad\/wp-content\/uploads\/sites\/35\/2020\/05\/Sputnik-1.jpg\" alt=\"\" class=\"wp-image-9888\" srcset=\"https:\/\/www.djurskyddet.se\/kattfotenhalmstad\/wp-content\/uploads\/sites\/35\/2020\/05\/Sputnik-1.jpg 373w, https:\/\/www.djurskyddet.se\/kattfotenhalmstad\/wp-content\/uploads\/sites\/35\/2020\/05\/Sputnik-1-300x225.jpg 300w\" sizes=\"auto, (max-width: 373px) 100vw, 373px\" \/><\/figure><\/div>\n\n\n\n<div class=\"wp-block-image\"><figure class=\"aligncenter\"><img loading=\"lazy\" decoding=\"async\" width=\"373\" height=\"280\" src=\"https:\/\/www.djurskyddet.se\/kattfotenhalmstad\/wp-content\/uploads\/sites\/35\/2020\/05\/Sputnik-2.jpg\" alt=\"\" class=\"wp-image-9889\" srcset=\"https:\/\/www.djurskyddet.se\/kattfotenhalmstad\/wp-content\/uploads\/sites\/35\/2020\/05\/Sputnik-2.jpg 373w, https:\/\/www.djurskyddet.se\/kattfotenhalmstad\/wp-content\/uploads\/sites\/35\/2020\/05\/Sputnik-2-300x225.jpg 300w\" sizes=\"auto, (max-width: 373px) 100vw, 373px\" \/><\/figure><\/div>\n\n\n\n<div class=\"wp-block-image\"><figure class=\"aligncenter\"><img loading=\"lazy\" decoding=\"async\" width=\"720\" height=\"480\" src=\"https:\/\/www.djurskyddet.se\/kattfotenhalmstad\/wp-content\/uploads\/sites\/35\/2020\/05\/Sputnik-3.jpg\" alt=\"\" class=\"wp-image-9890\" srcset=\"https:\/\/www.djurskyddet.se\/kattfotenhalmstad\/wp-content\/uploads\/sites\/35\/2020\/05\/Sputnik-3.jpg 720w, https:\/\/www.djurskyddet.se\/kattfotenhalmstad\/wp-content\/uploads\/sites\/35\/2020\/05\/Sputnik-3-300x200.jpg 300w, https:\/\/www.djurskyddet.se\/kattfotenhalmstad\/wp-content\/uploads\/sites\/35\/2020\/05\/Sputnik-3-400x267.jpg 400w\" sizes=\"auto, (max-width: 720px) 100vw, 720px\" \/><\/figure><\/div>\n","protected":false},"excerpt":{"rendered":"<p>Jag hette Peter n\u00e4r jag blev adopterad men med det nya hemmet fick jag \u00e4ven det nya namnet Sputnik. Jag \u00e4r en pigg och social katt med stort r\u00f6relsebehov, vilken tur jag har en stor g\u00e5rd att r\u00f6ra mig p\u00e5. Varje dag f\u00e5r jag trer\u00e4tters. P\u00e5 andra sidan gr\u00e4smattan bor min kompis Tesla och vi ses varenda dag. Jag \u00e4r b\u00e5de en skicklig j\u00e4gare och en gosekatt, breder g\u00e4rna ut&hellip;<\/p>\n<p><a class=\"more-link\" href=\"https:\/\/www.djurskyddet.se\/kattfotenhalmstad\/lyckligt-slut-2\/adopterade-katter-2018\/sputnik\/\" title=\"Continue reading &lsquo;Sputnik&rsquo;\">L&auml;s mer<span class=\"meta-nav\">&raquo;<\/span><\/a><\/p>\n","protected":false},"author":36,"featured_media":0,"parent":8735,"menu_order":0,"comment_status":"closed","ping_status":"closed","template":"page-templates\/left-sidebar20200507.php","meta":{"_acf_changed":false,"footnotes":""},"class_list":["post-9887","page","type-page","status-publish","hentry"],"acf":[],"_links":{"self":[{"href":"https:\/\/www.djurskyddet.se\/kattfotenhalmstad\/wp-json\/wp\/v2\/pages\/9887","targetHints":{"allow":["GET"]}}],"collection":[{"href":"https:\/\/www.djurskyddet.se\/kattfotenhalmstad\/wp-json\/wp\/v2\/pages"}],"about":[{"href":"https:\/\/www.djurskyddet.se\/kattfotenhalmstad\/wp-json\/wp\/v2\/types\/page"}],"author":[{"embeddable":true,"href":"https:\/\/www.djurskyddet.se\/kattfotenhalmstad\/wp-json\/wp\/v2\/users\/36"}],"replies":[{"embeddable":true,"href":"https:\/\/www.djurskyddet.se\/kattfotenhalmstad\/wp-json\/wp\/v2\/comments?post=9887"}],"version-history":[{"count":3,"href":"https:\/\/www.djurskyddet.se\/kattfotenhalmstad\/wp-json\/wp\/v2\/pages\/9887\/revisions"}],"predecessor-version":[{"id":9898,"href":"https:\/\/www.djurskyddet.se\/kattfotenhalmstad\/wp-json\/wp\/v2\/pages\/9887\/revisions\/9898"}],"up":[{"embeddable":true,"href":"https:\/\/www.djurskyddet.se\/kattfotenhalmstad\/wp-json\/wp\/v2\/pages\/8735"}],"wp:attachment":[{"href":"https:\/\/www.djurskyddet.se\/kattfotenhalmstad\/wp-json\/wp\/v2\/media?parent=9887"}],"curies":[{"name":"wp","href":"https:\/\/api.w.org\/{rel}","templated":true}]}}