{"id":9979,"date":"2020-06-05T19:02:21","date_gmt":"2020-06-05T19:02:21","guid":{"rendered":"https:\/\/www.djurskyddet.se\/kattfotenhalmstad\/?page_id=9979"},"modified":"2020-06-05T19:02:22","modified_gmt":"2020-06-05T19:02:22","slug":"hyde","status":"publish","type":"page","link":"https:\/\/www.djurskyddet.se\/kattfotenhalmstad\/adopterade-katter-2019\/hyde\/","title":{"rendered":"Hyde"},"content":{"rendered":"\n<p>Jag f\u00f6ddes p\u00e5 Kattfoten och flyttade v\u00e4ldigt snabbt till ett nytt hem tillsammans med min mamma. Superbusig \u00e4r jag, en riktigt h\u00e4rlig kille! Min favoritsyssels\u00e4ttning \u00e4r att leka apport med en liten silikonfisk. Om n\u00e5gon s\u00e4ger &#8221;fisken&#8221; blir jag alldeles tokig!<\/p>\n\n\n\n<ul class=\"wp-block-gallery columns-2 is-cropped wp-block-gallery-1 is-layout-flex wp-block-gallery-is-layout-flex\"><li class=\"blocks-gallery-item\"><figure><img loading=\"lazy\" decoding=\"async\" width=\"280\" height=\"600\" src=\"https:\/\/www.djurskyddet.se\/kattfotenhalmstad\/wp-content\/uploads\/sites\/35\/2020\/06\/Hyde-1.jpg\" alt=\"\" data-id=\"9980\" data-link=\"https:\/\/www.djurskyddet.se\/kattfotenhalmstad\/?attachment_id=9980\" class=\"wp-image-9980\" srcset=\"https:\/\/www.djurskyddet.se\/kattfotenhalmstad\/wp-content\/uploads\/sites\/35\/2020\/06\/Hyde-1.jpg 280w, https:\/\/www.djurskyddet.se\/kattfotenhalmstad\/wp-content\/uploads\/sites\/35\/2020\/06\/Hyde-1-140x300.jpg 140w\" sizes=\"auto, (max-width: 280px) 100vw, 280px\" \/><\/figure><\/li><li class=\"blocks-gallery-item\"><figure><img loading=\"lazy\" decoding=\"async\" width=\"224\" height=\"480\" src=\"https:\/\/www.djurskyddet.se\/kattfotenhalmstad\/wp-content\/uploads\/sites\/35\/2020\/06\/Hyde-2.jpg\" alt=\"\" data-id=\"9981\" data-link=\"https:\/\/www.djurskyddet.se\/kattfotenhalmstad\/?attachment_id=9981\" class=\"wp-image-9981\" srcset=\"https:\/\/www.djurskyddet.se\/kattfotenhalmstad\/wp-content\/uploads\/sites\/35\/2020\/06\/Hyde-2.jpg 224w, https:\/\/www.djurskyddet.se\/kattfotenhalmstad\/wp-content\/uploads\/sites\/35\/2020\/06\/Hyde-2-140x300.jpg 140w\" sizes=\"auto, (max-width: 224px) 100vw, 224px\" \/><\/figure><\/li><\/ul>\n","protected":false},"excerpt":{"rendered":"<p>Jag f\u00f6ddes p\u00e5 Kattfoten och flyttade v\u00e4ldigt snabbt till ett nytt hem tillsammans med min mamma. Superbusig \u00e4r jag, en riktigt h\u00e4rlig kille! Min favoritsyssels\u00e4ttning \u00e4r att leka apport med en liten silikonfisk. Om n\u00e5gon s\u00e4ger &#8221;fisken&#8221; blir jag alldeles tokig!<\/p>\n","protected":false},"author":36,"featured_media":0,"parent":8687,"menu_order":0,"comment_status":"closed","ping_status":"closed","template":"page-templates\/left-sidebar20200507.php","meta":{"_acf_changed":false,"footnotes":""},"class_list":["post-9979","page","type-page","status-publish","hentry"],"acf":[],"_links":{"self":[{"href":"https:\/\/www.djurskyddet.se\/kattfotenhalmstad\/wp-json\/wp\/v2\/pages\/9979","targetHints":{"allow":["GET"]}}],"collection":[{"href":"https:\/\/www.djurskyddet.se\/kattfotenhalmstad\/wp-json\/wp\/v2\/pages"}],"about":[{"href":"https:\/\/www.djurskyddet.se\/kattfotenhalmstad\/wp-json\/wp\/v2\/types\/page"}],"author":[{"embeddable":true,"href":"https:\/\/www.djurskyddet.se\/kattfotenhalmstad\/wp-json\/wp\/v2\/users\/36"}],"replies":[{"embeddable":true,"href":"https:\/\/www.djurskyddet.se\/kattfotenhalmstad\/wp-json\/wp\/v2\/comments?post=9979"}],"version-history":[{"count":1,"href":"https:\/\/www.djurskyddet.se\/kattfotenhalmstad\/wp-json\/wp\/v2\/pages\/9979\/revisions"}],"predecessor-version":[{"id":9982,"href":"https:\/\/www.djurskyddet.se\/kattfotenhalmstad\/wp-json\/wp\/v2\/pages\/9979\/revisions\/9982"}],"up":[{"embeddable":true,"href":"https:\/\/www.djurskyddet.se\/kattfotenhalmstad\/wp-json\/wp\/v2\/pages\/8687"}],"wp:attachment":[{"href":"https:\/\/www.djurskyddet.se\/kattfotenhalmstad\/wp-json\/wp\/v2\/media?parent=9979"}],"curies":[{"name":"wp","href":"https:\/\/api.w.org\/{rel}","templated":true}]}}