{"id":5586,"date":"2020-02-06T08:58:20","date_gmt":"2020-02-06T08:58:20","guid":{"rendered":"https:\/\/www.djurskyddet.se\/kattvarnet\/?page_id=5586"},"modified":"2020-02-06T08:58:21","modified_gmt":"2020-02-06T08:58:21","slug":"vara-katter","status":"publish","type":"page","link":"https:\/\/www.djurskyddet.se\/kattvarnet\/vara-katter\/","title":{"rendered":"V\u00e5ra katter"},"content":{"rendered":"\n<p><strong>Vi adopterar ut innekatter.<\/strong><br><strong>&#8211;<\/strong>&nbsp;Alla katter \u00e4r vaccinerade, id-m\u00e4rkta, kastrerade, avmaskade&nbsp;om inget annat s\u00e4gs. Adoptionskostnaden \u00e4r 2000 kr.<\/p>\n\n\n\n<p>N\u00e4r du kommer till oss f\u00e5r du fylla i en intresseanm\u00e4lan.<\/p>\n\n\n\n<p><strong>Kattungar<\/strong>&nbsp;adopterar vi inte ut som ensamkatt. Det ska finnas en yngre kattkompis i nya hemmet eller s\u00e5 adopteras de ut tv\u00e5 tillsammans. I vissa fall adopteras kattungarna endast ut med sitt syskon eller annan kattunge. SE informationen som st\u00e5r om varje katt. Det \u00e5ligger det nya hemmet att kastrera katten vid k\u00f6nsmognad.\n\n<\/p>\n","protected":false},"excerpt":{"rendered":"<p>Vi adopterar ut innekatter.&#8211;&nbsp;Alla katter \u00e4r vaccinerade, id-m\u00e4rkta, kastrerade, avmaskade&nbsp;om inget annat s\u00e4gs. Adoptionskostnaden \u00e4r 2000 kr. N\u00e4r du kommer till oss f\u00e5r du fylla i en intresseanm\u00e4lan. Kattungar&nbsp;adopterar vi inte ut som ensamkatt. Det ska finnas en yngre kattkompis i nya hemmet eller s\u00e5 adopteras de ut tv\u00e5 tillsammans. I vissa fall adopteras kattungarna endast ut med sitt syskon eller annan kattunge. SE informationen som st\u00e5r om varje katt.&hellip;<\/p>\n<p><a class=\"more-link\" href=\"https:\/\/www.djurskyddet.se\/kattvarnet\/vara-katter\/\" title=\"Continue reading &lsquo;V\u00e5ra katter&rsquo;\">L&auml;s mer<span class=\"meta-nav\">&raquo;<\/span><\/a><\/p>\n","protected":false},"author":3,"featured_media":0,"parent":0,"menu_order":0,"comment_status":"closed","ping_status":"closed","template":"left-sidebar.php","meta":{"_acf_changed":false,"footnotes":""},"class_list":["post-5586","page","type-page","status-publish","hentry"],"acf":[],"_links":{"self":[{"href":"https:\/\/www.djurskyddet.se\/kattvarnet\/wp-json\/wp\/v2\/pages\/5586","targetHints":{"allow":["GET"]}}],"collection":[{"href":"https:\/\/www.djurskyddet.se\/kattvarnet\/wp-json\/wp\/v2\/pages"}],"about":[{"href":"https:\/\/www.djurskyddet.se\/kattvarnet\/wp-json\/wp\/v2\/types\/page"}],"author":[{"embeddable":true,"href":"https:\/\/www.djurskyddet.se\/kattvarnet\/wp-json\/wp\/v2\/users\/3"}],"replies":[{"embeddable":true,"href":"https:\/\/www.djurskyddet.se\/kattvarnet\/wp-json\/wp\/v2\/comments?post=5586"}],"version-history":[{"count":1,"href":"https:\/\/www.djurskyddet.se\/kattvarnet\/wp-json\/wp\/v2\/pages\/5586\/revisions"}],"predecessor-version":[{"id":5587,"href":"https:\/\/www.djurskyddet.se\/kattvarnet\/wp-json\/wp\/v2\/pages\/5586\/revisions\/5587"}],"wp:attachment":[{"href":"https:\/\/www.djurskyddet.se\/kattvarnet\/wp-json\/wp\/v2\/media?parent=5586"}],"curies":[{"name":"wp","href":"https:\/\/api.w.org\/{rel}","templated":true}]}}