{"id":5588,"date":"2020-02-06T09:00:06","date_gmt":"2020-02-06T09:00:06","guid":{"rendered":"https:\/\/www.djurskyddet.se\/kattvarnet\/?page_id=5588"},"modified":"2020-06-03T09:55:03","modified_gmt":"2020-06-03T09:55:03","slug":"tips-och-rad","status":"publish","type":"page","link":"https:\/\/www.djurskyddet.se\/kattvarnet\/tips-och-rad\/","title":{"rendered":"Tips och r\u00e5d"},"content":{"rendered":"\n<p><strong>Att katter m\u00e5r d\u00e5ligt av att endast vara inomhus st\u00e4mmer numera inte riktigt, idag finns m\u00e5nga fler faror f\u00f6r katten \u00e4n att&nbsp;j\u00e4mf\u00f6ra med kattens f\u00f6rf\u00e4der som levde i det vilda.&nbsp;Katten klarar utm\u00e4rkt att leva hela sitt liv som innekatt, under f\u00f6ruts\u00e4ttning att vi g\u00f6r v\u00e5ra hem \u201dkattv\u00e4nliga\u201d.<\/strong><\/p>\n\n\n\n<p><strong>Kl\u00e4ttra<\/strong><br>Katter \u00e4r nyfikna av sig och \u00e4lskar att kl\u00e4ttra och uppt\u00e4cka, och i de vilda har de stora m\u00f6jligheter till detta i skog och mark.<br>Ni har s\u00e4kert hittat er katt h\u00f6gst upp i bokhyllan eller kommit hem och hittat ett f\u00f6rem\u00e5l som of\u00f6rklarligt ramlat ner fr\u00e5n h\u00f6g h\u00f6jd.<br>Vi kan unds\u00e4tta v\u00e5ra fina samlingsf\u00f6rem\u00e5l\/vaser\/blomkrukor genom att inreda v\u00e5rt hem \u00e4ven f\u00f6r katten. Ett hyllplan som kl\u00e4s med en mysig tygbit kan bli en suver\u00e4n utkiksplats, eller varf\u00f6r inte avvara den plats i bokhyllan som katten tycker \u00e4r mest intressant.<br>Platsen h\u00f6gst upp p\u00e5 v\u00e5ra bokhyllor anv\u00e4nder vi inte sj\u00e4lv s\u00e5 ofta, eftersom det \u00e4r f\u00f6r h\u00f6gt \u2013 men troligen skulle din katt \u00e5tnjuta den platsen ned gl\u00e4dje om m\u00f6jlighet gavs. Knepet \u00e4r ju d\u00e5 att se till att katten kommer upp och ner s\u00e4kert, och utan att ha ner andra saker. En planka inlindad i rep som st\u00e5r lutande mot bokhyllan (sj\u00e4lvklart stadigt fastskruvad) skapar en v\u00e4g upp\/ner f\u00f6r katten \u2013 och ger samtidigt extra m\u00f6jlighet f\u00f6r katten att v\u00e4ssa klorna p\u00e5 repet!<\/p>\n\n\n\n<p>S\u00e4kert finns det \u00e4ven en lite v\u00e4gg bredvid ett f\u00f6nster som \u00e4r oanv\u00e4nd \u2013 och d\u00e4r ges m\u00f6jlighet till en lite trappa f\u00f6r katten, sm\u00e5 hyllplan enl. ovan som s\u00e4tts upp om vartannat s\u00e5 att katten kan ta sig upp. Och varf\u00f6r d\u00e5 inte forts\u00e4tta med en l\u00e4ngre hylla ovanf\u00f6r gardinst\u00e5ngen f\u00f6r att ge din \u00e4lskling en suver\u00e4nt plats att \u00f6vervaka sitt revir!<\/p>\n\n\n\n<p><strong>Kl\u00f6sa<\/strong><br>Ja katter \u00e4lskar att kl\u00f6sa p\u00e5 saker, det vet vi dessv\u00e4rre och s\u00e4kert \u00e4r det s\u00e5 att m\u00f6bler blivit f\u00f6rst\u00f6rda pga. kattens kloande.<br>Vi f\u00e5r inte gl\u00f6mma att det \u00e4r kattens naturliga beteende och de v\u00e4ssar inte bara klorna utan markerar \u00e4ven sitt revir n\u00e4r de kloar.<br>F\u00f6r att minimera kl\u00f6sande p\u00e5 fel plats \u00e4r det viktigt att vi ger dem en plats d\u00e4r de kan kl\u00f6sa \u2013 g\u00e4rna flera st\u00e4llen, framf\u00f6r allt om fler katter finns i reviret. Vissa katter uppskattar lodr\u00e4ta kl\u00e4sbr\u00e4dor medans andra \u00e4lskar att kloa upp\u00e5t och samtidigt str\u00e4cka ut sina l\u00e5nga kroppar.<br>En kattkl\u00e4tterst\u00e4llnig rekommenderas varm, men finns det inte utrymme i pl\u00e5nboken s\u00e5 kan man sj\u00e4lv ordna en sp\u00e4nnande kl\u00f6sbr\u00e4da med hj\u00e4lp av en bastant gren\/planka och rep eller helt\u00e4ckningsmatta.<br>Gnid in eller spraya p\u00e5 lite kattmynta (finns att k\u00f6pa flytande eller pulver) d\u00e5 och d\u00e5 s\u00e5 har du garanterat en katt som vet vart den ska kloa. Sj\u00e4lvklart kommer katten vara lite olydig d\u00e5 och d\u00e5 men det ligger i deras natur.<br>Det viktigaste \u00e4r att inte bara sk\u00e4lla och bli arg p\u00e5 katten utan ocks\u00e5 visa vart n\u00e5gonstans katten ska utf\u00f6ra sina handlingar.<br>\u00c4r det s\u00e5 att katten totalt ignorerar den kl\u00f6spelare\/kl\u00e4tterst\u00e4llning som du arrangerat s\u00e5 kan det vara s\u00e5 att katten inte \u00e4r \u00f6verens med dig ang\u00e5ende placeringen i rummet, du f\u00e5r prova dig fram till vad som passar dig och din v\u00e4n.<\/p>\n\n\n\n<p><strong>F\u00f6nsterbr\u00e4dan &amp; Balkong<\/strong><br>Eftersom katter \u00e4r otroligt nyfikna djur s\u00e5 formligen \u00e4lskar de att titta ut d\u00e4r det \u00e4r liv och r\u00f6relse, det betyder dock inte att de har en \u00f6nskan av att g\u00e5 ut \u2013 tv\u00e4rtom s\u00e5 \u00e4r de troligen trygga i att titta genom f\u00f6nstret.<br>D\u00e4rf\u00f6r b\u00f6r du g\u00f6ra en liten plats f\u00f6r din kisse i din oas av blommor och krukv\u00e4xter. F\u00f6r att undvika olyckor n\u00e4r din kisse g\u00e5r slalom i den hemmagjorda djungeln s\u00e5 kan man k\u00f6pa klisterlappar med dubbelh\u00e4ftande tejp som man s\u00e4tter under krukorna s\u00e5 de f\u00e5r st\u00e5r kvar. Alternativ \u00e4r att st\u00e4lla dem s\u00e5 att katten kan ta sig f\u00f6rbi utan att rasrisk<br>Egentligen handlar det om att \u00e4ven se kattens behov och f\u00f6rs\u00f6ka att sammansvetsa det med sina egna \u2013 kanske finns det inte m\u00f6jlighet f\u00f6r er att ha alla blommor p\u00e5 f\u00f6nsterbr\u00e4dan.<br>Har du persienner eller rullgardin&nbsp;t\u00e4nk p\u00e5 att vira upp persiennsn\u00f6rena s\u00e5 katten ej trasslar in och i v\u00e4rsta fall stryps.<\/p>\n\n\n\n<p>En balkong kan g\u00f6ras hemtrevlig och samtidigt inbjudande f\u00f6r katten, se bara till att det \u00e4r skyddat s\u00e5 att katten inte kan ramla ut!<br>Enligt svensk lag \u00e4r det numera ett m\u00e5ste att n\u00e4t finns om balkongen \u00e4r mer \u00e4n 5 meter upp (r\u00e4knad fr\u00e5n marken nedanf\u00f6r), detta kan smidigt l\u00f6sas genom att man s\u00e4tter upp stommar och inreder med h\u00f6nsn\u00e4t eller annat. Kolla dock med din hyresv\u00e4rd innan start f\u00f6r att h\u00f6ra efter eventuella krav.<br>P\u00e5 balkongen kan \u00e4ven hyllor eller annat s\u00e4ttas upp s\u00e5 att katten f\u00e5r m\u00f6jlighet att fr\u00e5n h\u00f6gre h\u00f6jd ligga och iakta omgivningen.<br>En plats i solen skulle nog katten ocks\u00e5 \u00f6nska, om m\u00f6jlighet ges.<br>Bor du i hus och vill att din katt vistas utomhus s\u00e4ker fr\u00e5n bilar\/hundar och andra faror kan du bygga en kattg\u00e5rd som du ex ger tillg\u00e5ng till via ett f\u00f6nster eller balkongd\u00f6rr.<br>Har du fr\u00e5gor om balkongn\u00e4t och kattg\u00e5rd, fr\u00e5ga g\u00e4rna oss p\u00e5 Kattv\u00e4rnet&#8230;..och googla finns massor av olika varianter. T\u00e4nk dock p\u00e5 att katter \u00e4r experter p\u00e5 att ta sig igenom sm\u00e5 tr\u00e5nga utrymmen s\u00e5 bygg s\u00e4kert.<\/p>\n\n\n\n<p><strong>Matplats &amp; Toal\u00e5da<\/strong><br>Katten vill liksom vi inte ha sin toalett i n\u00e4rheten av maten \u2013 ingen vill v\u00e4l \u00e4ta n\u00e4r det luktar illa.<br>Rekommenderas \u00e4r att det finns en toal\u00e5da per katt plus en extra, om du har tre katter b\u00f6r det allts\u00e5 finnas fyra toaletter tillg\u00e4ngliga f\u00f6r katterna.<br>Matsk\u00e5l b\u00f6r finnas p\u00e5 skyddat och tryggt st\u00e4lle med en sk\u00e5l per katt.<br>Och vatten b\u00f6r inte finnas bredvid maten, utan st\u00e5 med n\u00e5gon meters avst\u00e5nd. I naturen \u00e4ter katten oftast p\u00e5 ett st\u00e4lle och dricker vid ett annat. Katter gillar g\u00e4rna f\u00e4rskt vatten, om din katt dricker d\u00e5ligt eller bara vill dricka under kranen, fr\u00e5ga i djuraff\u00e4r eller kolla p\u00e5 n\u00e4tet efter en dricksfont\u00e4n.<\/p>\n\n\n\n<p><strong>Sovplatser<\/strong><br>Vi vet alla att katter formligen \u00e4lskar att sova i garderober och liknande, vem har inte n\u00e5gon g\u00e5ng r\u00e5kat st\u00e4nga in sin \u00e4lskling ett par timmar n\u00e4r den snabbt och osynligt slunkit in d\u00e4r.<br>\u00c4ven om katten har h\u00f6rsel som \u00e4r aktiv trots att katten verkar sova ost\u00f6rd s\u00e5 beh\u00f6ver den en avskild plats d\u00e4r den f\u00e5r total trygghet \u2013 vilket garderoben oftast ger. F\u00f6rs\u00f6k att se vad din katt tycker om, vill den sova h\u00f6gt upp \u2013 ja kanske d\u00e5 en liten mysig b\u00e4dd p\u00e5 n\u00e5gon av hyllplanen vi skrivit om ovan. Eller l\u00e4gg en mysig filt i en gammal trasig underdel p\u00e5 en toal\u00e5da och st\u00e4ll in under s\u00e4ngen.<\/p>\n\n\n\n<p><strong>Anv\u00e4nd fantasin och se vad din katt \u00f6nskar, \u00e4ven om vi inte pratar&nbsp;samma spr\u00e5k s\u00e5 \u00e4r katten duktig p\u00e5 att kommunicera med oss bara vi l\u00e4r oss att lyssna p\u00e5 dem!<\/strong><\/p>\n","protected":false},"excerpt":{"rendered":"<p>Att katter m\u00e5r d\u00e5ligt av att endast vara inomhus st\u00e4mmer numera inte riktigt, idag finns m\u00e5nga fler faror f\u00f6r katten \u00e4n att&nbsp;j\u00e4mf\u00f6ra med kattens f\u00f6rf\u00e4der som levde i det vilda.&nbsp;Katten klarar utm\u00e4rkt att leva hela sitt liv som innekatt, under f\u00f6ruts\u00e4ttning att vi g\u00f6r v\u00e5ra hem \u201dkattv\u00e4nliga\u201d. Kl\u00e4ttraKatter \u00e4r nyfikna av sig och \u00e4lskar att kl\u00e4ttra och uppt\u00e4cka, och i de vilda har de stora m\u00f6jligheter till detta i skog&hellip;<\/p>\n<p><a class=\"more-link\" href=\"https:\/\/www.djurskyddet.se\/kattvarnet\/tips-och-rad\/\" title=\"Continue reading &lsquo;Tips och r\u00e5d&rsquo;\">L&auml;s mer<span class=\"meta-nav\">&raquo;<\/span><\/a><\/p>\n","protected":false},"author":3,"featured_media":0,"parent":0,"menu_order":0,"comment_status":"closed","ping_status":"closed","template":"left-sidebar.php","meta":{"_acf_changed":false,"footnotes":""},"class_list":["post-5588","page","type-page","status-publish","hentry"],"acf":[],"_links":{"self":[{"href":"https:\/\/www.djurskyddet.se\/kattvarnet\/wp-json\/wp\/v2\/pages\/5588","targetHints":{"allow":["GET"]}}],"collection":[{"href":"https:\/\/www.djurskyddet.se\/kattvarnet\/wp-json\/wp\/v2\/pages"}],"about":[{"href":"https:\/\/www.djurskyddet.se\/kattvarnet\/wp-json\/wp\/v2\/types\/page"}],"author":[{"embeddable":true,"href":"https:\/\/www.djurskyddet.se\/kattvarnet\/wp-json\/wp\/v2\/users\/3"}],"replies":[{"embeddable":true,"href":"https:\/\/www.djurskyddet.se\/kattvarnet\/wp-json\/wp\/v2\/comments?post=5588"}],"version-history":[{"count":3,"href":"https:\/\/www.djurskyddet.se\/kattvarnet\/wp-json\/wp\/v2\/pages\/5588\/revisions"}],"predecessor-version":[{"id":5799,"href":"https:\/\/www.djurskyddet.se\/kattvarnet\/wp-json\/wp\/v2\/pages\/5588\/revisions\/5799"}],"wp:attachment":[{"href":"https:\/\/www.djurskyddet.se\/kattvarnet\/wp-json\/wp\/v2\/media?parent=5588"}],"curies":[{"name":"wp","href":"https:\/\/api.w.org\/{rel}","templated":true}]}}