{"id":5622,"date":"2020-02-06T09:42:51","date_gmt":"2020-02-06T09:42:51","guid":{"rendered":"https:\/\/www.djurskyddet.se\/kattvarnet\/?page_id=5622"},"modified":"2020-06-03T07:12:20","modified_gmt":"2020-06-03T07:12:20","slug":"stod-oss","status":"publish","type":"page","link":"https:\/\/www.djurskyddet.se\/kattvarnet\/stod-oss\/","title":{"rendered":"St\u00f6d oss"},"content":{"rendered":"\n<p>Katthemmet finansieras och \u00f6verlever tack vare sponsorer, g\u00e5vor och medlemmar. Vi som arbetar f\u00f6r Kattv\u00e4rnet, b\u00e5de styrelse och volont\u00e4rer, g\u00f6r detta helt utan ers\u00e4ttning, av K\u00e4rlek till Katterna! <\/p>\n\n\n\n<p><strong>L\u00e4s mer under flikarna till v\u00e4nster!<\/strong><\/p>\n","protected":false},"excerpt":{"rendered":"<p>Katthemmet finansieras och \u00f6verlever tack vare sponsorer, g\u00e5vor och medlemmar. Vi som arbetar f\u00f6r Kattv\u00e4rnet, b\u00e5de styrelse och volont\u00e4rer, g\u00f6r detta helt utan ers\u00e4ttning, av K\u00e4rlek till Katterna! L\u00e4s mer under flikarna till v\u00e4nster!<\/p>\n","protected":false},"author":32,"featured_media":0,"parent":0,"menu_order":0,"comment_status":"closed","ping_status":"closed","template":"left-sidebar.php","meta":{"_acf_changed":false,"footnotes":""},"class_list":["post-5622","page","type-page","status-publish","hentry"],"acf":[],"_links":{"self":[{"href":"https:\/\/www.djurskyddet.se\/kattvarnet\/wp-json\/wp\/v2\/pages\/5622","targetHints":{"allow":["GET"]}}],"collection":[{"href":"https:\/\/www.djurskyddet.se\/kattvarnet\/wp-json\/wp\/v2\/pages"}],"about":[{"href":"https:\/\/www.djurskyddet.se\/kattvarnet\/wp-json\/wp\/v2\/types\/page"}],"author":[{"embeddable":true,"href":"https:\/\/www.djurskyddet.se\/kattvarnet\/wp-json\/wp\/v2\/users\/32"}],"replies":[{"embeddable":true,"href":"https:\/\/www.djurskyddet.se\/kattvarnet\/wp-json\/wp\/v2\/comments?post=5622"}],"version-history":[{"count":4,"href":"https:\/\/www.djurskyddet.se\/kattvarnet\/wp-json\/wp\/v2\/pages\/5622\/revisions"}],"predecessor-version":[{"id":5715,"href":"https:\/\/www.djurskyddet.se\/kattvarnet\/wp-json\/wp\/v2\/pages\/5622\/revisions\/5715"}],"wp:attachment":[{"href":"https:\/\/www.djurskyddet.se\/kattvarnet\/wp-json\/wp\/v2\/media?parent=5622"}],"curies":[{"name":"wp","href":"https:\/\/api.w.org\/{rel}","templated":true}]}}