{"id":5624,"date":"2020-02-06T09:44:02","date_gmt":"2020-02-06T09:44:02","guid":{"rendered":"https:\/\/www.djurskyddet.se\/kattvarnet\/?page_id=5624"},"modified":"2020-02-06T09:55:31","modified_gmt":"2020-02-06T09:55:31","slug":"ge-en-gava","status":"publish","type":"page","link":"https:\/\/www.djurskyddet.se\/kattvarnet\/ge-en-gava\/","title":{"rendered":"Ge en g\u00e5va"},"content":{"rendered":"\n<p>V\u00e5r verksamhet \u00e4r helt beroende av g\u00e5vor. Tack f\u00f6r att du st\u00f6ttar v\u00e5rt arbete f\u00f6r djuren!<\/p>\n\n\n\n<p>Plusgiro: 2 22 31-5<br>Swish: 1233196334<\/p>\n\n\n\n<figure class=\"wp-block-image is-resized\"><img loading=\"lazy\" decoding=\"async\" src=\"https:\/\/www.djurskyddet.se\/kattvarnet\/wp-content\/uploads\/sites\/34\/2016\/07\/10305427_869317503118681_5534673314723352723_n.jpg\" alt=\"Swish-logga\" class=\"wp-image-5153\" width=\"257\" height=\"207\" srcset=\"https:\/\/www.djurskyddet.se\/kattvarnet\/wp-content\/uploads\/sites\/34\/2016\/07\/10305427_869317503118681_5534673314723352723_n.jpg 619w, https:\/\/www.djurskyddet.se\/kattvarnet\/wp-content\/uploads\/sites\/34\/2016\/07\/10305427_869317503118681_5534673314723352723_n-300x241.jpg 300w, https:\/\/www.djurskyddet.se\/kattvarnet\/wp-content\/uploads\/sites\/34\/2016\/07\/10305427_869317503118681_5534673314723352723_n-400x322.jpg 400w\" sizes=\"auto, (max-width: 257px) 100vw, 257px\" \/><\/figure>\n","protected":false},"excerpt":{"rendered":"<p>V\u00e5r verksamhet \u00e4r helt beroende av g\u00e5vor. Tack f\u00f6r att du st\u00f6ttar v\u00e5rt arbete f\u00f6r djuren! Plusgiro: 2 22 31-5Swish: 1233196334<\/p>\n","protected":false},"author":3,"featured_media":0,"parent":0,"menu_order":0,"comment_status":"closed","ping_status":"closed","template":"left-sidebar.php","meta":{"_acf_changed":false,"footnotes":""},"class_list":["post-5624","page","type-page","status-publish","hentry"],"acf":[],"_links":{"self":[{"href":"https:\/\/www.djurskyddet.se\/kattvarnet\/wp-json\/wp\/v2\/pages\/5624","targetHints":{"allow":["GET"]}}],"collection":[{"href":"https:\/\/www.djurskyddet.se\/kattvarnet\/wp-json\/wp\/v2\/pages"}],"about":[{"href":"https:\/\/www.djurskyddet.se\/kattvarnet\/wp-json\/wp\/v2\/types\/page"}],"author":[{"embeddable":true,"href":"https:\/\/www.djurskyddet.se\/kattvarnet\/wp-json\/wp\/v2\/users\/3"}],"replies":[{"embeddable":true,"href":"https:\/\/www.djurskyddet.se\/kattvarnet\/wp-json\/wp\/v2\/comments?post=5624"}],"version-history":[{"count":3,"href":"https:\/\/www.djurskyddet.se\/kattvarnet\/wp-json\/wp\/v2\/pages\/5624\/revisions"}],"predecessor-version":[{"id":5635,"href":"https:\/\/www.djurskyddet.se\/kattvarnet\/wp-json\/wp\/v2\/pages\/5624\/revisions\/5635"}],"wp:attachment":[{"href":"https:\/\/www.djurskyddet.se\/kattvarnet\/wp-json\/wp\/v2\/media?parent=5624"}],"curies":[{"name":"wp","href":"https:\/\/api.w.org\/{rel}","templated":true}]}}