{"id":5649,"date":"2020-06-03T07:13:54","date_gmt":"2020-06-03T07:13:54","guid":{"rendered":"https:\/\/www.djurskyddet.se\/kattvarnet\/?page_id=5649"},"modified":"2020-06-08T08:53:54","modified_gmt":"2020-06-08T08:53:54","slug":"bli-volontar","status":"publish","type":"page","link":"https:\/\/www.djurskyddet.se\/kattvarnet\/bli-volontar\/","title":{"rendered":"Bli volont\u00e4r"},"content":{"rendered":"\n<p>Vi  \u00e4r i stort behov av nya volot\u00e4rer! Har du n\u00e5gra timmar \u00f6ver i en g\u00e5ng i veckan f\u00f6r att hj\u00e4lpa v\u00e5ra katter? <br> <br> <strong>Vad g\u00f6r en volont\u00e4r?<\/strong><br> <br> Vi vill att du kan hj\u00e4lpa till minst 2 pass per m\u00e5nad. Vi har  f\u00f6rmiddagspass och eftermiddagspass. Tiden beror p\u00e5 hur m\u00e5nga katter vi  har och vad som ska g\u00f6ras just den dagen. Vi har tre olika avdelningar:  utslussen, pensionatet och karant\u00e4n. Du f\u00e5r g\u00e5 intropass p\u00e5 de olika  avdelningarna f\u00f6r att l\u00e4ra dig hur vi sk\u00f6ter allt p\u00e5 b\u00e4sta s\u00e4tt.<br> <br> Det som ska g\u00f6ras \u00e4r att ge mat och vatten, g\u00f6ra rent i l\u00e5dor, fylla p\u00e5  sand, klappa, gosa, krama, pussa, mysa med, borsta, klippa klor p\u00e5  katterna. Kolla att de m\u00e5r bra. Leka med&nbsp;och aktivera dem. Sen st\u00e4dning,  tv\u00e4tt och disk.<br><br> <strong>V\u00e4lkommen in&nbsp;p\u00e5 v\u00e5ra \u00f6ppettider!<\/strong><\/p>\n","protected":false},"excerpt":{"rendered":"<p>Vi \u00e4r i stort behov av nya volot\u00e4rer! Har du n\u00e5gra timmar \u00f6ver i en g\u00e5ng i veckan f\u00f6r att hj\u00e4lpa v\u00e5ra katter? Vad g\u00f6r en volont\u00e4r? Vi vill att du kan hj\u00e4lpa till minst 2 pass per m\u00e5nad. Vi har f\u00f6rmiddagspass och eftermiddagspass. Tiden beror p\u00e5 hur m\u00e5nga katter vi har och vad som ska g\u00f6ras just den dagen. Vi har tre olika avdelningar: utslussen, pensionatet och karant\u00e4n. Du&hellip;<\/p>\n<p><a class=\"more-link\" href=\"https:\/\/www.djurskyddet.se\/kattvarnet\/bli-volontar\/\" title=\"Continue reading &lsquo;Bli volont\u00e4r&rsquo;\">L&auml;s mer<span class=\"meta-nav\">&raquo;<\/span><\/a><\/p>\n","protected":false},"author":32,"featured_media":0,"parent":0,"menu_order":0,"comment_status":"closed","ping_status":"closed","template":"","meta":{"_acf_changed":false,"footnotes":""},"class_list":["post-5649","page","type-page","status-publish","hentry"],"acf":[],"_links":{"self":[{"href":"https:\/\/www.djurskyddet.se\/kattvarnet\/wp-json\/wp\/v2\/pages\/5649","targetHints":{"allow":["GET"]}}],"collection":[{"href":"https:\/\/www.djurskyddet.se\/kattvarnet\/wp-json\/wp\/v2\/pages"}],"about":[{"href":"https:\/\/www.djurskyddet.se\/kattvarnet\/wp-json\/wp\/v2\/types\/page"}],"author":[{"embeddable":true,"href":"https:\/\/www.djurskyddet.se\/kattvarnet\/wp-json\/wp\/v2\/users\/32"}],"replies":[{"embeddable":true,"href":"https:\/\/www.djurskyddet.se\/kattvarnet\/wp-json\/wp\/v2\/comments?post=5649"}],"version-history":[{"count":3,"href":"https:\/\/www.djurskyddet.se\/kattvarnet\/wp-json\/wp\/v2\/pages\/5649\/revisions"}],"predecessor-version":[{"id":5660,"href":"https:\/\/www.djurskyddet.se\/kattvarnet\/wp-json\/wp\/v2\/pages\/5649\/revisions\/5660"}],"wp:attachment":[{"href":"https:\/\/www.djurskyddet.se\/kattvarnet\/wp-json\/wp\/v2\/media?parent=5649"}],"curies":[{"name":"wp","href":"https:\/\/api.w.org\/{rel}","templated":true}]}}