{"id":5653,"date":"2020-06-03T07:13:54","date_gmt":"2020-06-03T07:13:54","guid":{"rendered":"https:\/\/www.djurskyddet.se\/kattvarnet\/?page_id=5653"},"modified":"2020-06-03T07:13:54","modified_gmt":"2020-06-03T07:13:54","slug":"boxfadder-och-forsaringsfadder","status":"publish","type":"page","link":"https:\/\/www.djurskyddet.se\/kattvarnet\/boxfadder-och-forsaringsfadder\/","title":{"rendered":"Boxfadder och F\u00f6rs\u00e4kringsfadder"},"content":{"rendered":"\n<p><strong>Boxfadder<\/strong><br> <br> Ni \u00e4r v\u00e4lkomna att anm\u00e4la intresse att sponsra en eller flera boxar f\u00f6r<br> 5 000 kr\/box och \u00e5r.<\/p>\n\n\n\n<p>Det g\u00e5r ocks\u00e5 att bli f\u00f6rs\u00e4kringsfadder f\u00f6r 100 kronor i m\u00e5naden. <\/p>\n\n\n\n<p> Maila <a href=\"mailto:info@kattvarnet.nu\">info@kattvarnet.nu<\/a> m\u00e4rk mejlet &#8221;bokfadder&#8221; eller &#8221;f\u00f6rs\u00e4kringsfadder&#8221;<\/p>\n","protected":false},"excerpt":{"rendered":"<p>Boxfadder Ni \u00e4r v\u00e4lkomna att anm\u00e4la intresse att sponsra en eller flera boxar f\u00f6r 5 000 kr\/box och \u00e5r. Det g\u00e5r ocks\u00e5 att bli f\u00f6rs\u00e4kringsfadder f\u00f6r 100 kronor i m\u00e5naden. Maila info@kattvarnet.nu m\u00e4rk mejlet &#8221;bokfadder&#8221; eller &#8221;f\u00f6rs\u00e4kringsfadder&#8221;<\/p>\n","protected":false},"author":32,"featured_media":0,"parent":0,"menu_order":0,"comment_status":"closed","ping_status":"closed","template":"","meta":{"_acf_changed":false,"footnotes":""},"class_list":["post-5653","page","type-page","status-publish","hentry"],"acf":[],"_links":{"self":[{"href":"https:\/\/www.djurskyddet.se\/kattvarnet\/wp-json\/wp\/v2\/pages\/5653","targetHints":{"allow":["GET"]}}],"collection":[{"href":"https:\/\/www.djurskyddet.se\/kattvarnet\/wp-json\/wp\/v2\/pages"}],"about":[{"href":"https:\/\/www.djurskyddet.se\/kattvarnet\/wp-json\/wp\/v2\/types\/page"}],"author":[{"embeddable":true,"href":"https:\/\/www.djurskyddet.se\/kattvarnet\/wp-json\/wp\/v2\/users\/32"}],"replies":[{"embeddable":true,"href":"https:\/\/www.djurskyddet.se\/kattvarnet\/wp-json\/wp\/v2\/comments?post=5653"}],"version-history":[{"count":1,"href":"https:\/\/www.djurskyddet.se\/kattvarnet\/wp-json\/wp\/v2\/pages\/5653\/revisions"}],"predecessor-version":[{"id":5673,"href":"https:\/\/www.djurskyddet.se\/kattvarnet\/wp-json\/wp\/v2\/pages\/5653\/revisions\/5673"}],"wp:attachment":[{"href":"https:\/\/www.djurskyddet.se\/kattvarnet\/wp-json\/wp\/v2\/media?parent=5653"}],"curies":[{"name":"wp","href":"https:\/\/api.w.org\/{rel}","templated":true}]}}