{"id":5805,"date":"2020-06-08T08:41:56","date_gmt":"2020-06-08T08:41:56","guid":{"rendered":"https:\/\/www.djurskyddet.se\/kattvarnet\/?page_id=5805"},"modified":"2020-06-08T08:52:49","modified_gmt":"2020-06-08T08:52:49","slug":"sponsorer","status":"publish","type":"page","link":"https:\/\/www.djurskyddet.se\/kattvarnet\/sponsorer\/","title":{"rendered":"Sponsorer"},"content":{"rendered":"\n<figure class=\"wp-block-image\"><a href=\"https:\/\/www.agria.se\/\"><img loading=\"lazy\" decoding=\"async\" width=\"250\" height=\"135\" src=\"https:\/\/www.djurskyddet.se\/kattvarnet\/wp-content\/uploads\/sites\/34\/2020\/06\/23970449-PwbLt.jpg\" alt=\"\" class=\"wp-image-5811\" \/><\/a><\/figure>\n\n\n\n<p><strong>Kontakta:<\/strong> Lotta Bj\u00f6rklund Holeg\u00e5rd<strong><br>Mobilnummer: <\/strong>073-938 12 27<strong><br><\/strong>Vid registring av din djurf\u00f6rs\u00e4kring, s\u00e5 sk\u00e4nker du samtidigt en slant till v\u00e5ra heml\u00f6sa katter. <\/p>\n\n\n\n<figure class=\"wp-block-image is-resized\"><a href=\"https:\/\/www.hillspet.se\/\"><img loading=\"lazy\" decoding=\"async\" src=\"https:\/\/www.djurskyddet.se\/kattvarnet\/wp-content\/uploads\/sites\/34\/2020\/06\/72812996-HKdBG.jpg\" alt=\"\" class=\"wp-image-5803\" width=\"266\" height=\"266\" srcset=\"https:\/\/www.djurskyddet.se\/kattvarnet\/wp-content\/uploads\/sites\/34\/2020\/06\/72812996-HKdBG.jpg 484w, https:\/\/www.djurskyddet.se\/kattvarnet\/wp-content\/uploads\/sites\/34\/2020\/06\/72812996-HKdBG-150x150.jpg 150w, https:\/\/www.djurskyddet.se\/kattvarnet\/wp-content\/uploads\/sites\/34\/2020\/06\/72812996-HKdBG-300x300.jpg 300w, https:\/\/www.djurskyddet.se\/kattvarnet\/wp-content\/uploads\/sites\/34\/2020\/06\/72812996-HKdBG-400x400.jpg 400w\" sizes=\"auto, (max-width: 266px) 100vw, 266px\" \/><\/a><\/figure>\n","protected":false},"excerpt":{"rendered":"<p>Kontakta: Lotta Bj\u00f6rklund Holeg\u00e5rdMobilnummer: 073-938 12 27Vid registring av din djurf\u00f6rs\u00e4kring, s\u00e5 sk\u00e4nker du samtidigt en slant till v\u00e5ra heml\u00f6sa katter.<\/p>\n","protected":false},"author":32,"featured_media":0,"parent":0,"menu_order":0,"comment_status":"closed","ping_status":"closed","template":"","meta":{"_acf_changed":false,"footnotes":""},"class_list":["post-5805","page","type-page","status-publish","hentry"],"acf":[],"_links":{"self":[{"href":"https:\/\/www.djurskyddet.se\/kattvarnet\/wp-json\/wp\/v2\/pages\/5805","targetHints":{"allow":["GET"]}}],"collection":[{"href":"https:\/\/www.djurskyddet.se\/kattvarnet\/wp-json\/wp\/v2\/pages"}],"about":[{"href":"https:\/\/www.djurskyddet.se\/kattvarnet\/wp-json\/wp\/v2\/types\/page"}],"author":[{"embeddable":true,"href":"https:\/\/www.djurskyddet.se\/kattvarnet\/wp-json\/wp\/v2\/users\/32"}],"replies":[{"embeddable":true,"href":"https:\/\/www.djurskyddet.se\/kattvarnet\/wp-json\/wp\/v2\/comments?post=5805"}],"version-history":[{"count":4,"href":"https:\/\/www.djurskyddet.se\/kattvarnet\/wp-json\/wp\/v2\/pages\/5805\/revisions"}],"predecessor-version":[{"id":5815,"href":"https:\/\/www.djurskyddet.se\/kattvarnet\/wp-json\/wp\/v2\/pages\/5805\/revisions\/5815"}],"wp:attachment":[{"href":"https:\/\/www.djurskyddet.se\/kattvarnet\/wp-json\/wp\/v2\/media?parent=5805"}],"curies":[{"name":"wp","href":"https:\/\/api.w.org\/{rel}","templated":true}]}}