{"id":5570,"date":"2019-01-15T15:29:01","date_gmt":"2019-01-15T15:29:01","guid":{"rendered":"https:\/\/www.djurskyddet.se\/kristinehamn\/?page_id=5570"},"modified":"2025-05-12T15:03:03","modified_gmt":"2025-05-12T15:03:03","slug":"om-oss","status":"publish","type":"page","link":"https:\/\/www.djurskyddet.se\/kristinehamn\/om-oss\/","title":{"rendered":"Om oss"},"content":{"rendered":"<h2>Djurskyddet Kristinehamn<\/h2>\n<p>Djurskyddet Kristinehamn \u00e4r en ideell f\u00f6rening som p\u00e5 olika s\u00e4tt verkar f\u00f6r djurens b\u00e4sta.<\/p>\n<p>V\u00e5r huvudsakliga verksamhet \u00e4r att hj\u00e4lpa heml\u00f6sa djur och djur som beh\u00f6ver omplacering.<\/p>\n<p>Vi hj\u00e4lper \u00e4ven till i djurskydds\u00e4renden. Eftersom vi inte \u00e4r en myndighet har vi begr\u00e4nsade m\u00f6jligheter att ingripa. Vi kan t.ex. inte h\u00e4mta djur utan \u00e4garens tillst\u00e5nd eller utan uppdrag av myndigheter, vid de fall d\u00e4r det finns en \u00e4gare till djuret.<\/p>\n<h2><strong>Styrelsen 2025<\/strong><\/h2>\n<p><strong>Ordf\u00f6rande:\u00a0 \u00a0 \u00a0 \u00a0 \u00a0 Kenneth Andersson<\/strong><\/p>\n<p><strong>Vice ordf\u00f6rande:\u00a0 \u00a0Stig-Lennart Svensson<\/strong><\/p>\n<p><strong>Kass\u00f6r:\u00a0 \u00a0 \u00a0 \u00a0 \u00a0 \u00a0 \u00a0 \u00a0 \u00a0 \u00a0Carina Lemke<\/strong><\/p>\n<p><strong>Sekreterare:\u00a0 \u00a0 \u00a0 \u00a0 \u00a0 \u00a0Therese Cedercrona<\/strong><\/p>\n<p><strong>Ledamot:\u00a0 \u00a0 \u00a0 \u00a0 \u00a0 \u00a0 \u00a0 \u00a0\u00a0 Ann-Catrine Bergstr\u00f6m<\/strong><\/p>\n<p><strong>Ledamot:\u00a0 \u00a0 \u00a0 \u00a0 \u00a0 \u00a0 \u00a0 \u00a0 Michael Thiele<\/strong><strong>\u00a0<\/strong><\/p>\n","protected":false},"excerpt":{"rendered":"<p>Djurskyddet Kristinehamn Djurskyddet Kristinehamn \u00e4r en ideell f\u00f6rening som p\u00e5 olika s\u00e4tt verkar f\u00f6r djurens b\u00e4sta. V\u00e5r huvudsakliga verksamhet \u00e4r att hj\u00e4lpa heml\u00f6sa djur och djur som beh\u00f6ver omplacering. Vi hj\u00e4lper \u00e4ven till i djurskydds\u00e4renden. Eftersom vi inte \u00e4r en myndighet har vi begr\u00e4nsade m\u00f6jligheter att ingripa. Vi kan t.ex. inte h\u00e4mta djur utan \u00e4garens tillst\u00e5nd eller utan uppdrag av myndigheter, vid de fall d\u00e4r det finns en \u00e4gare till&hellip;<\/p>\n<p><a class=\"more-link\" href=\"https:\/\/www.djurskyddet.se\/kristinehamn\/om-oss\/\" title=\"Continue reading &lsquo;Om oss&rsquo;\">L&auml;s mer<span class=\"meta-nav\">&raquo;<\/span><\/a><\/p>\n","protected":false},"author":3,"featured_media":0,"parent":0,"menu_order":0,"comment_status":"closed","ping_status":"closed","template":"page-templates\/left-sidebar.php","meta":{"_acf_changed":false,"footnotes":""},"class_list":["post-5570","page","type-page","status-publish","hentry"],"acf":[],"_links":{"self":[{"href":"https:\/\/www.djurskyddet.se\/kristinehamn\/wp-json\/wp\/v2\/pages\/5570","targetHints":{"allow":["GET"]}}],"collection":[{"href":"https:\/\/www.djurskyddet.se\/kristinehamn\/wp-json\/wp\/v2\/pages"}],"about":[{"href":"https:\/\/www.djurskyddet.se\/kristinehamn\/wp-json\/wp\/v2\/types\/page"}],"author":[{"embeddable":true,"href":"https:\/\/www.djurskyddet.se\/kristinehamn\/wp-json\/wp\/v2\/users\/3"}],"replies":[{"embeddable":true,"href":"https:\/\/www.djurskyddet.se\/kristinehamn\/wp-json\/wp\/v2\/comments?post=5570"}],"version-history":[{"count":14,"href":"https:\/\/www.djurskyddet.se\/kristinehamn\/wp-json\/wp\/v2\/pages\/5570\/revisions"}],"predecessor-version":[{"id":9897,"href":"https:\/\/www.djurskyddet.se\/kristinehamn\/wp-json\/wp\/v2\/pages\/5570\/revisions\/9897"}],"wp:attachment":[{"href":"https:\/\/www.djurskyddet.se\/kristinehamn\/wp-json\/wp\/v2\/media?parent=5570"}],"curies":[{"name":"wp","href":"https:\/\/api.w.org\/{rel}","templated":true}]}}