{"id":5577,"date":"2019-01-15T15:33:34","date_gmt":"2019-01-15T15:33:34","guid":{"rendered":"https:\/\/www.djurskyddet.se\/kristinehamn\/?page_id=5577"},"modified":"2025-10-01T10:03:39","modified_gmt":"2025-10-01T10:03:39","slug":"bli-medlem","status":"publish","type":"page","link":"https:\/\/www.djurskyddet.se\/kristinehamn\/stod-oss\/bli-medlem\/","title":{"rendered":"Bli medlem"},"content":{"rendered":"\n<p>Medlemskapet i Djurskyddet Kristinehamn kostar 300 kronor per \u00e5r f\u00f6r en person.<\/p>\n\n\n\n<p><span data-contrast=\"auto\">Som medlem i Djurskyddet Kristinehamn \u00e4r du ocks\u00e5 medlem i riksf\u00f6rbundet Djurskyddet Sverige och f\u00e5r Tidningen Djurskyddet fyra g\u00e5nger per \u00e5r, b\u00e5de i brevl\u00e5dan och i appen TD. Ladda ner den d\u00e4r appar finns! Dessutom kan du l\u00e4sa intressanta djurskyddsnyheter p\u00e5 <\/span><b><a href=\"https:\/\/tidningen.djurskyddet.se\/\"><span data-contrast=\"auto\">webbtidningen<\/span><\/a><\/b><span data-contrast=\"auto\"><a href=\"https:\/\/tidningen.djurskyddet.se\/\"> <\/a>och kan ta del av ett antal\u202ffina <\/span><b><span data-contrast=\"auto\"><a href=\"https:\/\/www.djurskyddet.se\/stod-oss\/bli-medlem\/medlemsformaner\/\">medlemsf\u00f6rm\u00e5ner<\/a><\/span><\/b><span data-contrast=\"auto\">, s\u00e5som rabatt hos olika n\u00e4tbutiker.\u00a0<\/span><\/p>\n\n\n\n<p><span style=\"font-size: revert; color: initial;\">Du f\u00e5r \u00e4ven m\u00f6jlighet att medverka vid aktiviteter f\u00f6r medlemmarna och l\u00e4gre avgift n\u00e4r du vill l\u00e4mna in din egen katt p\u00e5 v\u00e5rt katthotell p\u00e5 djurhemmet.<\/span><\/p>\n\n\n\n<p><span data-contrast=\"auto\">Registrera dig som medlem p\u00e5\u202fDjurskyddet Sveriges hemsida. <strong>Se till att v\u00e4lja Djurskyddet Kristinehamn<\/strong> som din lokalf\u00f6rening.<\/span><\/p>\n\n\n\n<div class=\"wp-block-buttons is-layout-flex wp-block-buttons-is-layout-flex\">\n<div class=\"wp-block-button has-custom-font-size has-small-font-size\"><a class=\"wp-block-button__link has-white-color has-text-color has-background has-link-color wp-element-button\" href=\"https:\/\/donation.djurskyddet.se\/s\/medlem\" style=\"background-color:#00a64a\"><strong>Bli medlem h\u00e4r<\/strong><\/a><\/div>\n<\/div>\n\n\n\n<p><\/p>\n","protected":false},"excerpt":{"rendered":"<p>Medlemskapet i Djurskyddet Kristinehamn kostar 300 kronor per \u00e5r f\u00f6r en person. Som medlem i Djurskyddet Kristinehamn \u00e4r du ocks\u00e5 medlem i riksf\u00f6rbundet Djurskyddet Sverige och f\u00e5r Tidningen Djurskyddet fyra g\u00e5nger per \u00e5r, b\u00e5de i brevl\u00e5dan och i appen TD. Ladda ner den d\u00e4r appar finns! Dessutom kan du l\u00e4sa intressanta djurskyddsnyheter p\u00e5 webbtidningen och kan ta del av ett antal\u202ffina medlemsf\u00f6rm\u00e5ner, s\u00e5som rabatt hos olika n\u00e4tbutiker.\u00a0 Du f\u00e5r \u00e4ven&hellip;<\/p>\n<p><a class=\"more-link\" href=\"https:\/\/www.djurskyddet.se\/kristinehamn\/stod-oss\/bli-medlem\/\" title=\"Continue reading &lsquo;Bli medlem&rsquo;\">L&auml;s mer<span class=\"meta-nav\">&raquo;<\/span><\/a><\/p>\n","protected":false},"author":3,"featured_media":0,"parent":5575,"menu_order":0,"comment_status":"closed","ping_status":"closed","template":"page-templates\/left-sidebar.php","meta":{"_acf_changed":false,"footnotes":""},"class_list":["post-5577","page","type-page","status-publish","hentry"],"acf":[],"_links":{"self":[{"href":"https:\/\/www.djurskyddet.se\/kristinehamn\/wp-json\/wp\/v2\/pages\/5577","targetHints":{"allow":["GET"]}}],"collection":[{"href":"https:\/\/www.djurskyddet.se\/kristinehamn\/wp-json\/wp\/v2\/pages"}],"about":[{"href":"https:\/\/www.djurskyddet.se\/kristinehamn\/wp-json\/wp\/v2\/types\/page"}],"author":[{"embeddable":true,"href":"https:\/\/www.djurskyddet.se\/kristinehamn\/wp-json\/wp\/v2\/users\/3"}],"replies":[{"embeddable":true,"href":"https:\/\/www.djurskyddet.se\/kristinehamn\/wp-json\/wp\/v2\/comments?post=5577"}],"version-history":[{"count":6,"href":"https:\/\/www.djurskyddet.se\/kristinehamn\/wp-json\/wp\/v2\/pages\/5577\/revisions"}],"predecessor-version":[{"id":10024,"href":"https:\/\/www.djurskyddet.se\/kristinehamn\/wp-json\/wp\/v2\/pages\/5577\/revisions\/10024"}],"up":[{"embeddable":true,"href":"https:\/\/www.djurskyddet.se\/kristinehamn\/wp-json\/wp\/v2\/pages\/5575"}],"wp:attachment":[{"href":"https:\/\/www.djurskyddet.se\/kristinehamn\/wp-json\/wp\/v2\/media?parent=5577"}],"curies":[{"name":"wp","href":"https:\/\/api.w.org\/{rel}","templated":true}]}}