{"id":5579,"date":"2019-01-15T15:34:02","date_gmt":"2019-01-15T15:34:02","guid":{"rendered":"https:\/\/www.djurskyddet.se\/kristinehamn\/?page_id=5579"},"modified":"2020-06-09T09:59:32","modified_gmt":"2020-06-09T09:59:32","slug":"gava","status":"publish","type":"page","link":"https:\/\/www.djurskyddet.se\/kristinehamn\/stod-oss\/gava\/","title":{"rendered":"G\u00e5va"},"content":{"rendered":"<p>Du f\u00e5r g\u00e4rna ge oss en g\u00e5va genom att sk\u00e4nka oss kontanta bidrag till verksamheten i de insamlingsb\u00f6ssor som finns p\u00e5 m\u00e5nga st\u00e4llen i Kristinehamn och Karlskoga.<\/p>\n<p>Du kan \u00e4ven ge oss ett bidrag via Swish, nummer 123 553 4904 eller f\u00f6reningens bankgiro 260-1201.Om Du skickar in en g\u00e5va via Swish eller bankgiro &#8211; gl\u00f6m inte skriva att det \u00e4r en G\u00c5VA och att ange Ditt namn p\u00e5 inbetalningen.<\/p>\n<p>Anv\u00e4nd g\u00e4rna QR-koden ovan f\u00f6r Swish.<\/p>\n<p>Vi har \u00e4ven en omfattande loppisverksamhet i Kristinehamn, med butik p\u00e5 S\u00f6dra Hamngatan i centrum.<\/p>\n<p>Inl\u00e4mning av loppisgods till oss sker i v\u00e5r andra loppislokal p\u00e5 1:a Industrigatan 2B, mitt emot Erik Anderssons Bil AB (Ford) &#8211; m\u00e5ndagar mellan 14:00 &#8211; 17:00. D\u00e4r sker sortering av det mottagna godset innan f\u00f6rs\u00e4ljning.<\/p>\n<p>Observera att <em>inget<\/em> loppisgods f\u00e5r l\u00e4mnas p\u00e5 djurhemmet!<\/p>\n<p><img loading=\"lazy\" decoding=\"async\" class=\"alignnone  wp-image-5746\" src=\"https:\/\/www.djurskyddet.se\/kristinehamn\/wp-content\/uploads\/sites\/31\/2019\/01\/Kattunge-260x300.jpg\" alt=\"\" width=\"593\" height=\"684\" srcset=\"https:\/\/www.djurskyddet.se\/kristinehamn\/wp-content\/uploads\/sites\/31\/2019\/01\/Kattunge-260x300.jpg 260w, https:\/\/www.djurskyddet.se\/kristinehamn\/wp-content\/uploads\/sites\/31\/2019\/01\/Kattunge.jpg 886w, https:\/\/www.djurskyddet.se\/kristinehamn\/wp-content\/uploads\/sites\/31\/2019\/01\/Kattunge-400x462.jpg 400w\" sizes=\"auto, (max-width: 593px) 100vw, 593px\" \/><\/p>\n","protected":false},"excerpt":{"rendered":"<p>Du f\u00e5r g\u00e4rna ge oss en g\u00e5va genom att sk\u00e4nka oss kontanta bidrag till verksamheten i de insamlingsb\u00f6ssor som finns p\u00e5 m\u00e5nga st\u00e4llen i Kristinehamn och Karlskoga. Du kan \u00e4ven ge oss ett bidrag via Swish, nummer 123 553 4904 eller f\u00f6reningens bankgiro 260-1201.Om Du skickar in en g\u00e5va via Swish eller bankgiro &#8211; gl\u00f6m inte skriva att det \u00e4r en G\u00c5VA och att ange Ditt namn p\u00e5 inbetalningen. Anv\u00e4nd&hellip;<\/p>\n<p><a class=\"more-link\" href=\"https:\/\/www.djurskyddet.se\/kristinehamn\/stod-oss\/gava\/\" title=\"Continue reading &lsquo;G\u00e5va&rsquo;\">L&auml;s mer<span class=\"meta-nav\">&raquo;<\/span><\/a><\/p>\n","protected":false},"author":3,"featured_media":7067,"parent":5575,"menu_order":0,"comment_status":"closed","ping_status":"closed","template":"page-templates\/left-sidebar.php","meta":{"_acf_changed":false,"footnotes":""},"class_list":["post-5579","page","type-page","status-publish","has-post-thumbnail","hentry"],"acf":[],"_links":{"self":[{"href":"https:\/\/www.djurskyddet.se\/kristinehamn\/wp-json\/wp\/v2\/pages\/5579","targetHints":{"allow":["GET"]}}],"collection":[{"href":"https:\/\/www.djurskyddet.se\/kristinehamn\/wp-json\/wp\/v2\/pages"}],"about":[{"href":"https:\/\/www.djurskyddet.se\/kristinehamn\/wp-json\/wp\/v2\/types\/page"}],"author":[{"embeddable":true,"href":"https:\/\/www.djurskyddet.se\/kristinehamn\/wp-json\/wp\/v2\/users\/3"}],"replies":[{"embeddable":true,"href":"https:\/\/www.djurskyddet.se\/kristinehamn\/wp-json\/wp\/v2\/comments?post=5579"}],"version-history":[{"count":9,"href":"https:\/\/www.djurskyddet.se\/kristinehamn\/wp-json\/wp\/v2\/pages\/5579\/revisions"}],"predecessor-version":[{"id":7069,"href":"https:\/\/www.djurskyddet.se\/kristinehamn\/wp-json\/wp\/v2\/pages\/5579\/revisions\/7069"}],"up":[{"embeddable":true,"href":"https:\/\/www.djurskyddet.se\/kristinehamn\/wp-json\/wp\/v2\/pages\/5575"}],"wp:featuredmedia":[{"embeddable":true,"href":"https:\/\/www.djurskyddet.se\/kristinehamn\/wp-json\/wp\/v2\/media\/7067"}],"wp:attachment":[{"href":"https:\/\/www.djurskyddet.se\/kristinehamn\/wp-json\/wp\/v2\/media?parent=5579"}],"curies":[{"name":"wp","href":"https:\/\/api.w.org\/{rel}","templated":true}]}}