{"id":5581,"date":"2019-01-15T15:34:33","date_gmt":"2019-01-15T15:34:33","guid":{"rendered":"https:\/\/www.djurskyddet.se\/kristinehamn\/?page_id=5581"},"modified":"2019-01-21T15:37:46","modified_gmt":"2019-01-21T15:37:46","slug":"testamentera","status":"publish","type":"page","link":"https:\/\/www.djurskyddet.se\/kristinehamn\/stod-oss\/testamentera\/","title":{"rendered":"Testamentera"},"content":{"rendered":"<p>F\u00f6reningen \u00e4r mycket tacksam mot de personer som t\u00e4nker p\u00e5 f\u00f6reningens arbete f\u00f6r alla djur genom att testamentera pengar eller hela d\u00f6dsbon till oss. Det \u00e4r viktigt att ett testamente \u00e4r skrivet p\u00e5 ett s\u00e4tt som \u00e4r juridiskt giltigt, med godk\u00e4nda testamentvittnen och korrekt text. Det \u00e4r \u00e4ven viktigt att v\u00e5r f\u00f6renings namn anges r\u00e4tt och helst \u00e4ven att f\u00f6reningens organisationsnummer finns angivet i anslutning till f\u00f6reningsnamnet i testamentet.<\/p>\n<p>Vi uppmanar Dig som vill t\u00e4nka p\u00e5 f\u00f6reningen och djurens b\u00e4sta p\u00e5 detta s\u00e4tt att kontakta Din bank eller en lokal juridisk byr\u00e5 f\u00f6r att f\u00e5 hj\u00e4lp med den korrekta skrivningen och handl\u00e4ggningen\/f\u00f6rvaringen av testamentet. Det \u00e4r \u00e4ven viktigt att vi som f\u00f6rening erh\u00e5ller en vidimerad kopia p\u00e5 testamentet.<\/p>\n","protected":false},"excerpt":{"rendered":"<p>F\u00f6reningen \u00e4r mycket tacksam mot de personer som t\u00e4nker p\u00e5 f\u00f6reningens arbete f\u00f6r alla djur genom att testamentera pengar eller hela d\u00f6dsbon till oss. Det \u00e4r viktigt att ett testamente \u00e4r skrivet p\u00e5 ett s\u00e4tt som \u00e4r juridiskt giltigt, med godk\u00e4nda testamentvittnen och korrekt text. Det \u00e4r \u00e4ven viktigt att v\u00e5r f\u00f6renings namn anges r\u00e4tt och helst \u00e4ven att f\u00f6reningens organisationsnummer finns angivet i anslutning till f\u00f6reningsnamnet i testamentet. Vi&hellip;<\/p>\n<p><a class=\"more-link\" href=\"https:\/\/www.djurskyddet.se\/kristinehamn\/stod-oss\/testamentera\/\" title=\"Continue reading &lsquo;Testamentera&rsquo;\">L&auml;s mer<span class=\"meta-nav\">&raquo;<\/span><\/a><\/p>\n","protected":false},"author":3,"featured_media":0,"parent":5575,"menu_order":0,"comment_status":"closed","ping_status":"closed","template":"page-templates\/left-sidebar.php","meta":{"_acf_changed":false,"footnotes":""},"class_list":["post-5581","page","type-page","status-publish","hentry"],"acf":[],"_links":{"self":[{"href":"https:\/\/www.djurskyddet.se\/kristinehamn\/wp-json\/wp\/v2\/pages\/5581","targetHints":{"allow":["GET"]}}],"collection":[{"href":"https:\/\/www.djurskyddet.se\/kristinehamn\/wp-json\/wp\/v2\/pages"}],"about":[{"href":"https:\/\/www.djurskyddet.se\/kristinehamn\/wp-json\/wp\/v2\/types\/page"}],"author":[{"embeddable":true,"href":"https:\/\/www.djurskyddet.se\/kristinehamn\/wp-json\/wp\/v2\/users\/3"}],"replies":[{"embeddable":true,"href":"https:\/\/www.djurskyddet.se\/kristinehamn\/wp-json\/wp\/v2\/comments?post=5581"}],"version-history":[{"count":6,"href":"https:\/\/www.djurskyddet.se\/kristinehamn\/wp-json\/wp\/v2\/pages\/5581\/revisions"}],"predecessor-version":[{"id":5705,"href":"https:\/\/www.djurskyddet.se\/kristinehamn\/wp-json\/wp\/v2\/pages\/5581\/revisions\/5705"}],"up":[{"embeddable":true,"href":"https:\/\/www.djurskyddet.se\/kristinehamn\/wp-json\/wp\/v2\/pages\/5575"}],"wp:attachment":[{"href":"https:\/\/www.djurskyddet.se\/kristinehamn\/wp-json\/wp\/v2\/media?parent=5581"}],"curies":[{"name":"wp","href":"https:\/\/api.w.org\/{rel}","templated":true}]}}