{"id":5594,"date":"2019-01-15T15:38:45","date_gmt":"2019-01-15T15:38:45","guid":{"rendered":"https:\/\/www.djurskyddet.se\/kristinehamn\/?page_id=5594"},"modified":"2019-01-24T14:13:17","modified_gmt":"2019-01-24T14:13:17","slug":"vanvard","status":"publish","type":"page","link":"https:\/\/www.djurskyddet.se\/kristinehamn\/tips-och-rad\/vanvard\/","title":{"rendered":"Vanv\u00e5rd\/Anm\u00e4lningar"},"content":{"rendered":"<h3>N\u00e4r djur far illa<\/h3>\n<p><strong>Anm\u00e4l till L\u00e4nsstyrelsen eller polisen<\/strong><br \/>\nOm du ser eller tror att ett djur far illa ska du g\u00f6ra en anm\u00e4lan till djurskyddshandl\u00e4ggaren hos l\u00e4nsstyrelsen. Du kan vara anonym n\u00e4r Du kontaktar dem. Du kan \u00e4ven anm\u00e4la via webbanm\u00e4lan.\u00a0Fyll i uppgifter i webbanm\u00e4lan eller ring djurskyddstelefonen 010-224 71 20 tisdag-fredag kl. 09-12<\/p>\n<p><strong>Kontaktuppgifter<\/strong><br \/>\nL\u00e4nsstyrelsen V\u00e4rmlands l\u00e4n:<br \/>\nV\u00e4xel 010-224 70 00<\/p>\n<p><strong>L\u00e4nsveterin\u00e4r<\/strong><br \/>\nTelefon 010-224 72 32<br \/>\nTelefon 010-224 72 47<\/p>\n<h5><em><strong>Om det \u00e4r akut och du inte kan n\u00e5 l\u00e4nsstyrelsen<\/strong><\/em> kan du kontakta polisen som \u00e4r skyldiga att utreda brott mot djurskyddslagen alternativt djurpl\u00e5geri. Du kan kontakta polisen \u00e4ven om det inte \u00e4r akut.<br \/>\nOm du vill anm\u00e4la ett brott eller tipsa polisen, ring 114 14.\u00a0 (det kan vara l\u00e5ng v\u00e4ntetid i v\u00e4xeln)<\/h5>\n<p>I akut l\u00e4ge (vid p\u00e5g\u00e5ende brott) ring alltid 112!<\/p>\n","protected":false},"excerpt":{"rendered":"<p>N\u00e4r djur far illa Anm\u00e4l till L\u00e4nsstyrelsen eller polisen Om du ser eller tror att ett djur far illa ska du g\u00f6ra en anm\u00e4lan till djurskyddshandl\u00e4ggaren hos l\u00e4nsstyrelsen. Du kan vara anonym n\u00e4r Du kontaktar dem. Du kan \u00e4ven anm\u00e4la via webbanm\u00e4lan.\u00a0Fyll i uppgifter i webbanm\u00e4lan eller ring djurskyddstelefonen 010-224 71 20 tisdag-fredag kl. 09-12 Kontaktuppgifter L\u00e4nsstyrelsen V\u00e4rmlands l\u00e4n: V\u00e4xel 010-224 70 00 L\u00e4nsveterin\u00e4r Telefon 010-224 72 32 Telefon 010-224&hellip;<\/p>\n<p><a class=\"more-link\" href=\"https:\/\/www.djurskyddet.se\/kristinehamn\/tips-och-rad\/vanvard\/\" title=\"Continue reading &lsquo;Vanv\u00e5rd\/Anm\u00e4lningar&rsquo;\">L&auml;s mer<span class=\"meta-nav\">&raquo;<\/span><\/a><\/p>\n","protected":false},"author":3,"featured_media":0,"parent":5717,"menu_order":0,"comment_status":"closed","ping_status":"closed","template":"page-templates\/left-sidebar.php","meta":{"_acf_changed":false,"footnotes":""},"class_list":["post-5594","page","type-page","status-publish","hentry"],"acf":[],"_links":{"self":[{"href":"https:\/\/www.djurskyddet.se\/kristinehamn\/wp-json\/wp\/v2\/pages\/5594","targetHints":{"allow":["GET"]}}],"collection":[{"href":"https:\/\/www.djurskyddet.se\/kristinehamn\/wp-json\/wp\/v2\/pages"}],"about":[{"href":"https:\/\/www.djurskyddet.se\/kristinehamn\/wp-json\/wp\/v2\/types\/page"}],"author":[{"embeddable":true,"href":"https:\/\/www.djurskyddet.se\/kristinehamn\/wp-json\/wp\/v2\/users\/3"}],"replies":[{"embeddable":true,"href":"https:\/\/www.djurskyddet.se\/kristinehamn\/wp-json\/wp\/v2\/comments?post=5594"}],"version-history":[{"count":6,"href":"https:\/\/www.djurskyddet.se\/kristinehamn\/wp-json\/wp\/v2\/pages\/5594\/revisions"}],"predecessor-version":[{"id":5780,"href":"https:\/\/www.djurskyddet.se\/kristinehamn\/wp-json\/wp\/v2\/pages\/5594\/revisions\/5780"}],"up":[{"embeddable":true,"href":"https:\/\/www.djurskyddet.se\/kristinehamn\/wp-json\/wp\/v2\/pages\/5717"}],"wp:attachment":[{"href":"https:\/\/www.djurskyddet.se\/kristinehamn\/wp-json\/wp\/v2\/media?parent=5594"}],"curies":[{"name":"wp","href":"https:\/\/api.w.org\/{rel}","templated":true}]}}