{"id":5653,"date":"2019-01-17T15:28:00","date_gmt":"2019-01-17T15:28:00","guid":{"rendered":"https:\/\/www.djurskyddet.se\/kristinehamn\/?page_id=5653"},"modified":"2019-01-18T07:56:53","modified_gmt":"2019-01-18T07:56:53","slug":"tank-efter-fore","status":"publish","type":"page","link":"https:\/\/www.djurskyddet.se\/kristinehamn\/omplacering\/tank-efter-fore\/","title":{"rendered":"T\u00e4nk efter f\u00f6re"},"content":{"rendered":"<h3>Vad g\u00f6r du om 20 \u00e5r?<\/h3>\n<p>En katts livsl\u00e4ngd \u00e4r 10-20 \u00e5r och en hund 10-15 \u00e5r. Tror du att din katt eller hund kommer att passa in i ditt liv d\u00e5? Fundera \u00e4ven p\u00e5 hur ett djur f\u00f6r\u00e4ndrar ditt liv \u2013 innan du skaffar dig ett.<\/p>\n<p>Fr\u00e5ga dig f\u00f6ljande:<\/p>\n<ul>\n<li>Har n\u00e5gon i sl\u00e4kten\/familjen anlag f\u00f6r p\u00e4lsdjurallergi? Finns det allergiker i din n\u00e4rmaste bekantskapskrets? Hur kommer ett djur p\u00e5verka ert f\u00f6rh\u00e5llande?<\/li>\n<li>Hur l\u00f6ser du kattpassning och hundpensionat om du reser bort p\u00e5 semester?<\/li>\n<li>Om du flyttar till mindre yta, till exempel fr\u00e5n hus till l\u00e4genhet, r\u00e4knar du d\u00e5 in katten i den nya bostadssituationen? Trafiksituationen &#8211; \u00e4ndring kan inneb\u00e4ra att en katt m\u00e5ste omplaceras.<\/li>\n<li>Om familjesituationen f\u00f6r\u00e4ndras, r\u00e4knar du med att kunna beh\u00e5lla djuret? Klarar Du av ekonomiska f\u00f6r\u00e4ndringar? Djurf\u00f6rs\u00e4kring \u00e4r ett m\u00e5ste med tanke p\u00e5 de h\u00f6ga veterin\u00e4rkostnaderna idag.<\/li>\n<\/ul>\n","protected":false},"excerpt":{"rendered":"<p>Vad g\u00f6r du om 20 \u00e5r? En katts livsl\u00e4ngd \u00e4r 10-20 \u00e5r och en hund 10-15 \u00e5r. Tror du att din katt eller hund kommer att passa in i ditt liv d\u00e5? Fundera \u00e4ven p\u00e5 hur ett djur f\u00f6r\u00e4ndrar ditt liv \u2013 innan du skaffar dig ett. Fr\u00e5ga dig f\u00f6ljande: Har n\u00e5gon i sl\u00e4kten\/familjen anlag f\u00f6r p\u00e4lsdjurallergi? Finns det allergiker i din n\u00e4rmaste bekantskapskrets? Hur kommer ett djur p\u00e5verka ert&hellip;<\/p>\n<p><a class=\"more-link\" href=\"https:\/\/www.djurskyddet.se\/kristinehamn\/omplacering\/tank-efter-fore\/\" title=\"Continue reading &lsquo;T\u00e4nk efter f\u00f6re&rsquo;\">L&auml;s mer<span class=\"meta-nav\">&raquo;<\/span><\/a><\/p>\n","protected":false},"author":3,"featured_media":0,"parent":5649,"menu_order":0,"comment_status":"closed","ping_status":"closed","template":"page-templates\/left-sidebar.php","meta":{"_acf_changed":false,"footnotes":""},"class_list":["post-5653","page","type-page","status-publish","hentry"],"acf":[],"_links":{"self":[{"href":"https:\/\/www.djurskyddet.se\/kristinehamn\/wp-json\/wp\/v2\/pages\/5653","targetHints":{"allow":["GET"]}}],"collection":[{"href":"https:\/\/www.djurskyddet.se\/kristinehamn\/wp-json\/wp\/v2\/pages"}],"about":[{"href":"https:\/\/www.djurskyddet.se\/kristinehamn\/wp-json\/wp\/v2\/types\/page"}],"author":[{"embeddable":true,"href":"https:\/\/www.djurskyddet.se\/kristinehamn\/wp-json\/wp\/v2\/users\/3"}],"replies":[{"embeddable":true,"href":"https:\/\/www.djurskyddet.se\/kristinehamn\/wp-json\/wp\/v2\/comments?post=5653"}],"version-history":[{"count":3,"href":"https:\/\/www.djurskyddet.se\/kristinehamn\/wp-json\/wp\/v2\/pages\/5653\/revisions"}],"predecessor-version":[{"id":5665,"href":"https:\/\/www.djurskyddet.se\/kristinehamn\/wp-json\/wp\/v2\/pages\/5653\/revisions\/5665"}],"up":[{"embeddable":true,"href":"https:\/\/www.djurskyddet.se\/kristinehamn\/wp-json\/wp\/v2\/pages\/5649"}],"wp:attachment":[{"href":"https:\/\/www.djurskyddet.se\/kristinehamn\/wp-json\/wp\/v2\/media?parent=5653"}],"curies":[{"name":"wp","href":"https:\/\/api.w.org\/{rel}","templated":true}]}}