{"id":5683,"date":"2021-11-16T00:00:00","date_gmt":"2021-11-16T00:00:00","guid":{"rendered":"https:\/\/www.djurskyddet.se\/kristinehamn\/?page_id=5683"},"modified":"2024-10-13T19:46:37","modified_gmt":"2024-10-13T19:46:37","slug":"sponsorer","status":"publish","type":"page","link":"https:\/\/www.djurskyddet.se\/kristinehamn\/sponsorer\/","title":{"rendered":"Sponsorer"},"content":{"rendered":"\n<h4 class=\"wp-block-heading\">V\u00e5rt varmaste TACK till alla f\u00f6retag som sponsrar v\u00e5r verksamhet p\u00e5 olika s\u00e4tt!<br><br>Detta st\u00f6d betyder v\u00e4ldigt mycket f\u00f6r v\u00e5r ideella verksamhet, d\u00e4r vi arbetar f\u00f6r djurens b\u00e4sta!<br><br>Ut\u00f6ver f\u00f6retagen nedan sponsras vi \u00e4ven av f\u00f6retag som k\u00f6pt reklamplats i v\u00e5r \u00e5rliga kalender. <br><\/h4>\n\n\n\n<div class=\"wp-block-columns is-layout-flex wp-container-core-columns-is-layout-1 wp-block-columns-is-layout-flex\">\n<div class=\"wp-block-column is-layout-flow wp-block-column-is-layout-flow\"><div class=\"wp-block-image\">\n<figure class=\"alignleft is-resized\"><img decoding=\"async\" src=\"https:\/\/www.djurskyddet.se\/kristinehamn\/wp-content\/uploads\/sites\/31\/2019\/01\/ds_sverige_logga-300x102.jpg\" alt=\"\" style=\"width:371px;height:auto\" \/><\/figure><\/div><\/div>\n\n\n\n<div class=\"wp-block-column is-layout-flow wp-block-column-is-layout-flow\"><div class=\"wp-block-image\">\n<figure class=\"aligncenter size-full is-resized\"><img loading=\"lazy\" decoding=\"async\" width=\"192\" height=\"196\" src=\"https:\/\/www.djurskyddet.se\/kristinehamn\/wp-content\/uploads\/sites\/31\/2024\/10\/image-1.png\" alt=\"\" class=\"wp-image-9626\" style=\"width:190px;height:auto\" \/><\/figure><\/div><\/div>\n<\/div>\n\n\n\n<div class=\"wp-block-columns is-layout-flex wp-container-core-columns-is-layout-2 wp-block-columns-is-layout-flex\">\n<div class=\"wp-block-column is-layout-flow wp-block-column-is-layout-flow\">\n<figure class=\"wp-block-image size-full is-resized\"><img loading=\"lazy\" decoding=\"async\" width=\"337\" height=\"192\" src=\"https:\/\/www.djurskyddet.se\/kristinehamn\/wp-content\/uploads\/sites\/31\/2024\/10\/agria-2.png\" alt=\"\" class=\"wp-image-9631\" style=\"width:322px;height:auto\" srcset=\"https:\/\/www.djurskyddet.se\/kristinehamn\/wp-content\/uploads\/sites\/31\/2024\/10\/agria-2.png 337w, https:\/\/www.djurskyddet.se\/kristinehamn\/wp-content\/uploads\/sites\/31\/2024\/10\/agria-2-300x171.png 300w\" sizes=\"auto, (max-width: 337px) 100vw, 337px\" \/><\/figure>\n<\/div>\n\n\n\n<div class=\"wp-block-column is-layout-flow wp-block-column-is-layout-flow\"><div class=\"wp-block-image\">\n<figure class=\"alignright is-resized\"><img decoding=\"async\" src=\"https:\/\/www.djurskyddet.se\/kristinehamn\/wp-content\/uploads\/sites\/31\/2021\/09\/BestFriend_CMYK-2-1-1024x333.png\" alt=\"\" style=\"width:409px;height:auto\" \/><\/figure><\/div><\/div>\n<\/div>\n\n\n\n<div class=\"wp-block-columns is-layout-flex wp-container-core-columns-is-layout-4 wp-block-columns-is-layout-flex\">\n<div class=\"wp-block-column is-layout-flow wp-block-column-is-layout-flow\">\n<div class=\"wp-block-columns is-layout-flex wp-container-core-columns-is-layout-3 wp-block-columns-is-layout-flex\">\n<div class=\"wp-block-column is-vertically-aligned-stretch is-layout-flow wp-block-column-is-layout-flow\">\n<figure class=\"wp-block-image size-full is-resized\"><img loading=\"lazy\" decoding=\"async\" width=\"215\" height=\"140\" src=\"https:\/\/www.djurskyddet.se\/kristinehamn\/wp-content\/uploads\/sites\/31\/2024\/10\/image-4.png\" alt=\"\" class=\"wp-image-9635\" style=\"width:379px;height:auto\" \/><\/figure>\n<\/div>\n<\/div>\n<\/div>\n\n\n\n<div class=\"wp-block-column is-layout-flow wp-block-column-is-layout-flow\">\n<figure class=\"wp-block-image size-full is-resized\"><img loading=\"lazy\" decoding=\"async\" width=\"1024\" height=\"530\" src=\"https:\/\/www.djurskyddet.se\/kristinehamn\/wp-content\/uploads\/sites\/31\/2024\/10\/Lofbergs-logo-1-2.jpg\" alt=\"\" class=\"wp-image-9642\" style=\"width:462px;height:auto\" srcset=\"https:\/\/www.djurskyddet.se\/kristinehamn\/wp-content\/uploads\/sites\/31\/2024\/10\/Lofbergs-logo-1-2.jpg 1024w, https:\/\/www.djurskyddet.se\/kristinehamn\/wp-content\/uploads\/sites\/31\/2024\/10\/Lofbergs-logo-1-2-300x155.jpg 300w, https:\/\/www.djurskyddet.se\/kristinehamn\/wp-content\/uploads\/sites\/31\/2024\/10\/Lofbergs-logo-1-2-768x398.jpg 768w, https:\/\/www.djurskyddet.se\/kristinehamn\/wp-content\/uploads\/sites\/31\/2024\/10\/Lofbergs-logo-1-2-400x207.jpg 400w\" sizes=\"auto, (max-width: 1024px) 100vw, 1024px\" \/><\/figure>\n<\/div>\n<\/div>\n\n\n\n<div class=\"wp-block-columns is-layout-flex wp-container-core-columns-is-layout-5 wp-block-columns-is-layout-flex\">\n<div class=\"wp-block-column is-layout-flow wp-block-column-is-layout-flow\"><div class=\"wp-block-image\">\n<figure class=\"alignleft is-resized\"><img loading=\"lazy\" decoding=\"async\" width=\"200\" height=\"121\" src=\"https:\/\/www.djurskyddet.se\/kristinehamn\/wp-content\/uploads\/sites\/31\/2021\/03\/Arken-Zoo-som-jpg.jpg\" alt=\"\" class=\"wp-image-7439\" style=\"width:291px;height:auto\" \/><\/figure><\/div><\/div>\n\n\n\n<div class=\"wp-block-column is-layout-flow wp-block-column-is-layout-flow\"><div class=\"wp-block-image\">\n<figure class=\"aligncenter is-resized\"><img loading=\"lazy\" decoding=\"async\" width=\"1024\" height=\"237\" src=\"https:\/\/www.djurskyddet.se\/kristinehamn\/wp-content\/uploads\/sites\/31\/2021\/04\/Hund-och-Kattspecialisten-1024x237.jpg\" alt=\"\" class=\"wp-image-7448\" style=\"width:506px;height:auto\" srcset=\"https:\/\/www.djurskyddet.se\/kristinehamn\/wp-content\/uploads\/sites\/31\/2021\/04\/Hund-och-Kattspecialisten-1024x237.jpg 1024w, https:\/\/www.djurskyddet.se\/kristinehamn\/wp-content\/uploads\/sites\/31\/2021\/04\/Hund-och-Kattspecialisten-300x69.jpg 300w, https:\/\/www.djurskyddet.se\/kristinehamn\/wp-content\/uploads\/sites\/31\/2021\/04\/Hund-och-Kattspecialisten-768x178.jpg 768w, https:\/\/www.djurskyddet.se\/kristinehamn\/wp-content\/uploads\/sites\/31\/2021\/04\/Hund-och-Kattspecialisten-400x93.jpg 400w, https:\/\/www.djurskyddet.se\/kristinehamn\/wp-content\/uploads\/sites\/31\/2021\/04\/Hund-och-Kattspecialisten.jpg 1188w\" sizes=\"auto, (max-width: 1024px) 100vw, 1024px\" \/><\/figure><\/div><\/div>\n<\/div>\n\n\n\n<div class=\"wp-block-columns is-layout-flex wp-container-core-columns-is-layout-6 wp-block-columns-is-layout-flex\">\n<div class=\"wp-block-column is-layout-flow wp-block-column-is-layout-flow\"><div class=\"wp-block-image\">\n<figure class=\"alignleft is-resized\"><img loading=\"lazy\" decoding=\"async\" width=\"300\" height=\"300\" src=\"https:\/\/www.djurskyddet.se\/kristinehamn\/wp-content\/uploads\/sites\/31\/2019\/01\/nkp-knapp-300x300.jpg\" alt=\"\" class=\"wp-image-5693\" style=\"width:190px;height:auto\" srcset=\"https:\/\/www.djurskyddet.se\/kristinehamn\/wp-content\/uploads\/sites\/31\/2019\/01\/nkp-knapp-300x300.jpg 300w, https:\/\/www.djurskyddet.se\/kristinehamn\/wp-content\/uploads\/sites\/31\/2019\/01\/nkp-knapp-150x150.jpg 150w, https:\/\/www.djurskyddet.se\/kristinehamn\/wp-content\/uploads\/sites\/31\/2019\/01\/nkp-knapp-400x400.jpg 400w, https:\/\/www.djurskyddet.se\/kristinehamn\/wp-content\/uploads\/sites\/31\/2019\/01\/nkp-knapp.jpg 414w\" sizes=\"auto, (max-width: 300px) 100vw, 300px\" \/><\/figure><\/div><\/div>\n\n\n\n<div class=\"wp-block-column is-layout-flow wp-block-column-is-layout-flow\"><div class=\"wp-block-image\">\n<figure class=\"aligncenter is-resized\"><img loading=\"lazy\" decoding=\"async\" width=\"462\" height=\"109\" src=\"https:\/\/www.djurskyddet.se\/kristinehamn\/wp-content\/uploads\/sites\/31\/2019\/01\/Granng\u00e5rden-b.jpg\" alt=\"\" class=\"wp-image-5689\" style=\"width:520px;height:auto\" srcset=\"https:\/\/www.djurskyddet.se\/kristinehamn\/wp-content\/uploads\/sites\/31\/2019\/01\/Granng\u00e5rden-b.jpg 462w, https:\/\/www.djurskyddet.se\/kristinehamn\/wp-content\/uploads\/sites\/31\/2019\/01\/Granng\u00e5rden-b-300x71.jpg 300w, https:\/\/www.djurskyddet.se\/kristinehamn\/wp-content\/uploads\/sites\/31\/2019\/01\/Granng\u00e5rden-b-400x94.jpg 400w\" sizes=\"auto, (max-width: 462px) 100vw, 462px\" \/><\/figure><\/div><\/div>\n<\/div>\n\n\n\n<div class=\"wp-block-columns is-layout-flex wp-container-core-columns-is-layout-7 wp-block-columns-is-layout-flex\">\n<div class=\"wp-block-column is-layout-flow wp-block-column-is-layout-flow\"><div class=\"wp-block-image\">\n<figure class=\"alignleft size-full is-resized\"><img loading=\"lazy\" decoding=\"async\" width=\"1024\" height=\"269\" src=\"https:\/\/www.djurskyddet.se\/kristinehamn\/wp-content\/uploads\/sites\/31\/2024\/08\/green-ecostro.png\" alt=\"\" class=\"wp-image-9573\" style=\"width:373px;height:auto\" srcset=\"https:\/\/www.djurskyddet.se\/kristinehamn\/wp-content\/uploads\/sites\/31\/2024\/08\/green-ecostro.png 1024w, https:\/\/www.djurskyddet.se\/kristinehamn\/wp-content\/uploads\/sites\/31\/2024\/08\/green-ecostro-300x79.png 300w, https:\/\/www.djurskyddet.se\/kristinehamn\/wp-content\/uploads\/sites\/31\/2024\/08\/green-ecostro-768x202.png 768w, https:\/\/www.djurskyddet.se\/kristinehamn\/wp-content\/uploads\/sites\/31\/2024\/08\/green-ecostro-400x105.png 400w\" sizes=\"auto, (max-width: 1024px) 100vw, 1024px\" \/><\/figure><\/div><\/div>\n\n\n\n<div class=\"wp-block-column is-layout-flow wp-block-column-is-layout-flow\"><div class=\"wp-block-image\">\n<figure class=\"alignright size-full\"><img loading=\"lazy\" decoding=\"async\" width=\"355\" height=\"142\" src=\"https:\/\/www.djurskyddet.se\/kristinehamn\/wp-content\/uploads\/sites\/31\/2024\/10\/ATT00001.jpg\" alt=\"\" class=\"wp-image-9632\" srcset=\"https:\/\/www.djurskyddet.se\/kristinehamn\/wp-content\/uploads\/sites\/31\/2024\/10\/ATT00001.jpg 355w, https:\/\/www.djurskyddet.se\/kristinehamn\/wp-content\/uploads\/sites\/31\/2024\/10\/ATT00001-300x120.jpg 300w\" sizes=\"auto, (max-width: 355px) 100vw, 355px\" \/><\/figure><\/div><\/div>\n<\/div>\n\n\n\n<div class=\"wp-block-columns is-layout-flex wp-container-core-columns-is-layout-8 wp-block-columns-is-layout-flex\">\n<div class=\"wp-block-column is-layout-flow wp-block-column-is-layout-flow\"><div class=\"wp-block-image\">\n<figure class=\"alignleft size-full is-resized\"><img loading=\"lazy\" decoding=\"async\" width=\"1024\" height=\"348\" src=\"https:\/\/www.djurskyddet.se\/kristinehamn\/wp-content\/uploads\/sites\/31\/2024\/04\/1000003930.jpg\" alt=\"\" class=\"wp-image-9417\" style=\"width:317px;height:auto\" srcset=\"https:\/\/www.djurskyddet.se\/kristinehamn\/wp-content\/uploads\/sites\/31\/2024\/04\/1000003930.jpg 1024w, https:\/\/www.djurskyddet.se\/kristinehamn\/wp-content\/uploads\/sites\/31\/2024\/04\/1000003930-300x102.jpg 300w, https:\/\/www.djurskyddet.se\/kristinehamn\/wp-content\/uploads\/sites\/31\/2024\/04\/1000003930-768x261.jpg 768w, https:\/\/www.djurskyddet.se\/kristinehamn\/wp-content\/uploads\/sites\/31\/2024\/04\/1000003930-400x136.jpg 400w\" sizes=\"auto, (max-width: 1024px) 100vw, 1024px\" \/><\/figure><\/div><\/div>\n\n\n\n<div class=\"wp-block-column is-layout-flow wp-block-column-is-layout-flow\"><div class=\"wp-block-image\">\n<figure class=\"aligncenter is-resized\"><img loading=\"lazy\" decoding=\"async\" width=\"1024\" height=\"246\" src=\"https:\/\/www.djurskyddet.se\/kristinehamn\/wp-content\/uploads\/sites\/31\/2020\/11\/Heymans-1024x246.jpg\" alt=\"\" class=\"wp-image-7282\" style=\"width:510px;height:auto\" srcset=\"https:\/\/www.djurskyddet.se\/kristinehamn\/wp-content\/uploads\/sites\/31\/2020\/11\/Heymans.jpg 1024w, https:\/\/www.djurskyddet.se\/kristinehamn\/wp-content\/uploads\/sites\/31\/2020\/11\/Heymans-300x72.jpg 300w, https:\/\/www.djurskyddet.se\/kristinehamn\/wp-content\/uploads\/sites\/31\/2020\/11\/Heymans-768x185.jpg 768w, https:\/\/www.djurskyddet.se\/kristinehamn\/wp-content\/uploads\/sites\/31\/2020\/11\/Heymans-400x96.jpg 400w\" sizes=\"auto, (max-width: 1024px) 100vw, 1024px\" \/><\/figure><\/div><\/div>\n<\/div>\n\n\n\n<div class=\"wp-block-columns is-layout-flex wp-container-core-columns-is-layout-9 wp-block-columns-is-layout-flex\">\n<div class=\"wp-block-column is-layout-flow wp-block-column-is-layout-flow\"><div class=\"wp-block-image\">\n<figure class=\"alignleft is-resized\"><img loading=\"lazy\" decoding=\"async\" width=\"171\" height=\"174\" src=\"https:\/\/www.djurskyddet.se\/kristinehamn\/wp-content\/uploads\/sites\/31\/2019\/01\/khamnhunddagis.jpg\" alt=\"\" class=\"wp-image-5692\" style=\"width:229px;height:auto\" \/><\/figure><\/div><\/div>\n\n\n\n<div class=\"wp-block-column is-layout-flow wp-block-column-is-layout-flow\"><div class=\"wp-block-image\">\n<figure class=\"aligncenter is-resized\"><img loading=\"lazy\" decoding=\"async\" width=\"300\" height=\"169\" src=\"https:\/\/www.djurskyddet.se\/kristinehamn\/wp-content\/uploads\/sites\/31\/2019\/01\/studjeframjandet-397-300x169.jpeg\" alt=\"\" class=\"wp-image-5696\" style=\"width:452px;height:auto\" srcset=\"https:\/\/www.djurskyddet.se\/kristinehamn\/wp-content\/uploads\/sites\/31\/2019\/01\/studjeframjandet-397-300x169.jpeg 300w, https:\/\/www.djurskyddet.se\/kristinehamn\/wp-content\/uploads\/sites\/31\/2019\/01\/studjeframjandet-397.jpeg 397w\" sizes=\"auto, (max-width: 300px) 100vw, 300px\" \/><\/figure><\/div><\/div>\n<\/div>\n\n\n\n<p><span style=\"font-size: 1rem\"><\/span><\/p>\n\n\n\n<p><span style=\"font-size: 1rem\"><\/span><\/p>\n\n\n\n<p><span style=\"font-size: 1rem\"><\/span><\/p>\n","protected":false},"excerpt":{"rendered":"<p>V\u00e5rt varmaste TACK till alla f\u00f6retag som sponsrar v\u00e5r verksamhet p\u00e5 olika s\u00e4tt! Detta st\u00f6d betyder v\u00e4ldigt mycket f\u00f6r v\u00e5r ideella verksamhet, d\u00e4r vi arbetar f\u00f6r djurens b\u00e4sta! Ut\u00f6ver f\u00f6retagen nedan sponsras vi \u00e4ven av f\u00f6retag som k\u00f6pt reklamplats i v\u00e5r \u00e5rliga kalender.<\/p>\n","protected":false},"author":22,"featured_media":0,"parent":0,"menu_order":0,"comment_status":"closed","ping_status":"closed","template":"page-templates\/left-sidebar.php","meta":{"_acf_changed":false,"footnotes":""},"class_list":["post-5683","page","type-page","status-publish","hentry"],"acf":[],"_links":{"self":[{"href":"https:\/\/www.djurskyddet.se\/kristinehamn\/wp-json\/wp\/v2\/pages\/5683","targetHints":{"allow":["GET"]}}],"collection":[{"href":"https:\/\/www.djurskyddet.se\/kristinehamn\/wp-json\/wp\/v2\/pages"}],"about":[{"href":"https:\/\/www.djurskyddet.se\/kristinehamn\/wp-json\/wp\/v2\/types\/page"}],"author":[{"embeddable":true,"href":"https:\/\/www.djurskyddet.se\/kristinehamn\/wp-json\/wp\/v2\/users\/22"}],"replies":[{"embeddable":true,"href":"https:\/\/www.djurskyddet.se\/kristinehamn\/wp-json\/wp\/v2\/comments?post=5683"}],"version-history":[{"count":35,"href":"https:\/\/www.djurskyddet.se\/kristinehamn\/wp-json\/wp\/v2\/pages\/5683\/revisions"}],"predecessor-version":[{"id":9644,"href":"https:\/\/www.djurskyddet.se\/kristinehamn\/wp-json\/wp\/v2\/pages\/5683\/revisions\/9644"}],"wp:attachment":[{"href":"https:\/\/www.djurskyddet.se\/kristinehamn\/wp-json\/wp\/v2\/media?parent=5683"}],"curies":[{"name":"wp","href":"https:\/\/api.w.org\/{rel}","templated":true}]}}