{"id":5717,"date":"2019-01-21T15:54:20","date_gmt":"2019-01-21T15:54:20","guid":{"rendered":"https:\/\/www.djurskyddet.se\/kristinehamn\/?page_id=5717"},"modified":"2019-02-14T09:30:00","modified_gmt":"2019-02-14T09:30:00","slug":"tips-och-rad","status":"publish","type":"page","link":"https:\/\/www.djurskyddet.se\/kristinehamn\/tips-och-rad\/","title":{"rendered":"Tips och r\u00e5d"},"content":{"rendered":"<p>H\u00e4r har vi samlat en del information om vad Du kan g\u00f6ra n\u00e4r en katt eller hund har blivit sjuk, n\u00e4r en olycka har intr\u00e4ffat s\u00e5 att det \u00e4r skadat (\u00e4ven vilt), eller andra h\u00e4ndelser.<\/p>\n<p>H\u00e4r finns information om vad Du ska g\u00f6ra n\u00e4r Du vet om att djur vanv\u00e5rdas eller liknande omst\u00e4ndigheter. Du kan alltid anm\u00e4la och vara <strong>anonym<\/strong> om Du s\u00e5 \u00f6nskar till L\u00e4nsstyrelsens djurskyddsenhet.<\/p>\n<p><strong>OBS! I akuta djurskydds\u00e4renden ska Du alltid ringa 112 till Polisen &#8211; djurmisshandel och liknande skall omedelbart anm\u00e4las!<\/strong><br \/>\n<strong>V\u00e4nta inte till n\u00e4sta dag f\u00f6r att kontakta L\u00e4nsstyrelsen i akuta fall &#8211; polisen g\u00e4ller i dessa fall!<\/strong><\/p>\n<p><em>Djurskyddet Kristinehamn \u00e4r ingen myndighet<\/em> och kan inte \/ f\u00e5r inte ingripa i djur\u00e4renden annat \u00e4n beordrat fr\u00e5n polisen eller l\u00e4nsstyrelsens djurskyddsenhet.<\/p>\n<p>\u00c4ven en sida med l\u00e4nkar till n\u00e4rliggande verksamheter finns h\u00e4r.<\/p>\n","protected":false},"excerpt":{"rendered":"<p>H\u00e4r har vi samlat en del information om vad Du kan g\u00f6ra n\u00e4r en katt eller hund har blivit sjuk, n\u00e4r en olycka har intr\u00e4ffat s\u00e5 att det \u00e4r skadat (\u00e4ven vilt), eller andra h\u00e4ndelser. H\u00e4r finns information om vad Du ska g\u00f6ra n\u00e4r Du vet om att djur vanv\u00e5rdas eller liknande omst\u00e4ndigheter. Du kan alltid anm\u00e4la och vara anonym om Du s\u00e5 \u00f6nskar till L\u00e4nsstyrelsens djurskyddsenhet. OBS! I akuta&hellip;<\/p>\n<p><a class=\"more-link\" href=\"https:\/\/www.djurskyddet.se\/kristinehamn\/tips-och-rad\/\" title=\"Continue reading &lsquo;Tips och r\u00e5d&rsquo;\">L&auml;s mer<span class=\"meta-nav\">&raquo;<\/span><\/a><\/p>\n","protected":false},"author":22,"featured_media":0,"parent":0,"menu_order":0,"comment_status":"closed","ping_status":"closed","template":"page-templates\/left-sidebar.php","meta":{"_acf_changed":false,"footnotes":""},"class_list":["post-5717","page","type-page","status-publish","hentry"],"acf":[],"_links":{"self":[{"href":"https:\/\/www.djurskyddet.se\/kristinehamn\/wp-json\/wp\/v2\/pages\/5717","targetHints":{"allow":["GET"]}}],"collection":[{"href":"https:\/\/www.djurskyddet.se\/kristinehamn\/wp-json\/wp\/v2\/pages"}],"about":[{"href":"https:\/\/www.djurskyddet.se\/kristinehamn\/wp-json\/wp\/v2\/types\/page"}],"author":[{"embeddable":true,"href":"https:\/\/www.djurskyddet.se\/kristinehamn\/wp-json\/wp\/v2\/users\/22"}],"replies":[{"embeddable":true,"href":"https:\/\/www.djurskyddet.se\/kristinehamn\/wp-json\/wp\/v2\/comments?post=5717"}],"version-history":[{"count":5,"href":"https:\/\/www.djurskyddet.se\/kristinehamn\/wp-json\/wp\/v2\/pages\/5717\/revisions"}],"predecessor-version":[{"id":5852,"href":"https:\/\/www.djurskyddet.se\/kristinehamn\/wp-json\/wp\/v2\/pages\/5717\/revisions\/5852"}],"wp:attachment":[{"href":"https:\/\/www.djurskyddet.se\/kristinehamn\/wp-json\/wp\/v2\/media?parent=5717"}],"curies":[{"name":"wp","href":"https:\/\/api.w.org\/{rel}","templated":true}]}}