{"id":5721,"date":"2019-01-21T15:55:01","date_gmt":"2019-01-21T15:55:01","guid":{"rendered":"https:\/\/www.djurskyddet.se\/kristinehamn\/?page_id=5721"},"modified":"2020-05-29T08:23:13","modified_gmt":"2020-05-29T08:23:13","slug":"vilda-djur-hur-gor-jag","status":"publish","type":"page","link":"https:\/\/www.djurskyddet.se\/kristinehamn\/vilda-djur-hur-gor-jag\/","title":{"rendered":"Vilda djur &#8211; hur g\u00f6r jag?"},"content":{"rendered":"<p>Djurhemmet har inte tillst\u00e5nd att v\u00e5rda eller h\u00e5lla vilda djur. Hittar du ett skadat eller sjukt vilt djur eller kanske en till synes \u00f6vergiven unge av ett vilt djur kan du kontakta\u00a0<strong>Djurens V\u00e4nner<\/strong>\u00a0direkt f\u00f6r r\u00e5dgivning och hj\u00e4lp. Djurens v\u00e4nners vilt och sm\u00e5djurshem tar emot sm\u00e5vilt och f\u00e5glar och sk\u00f6ts av godk\u00e4nd viltv\u00e5rdare.\u00a0<strong>Telefon: 0552-418 77 Vilthemmet: 070-46 93 211 t<\/strong><strong>el: 054 56 84 28.\u00a0<\/strong><\/p>\n<p>H\u00e4r finns lista p\u00e5 viltrehabiliterare i Sverige: <a href=\"http:\/\/www.angtorpviltrehab.se\">www.angtorpviltrehab.se<\/a><\/p>\n<h3><em><strong>Lokalt i V\u00e4rmland:<\/strong><\/em><\/h3>\n<p>F\u00e5glar, <strong>igelkott<\/strong> och ekorre:<br \/>\nI <strong>Karlstad<\/strong> finns Maud Fransson, Romstadsv\u00e4gen 53, 653 42 Karlstad<br \/>\nDirektmobil: 076-176 31 12\u00a0 (ev. \u00e4ven via 070-469 32 11)<\/p>\n<p>Ekorre, igelkott samt de f\u00e5gelarter som \u00e4r akut<br \/>\neller starkt hotade, s\u00e5rbara eller n\u00e4ra hotade<br \/>\nenligt den svenska r\u00f6dlistan och ut\u00f6ver det<br \/>\n6 f\u00e5gelarter som \u00e4r statens vilt:<br \/>\nI <strong>Torsby<\/strong> finns Madeleine Nilsson, \u00c5steby 48, 685 94 Torsby<br \/>\nMobil: 072-208 22 75<\/p>\n<p>Rovf\u00e5glar, alla f\u00e5glar, igelkott m.m. :<br \/>\nI <strong>\u00d6rebro<\/strong> finns Staffan Ullstr\u00f6m\u00a0 076-7121888<\/p>\n<p>Brevduvor:<br \/>\nI <strong>Storfors<\/strong> finns Ravi Dissanayake 073-7757683<\/p>\n<p>Hittar du en skadad igelkott eller ekorre kan du f\u00f6rutopm ovanst\u00e5ende kontakta <strong>kottecentralen<\/strong>\u00a0i Lilla Edet\u00a0<strong>tel:\u00a00733-26 19 88<\/strong><br \/>\n(medlem i KFVs Riksf\u00f6rbund)<\/p>\n<p>Hittar du en skadad f\u00e5gel kan du kontakta\u00a0<strong>F\u00e5gelcentralen<\/strong>\u00a0i Kung\u00e4lv.\u00a0<strong>Tel: 0303-16501\u00a0 (alla dagar kl.8-20)\u00a0<\/strong><\/p>\n<p><strong>KFV Riks<\/strong>\u00a0\u00e4r ett riksf\u00f6rbund best\u00e5ende av ett 40-tal lokalf\u00f6reningar och rehabiliterare spridda \u00f6ver hela landet fr\u00e5n Ystad i s\u00f6der till Haparanda i norr. KFV: s verksamhetsomr\u00e5de \u00e4r rehabilitering av f\u00e5glar och vilt, d\u00e4r allt arbete sker ideellt och KFV: s etikregel \u00e4r ledstj\u00e4rna. Du finner dem p\u00e5\u00a0<strong>www.kfv-riks.se<\/strong><\/p>\n<h4><strong>Om du har en robotgr\u00e4sklippare!<\/strong><\/h4>\n<p><span class=\"fbPhotosPhotoCaption\"><span class=\"hasCaption\">T\u00e4nk p\u00e5 att igelkottar kan skadas och d\u00f6das av robotgr\u00e4sklippare. Programmera gr\u00e4sklipparen att inte klippa efter klockan 18 och inte under natten d\u00e5 igelkotten \u00e4r som mest aktiv och letar mat i tr\u00e4dg\u00e5rden!<\/span><\/span><\/p>\n<h4><strong>Om du hittar en skadad eller d\u00f6d duva med m\u00e4rkning!<\/strong><\/h4>\n<p>Om du hittar en skadad eller d\u00f6d duva med m\u00e4rkning som kan vara en brevduva s\u00e5 kan du v\u00e4nda dig till ovanst\u00e5ende Ravi Dissanayake 073-7757683 i Storfors eller Kent Backman i Hova.\u00a0Du n\u00e5r Kent p\u00e5 tel: 0703 961004, 0506 30048<br \/>\neller e-post: kentbackman@telia.com<\/p>\n<h4><strong>\u201d\u00d6vergivna\u201d djurungar<\/strong><\/h4>\n<p class=\"preamble\">Det \u00e4r inte ovanligt att se vilda \u2013 till synes \u00f6vergivna \u2013 djurungar ensamma i naturen. P\u00e5 v\u00e5ren och sommaren \u00e4r det \u00e4lgkalvar, r\u00e5djurskid, harungar och f\u00e5gelungar.<br \/>\nUndvik att st\u00f6ra djuren, de \u00e4r mycket s\u00e4llan \u00f6vergivna av sina f\u00f6r\u00e4ldrar!<\/p>\n<p class=\"preamble\"><a href=\"http:\/\/www.naturvardsverket.se\/Var-natur\/Djur-och-vaxter\/Rad\/Rad-om-overgivna-djurungar\/\">L\u00e4s mer p\u00e5 Naturv\u00e5rdsverkets hemsida&#8230;.<\/a><\/p>\n","protected":false},"excerpt":{"rendered":"<p>Djurhemmet har inte tillst\u00e5nd att v\u00e5rda eller h\u00e5lla vilda djur. Hittar du ett skadat eller sjukt vilt djur eller kanske en till synes \u00f6vergiven unge av ett vilt djur kan du kontakta\u00a0Djurens V\u00e4nner\u00a0direkt f\u00f6r r\u00e5dgivning och hj\u00e4lp. Djurens v\u00e4nners vilt och sm\u00e5djurshem tar emot sm\u00e5vilt och f\u00e5glar och sk\u00f6ts av godk\u00e4nd viltv\u00e5rdare.\u00a0Telefon: 0552-418 77 Vilthemmet: 070-46 93 211 tel: 054 56 84 28.\u00a0 H\u00e4r finns lista p\u00e5 viltrehabiliterare i Sverige:&hellip;<\/p>\n<p><a class=\"more-link\" href=\"https:\/\/www.djurskyddet.se\/kristinehamn\/vilda-djur-hur-gor-jag\/\" title=\"Continue reading &lsquo;Vilda djur &#8211; hur g\u00f6r jag?&rsquo;\">L&auml;s mer<span class=\"meta-nav\">&raquo;<\/span><\/a><\/p>\n","protected":false},"author":22,"featured_media":0,"parent":0,"menu_order":0,"comment_status":"closed","ping_status":"closed","template":"","meta":{"_acf_changed":false,"footnotes":""},"class_list":["post-5721","page","type-page","status-publish","hentry"],"acf":[],"_links":{"self":[{"href":"https:\/\/www.djurskyddet.se\/kristinehamn\/wp-json\/wp\/v2\/pages\/5721","targetHints":{"allow":["GET"]}}],"collection":[{"href":"https:\/\/www.djurskyddet.se\/kristinehamn\/wp-json\/wp\/v2\/pages"}],"about":[{"href":"https:\/\/www.djurskyddet.se\/kristinehamn\/wp-json\/wp\/v2\/types\/page"}],"author":[{"embeddable":true,"href":"https:\/\/www.djurskyddet.se\/kristinehamn\/wp-json\/wp\/v2\/users\/22"}],"replies":[{"embeddable":true,"href":"https:\/\/www.djurskyddet.se\/kristinehamn\/wp-json\/wp\/v2\/comments?post=5721"}],"version-history":[{"count":6,"href":"https:\/\/www.djurskyddet.se\/kristinehamn\/wp-json\/wp\/v2\/pages\/5721\/revisions"}],"predecessor-version":[{"id":7061,"href":"https:\/\/www.djurskyddet.se\/kristinehamn\/wp-json\/wp\/v2\/pages\/5721\/revisions\/7061"}],"wp:attachment":[{"href":"https:\/\/www.djurskyddet.se\/kristinehamn\/wp-json\/wp\/v2\/media?parent=5721"}],"curies":[{"name":"wp","href":"https:\/\/api.w.org\/{rel}","templated":true}]}}