{"id":5725,"date":"2019-01-21T16:12:48","date_gmt":"2019-01-21T16:12:48","guid":{"rendered":"https:\/\/www.djurskyddet.se\/kristinehamn\/?page_id=5725"},"modified":"2019-01-23T15:49:09","modified_gmt":"2019-01-23T15:49:09","slug":"bortsprungna-upphittade-djur","status":"publish","type":"page","link":"https:\/\/www.djurskyddet.se\/kristinehamn\/tips-och-rad\/vanvard\/bortsprungna-upphittade-djur\/","title":{"rendered":"Bortsprungna\/Upphittade djur"},"content":{"rendered":"<p>Om Ditt djur har sprungit bort, eller om Du har tagit hand om ett djur som misst\u00e4nks sakna \u00e4gare s\u00e5 rekommenderar vi att Du omg\u00e5ende l\u00e4gger in uppgifter om detta p\u00e5 f\u00f6ljande Facebook-konto:<\/p>\n<p><a href=\"https:\/\/www.facebook.com\/groups\/1024046547663512\/\" rel=\"noopener\" target=\"_blank\">Bortsprungna\/Upphittade djur i Kristinehamn<\/a><\/p>\n<p>Det \u00e4r allra snabbaste s\u00e4ttet att f\u00e5 ut uppgifter s\u00e5 att Ditt djur snabbt kan hittas. Du ska \u00e4ven anm\u00e4la till polisen. Du kan \u00e4ven anm\u00e4la till v\u00e5r f\u00f6rening (0550-15155), men vi kan oftast inte g\u00f6ra n\u00e5got i ett akut skede. Det \u00e4r b\u00e4ttre om samtliga djurefterlysningar i v\u00e5r kommun samlas i en enda Facebookgrupp.<\/p>\n<p>Se d\u00e4rf\u00f6r till att Du som djur\u00e4gare blir medlem i ovan n\u00e4mnda grupp s\u00e5 har Du det klart innan Ditt djur springer bort, eller att Du hittar ett.\u00a0 \u00c4ven d\u00f6da p\u00e5k\u00f6rda djur kan l\u00e4ggas upp uppgifter om d\u00e4r.<\/p>\n<p>Skulle Du hitta ett p\u00e5k\u00f6rt djur som lever s\u00e5 ska Du omg\u00e5ende kontakta veterin\u00e4r eller k\u00f6ra det till djursjukhuset Evidensia p\u00e5 F\u00e4rjestad i Karlstad.<\/p>\n","protected":false},"excerpt":{"rendered":"<p>Om Ditt djur har sprungit bort, eller om Du har tagit hand om ett djur som misst\u00e4nks sakna \u00e4gare s\u00e5 rekommenderar vi att Du omg\u00e5ende l\u00e4gger in uppgifter om detta p\u00e5 f\u00f6ljande Facebook-konto: Bortsprungna\/Upphittade djur i Kristinehamn Det \u00e4r allra snabbaste s\u00e4ttet att f\u00e5 ut uppgifter s\u00e5 att Ditt djur snabbt kan hittas. Du ska \u00e4ven anm\u00e4la till polisen. Du kan \u00e4ven anm\u00e4la till v\u00e5r f\u00f6rening (0550-15155), men vi kan&hellip;<\/p>\n<p><a class=\"more-link\" href=\"https:\/\/www.djurskyddet.se\/kristinehamn\/tips-och-rad\/vanvard\/bortsprungna-upphittade-djur\/\" title=\"Continue reading &lsquo;Bortsprungna\/Upphittade djur&rsquo;\">L&auml;s mer<span class=\"meta-nav\">&raquo;<\/span><\/a><\/p>\n","protected":false},"author":22,"featured_media":0,"parent":5594,"menu_order":0,"comment_status":"closed","ping_status":"closed","template":"page-templates\/left-sidebar.php","meta":{"_acf_changed":false,"footnotes":""},"class_list":["post-5725","page","type-page","status-publish","hentry"],"acf":[],"_links":{"self":[{"href":"https:\/\/www.djurskyddet.se\/kristinehamn\/wp-json\/wp\/v2\/pages\/5725","targetHints":{"allow":["GET"]}}],"collection":[{"href":"https:\/\/www.djurskyddet.se\/kristinehamn\/wp-json\/wp\/v2\/pages"}],"about":[{"href":"https:\/\/www.djurskyddet.se\/kristinehamn\/wp-json\/wp\/v2\/types\/page"}],"author":[{"embeddable":true,"href":"https:\/\/www.djurskyddet.se\/kristinehamn\/wp-json\/wp\/v2\/users\/22"}],"replies":[{"embeddable":true,"href":"https:\/\/www.djurskyddet.se\/kristinehamn\/wp-json\/wp\/v2\/comments?post=5725"}],"version-history":[{"count":4,"href":"https:\/\/www.djurskyddet.se\/kristinehamn\/wp-json\/wp\/v2\/pages\/5725\/revisions"}],"predecessor-version":[{"id":5763,"href":"https:\/\/www.djurskyddet.se\/kristinehamn\/wp-json\/wp\/v2\/pages\/5725\/revisions\/5763"}],"up":[{"embeddable":true,"href":"https:\/\/www.djurskyddet.se\/kristinehamn\/wp-json\/wp\/v2\/pages\/5594"}],"wp:attachment":[{"href":"https:\/\/www.djurskyddet.se\/kristinehamn\/wp-json\/wp\/v2\/media?parent=5725"}],"curies":[{"name":"wp","href":"https:\/\/api.w.org\/{rel}","templated":true}]}}