{"id":5735,"date":"2019-01-22T16:06:31","date_gmt":"2019-01-22T16:06:31","guid":{"rendered":"https:\/\/www.djurskyddet.se\/kristinehamn\/?page_id=5735"},"modified":"2019-01-24T15:27:02","modified_gmt":"2019-01-24T15:27:02","slug":"gamla-djurhemmet-barrliden-lite-nostalgi","status":"publish","type":"page","link":"https:\/\/www.djurskyddet.se\/kristinehamn\/djurhemmet\/gamla-djurhemmet-barrliden-lite-nostalgi\/","title":{"rendered":"Gamla djurhemmet Barrliden &#8211; lite nostalgi"},"content":{"rendered":"<p>I m\u00e5nga \u00e5r disponerade f\u00f6reningen fastigheten Barrliden p\u00e5 Imtorpsv\u00e4gen i Kristinehamn. Huset hade d\u00f6mts ut som bostad f\u00f6r m\u00e4nniskor efter att E18 drogs ganska n\u00e4ra fastigheten. Det fanns dock inget hinder f\u00f6r att anv\u00e4nda den som plats f\u00f6r djurhem. H\u00e4r hade vi en omfattande verksamhet, dock tungarbetad, eftersom husets k\u00e4llarplan och vind \u00e4ven anv\u00e4ndes. D\u00e4rf\u00f6r var det mycket trappspringande och b\u00e4rande med katter, matf\u00f6rpackningar, sand och tv\u00e4tt.<\/p>\n<p><img loading=\"lazy\" decoding=\"async\" class=\"alignnone  wp-image-5739\" src=\"https:\/\/www.djurskyddet.se\/kristinehamn\/wp-content\/uploads\/sites\/31\/2019\/01\/Barrliden-300x225.jpg\" alt=\"\" width=\"419\" height=\"314\" srcset=\"https:\/\/www.djurskyddet.se\/kristinehamn\/wp-content\/uploads\/sites\/31\/2019\/01\/Barrliden-300x225.jpg 300w, https:\/\/www.djurskyddet.se\/kristinehamn\/wp-content\/uploads\/sites\/31\/2019\/01\/Barrliden-768x576.jpg 768w, https:\/\/www.djurskyddet.se\/kristinehamn\/wp-content\/uploads\/sites\/31\/2019\/01\/Barrliden.jpg 1024w, https:\/\/www.djurskyddet.se\/kristinehamn\/wp-content\/uploads\/sites\/31\/2019\/01\/Barrliden-400x300.jpg 400w\" sizes=\"auto, (max-width: 419px) 100vw, 419px\" \/><\/p>\n<p><img loading=\"lazy\" decoding=\"async\" class=\"alignnone  wp-image-5736\" src=\"https:\/\/www.djurskyddet.se\/kristinehamn\/wp-content\/uploads\/sites\/31\/2019\/01\/djurhemmet-fix-300x226.jpg\" alt=\"\" width=\"419\" height=\"316\" srcset=\"https:\/\/www.djurskyddet.se\/kristinehamn\/wp-content\/uploads\/sites\/31\/2019\/01\/djurhemmet-fix-300x226.jpg 300w, https:\/\/www.djurskyddet.se\/kristinehamn\/wp-content\/uploads\/sites\/31\/2019\/01\/djurhemmet-fix-768x577.jpg 768w, https:\/\/www.djurskyddet.se\/kristinehamn\/wp-content\/uploads\/sites\/31\/2019\/01\/djurhemmet-fix-400x301.jpg 400w, https:\/\/www.djurskyddet.se\/kristinehamn\/wp-content\/uploads\/sites\/31\/2019\/01\/djurhemmet-fix.jpg 850w\" sizes=\"auto, (max-width: 419px) 100vw, 419px\" \/><\/p>\n<p>Barrliden<\/p>\n<p><img loading=\"lazy\" decoding=\"async\" class=\"alignnone  wp-image-5740\" src=\"https:\/\/www.djurskyddet.se\/kristinehamn\/wp-content\/uploads\/sites\/31\/2019\/01\/BB-Barrliden-inne-med-bl_a-Bamse-och-Pussi-fix-300x225.jpg\" alt=\"\" width=\"419\" height=\"314\" srcset=\"https:\/\/www.djurskyddet.se\/kristinehamn\/wp-content\/uploads\/sites\/31\/2019\/01\/BB-Barrliden-inne-med-bl_a-Bamse-och-Pussi-fix-300x225.jpg 300w, https:\/\/www.djurskyddet.se\/kristinehamn\/wp-content\/uploads\/sites\/31\/2019\/01\/BB-Barrliden-inne-med-bl_a-Bamse-och-Pussi-fix-768x576.jpg 768w, https:\/\/www.djurskyddet.se\/kristinehamn\/wp-content\/uploads\/sites\/31\/2019\/01\/BB-Barrliden-inne-med-bl_a-Bamse-och-Pussi-fix.jpg 1024w, https:\/\/www.djurskyddet.se\/kristinehamn\/wp-content\/uploads\/sites\/31\/2019\/01\/BB-Barrliden-inne-med-bl_a-Bamse-och-Pussi-fix-400x300.jpg 400w\" sizes=\"auto, (max-width: 419px) 100vw, 419px\" \/><\/p>\n<p><img loading=\"lazy\" decoding=\"async\" class=\"alignnone  wp-image-5745\" src=\"https:\/\/www.djurskyddet.se\/kristinehamn\/wp-content\/uploads\/sites\/31\/2019\/01\/DSCN0631-300x225.jpg\" alt=\"\" width=\"419\" height=\"314\" srcset=\"https:\/\/www.djurskyddet.se\/kristinehamn\/wp-content\/uploads\/sites\/31\/2019\/01\/DSCN0631-300x225.jpg 300w, https:\/\/www.djurskyddet.se\/kristinehamn\/wp-content\/uploads\/sites\/31\/2019\/01\/DSCN0631-768x576.jpg 768w, https:\/\/www.djurskyddet.se\/kristinehamn\/wp-content\/uploads\/sites\/31\/2019\/01\/DSCN0631.jpg 1024w, https:\/\/www.djurskyddet.se\/kristinehamn\/wp-content\/uploads\/sites\/31\/2019\/01\/DSCN0631-400x300.jpg 400w\" sizes=\"auto, (max-width: 419px) 100vw, 419px\" \/><\/p>\n<p>Stora rummet och enskilda burar<\/p>\n<p><img loading=\"lazy\" decoding=\"async\" class=\"alignnone  wp-image-5750\" src=\"https:\/\/www.djurskyddet.se\/kristinehamn\/wp-content\/uploads\/sites\/31\/2019\/01\/Barrliden-bursystem-med-tre-katter-300x225.jpg\" alt=\"\" width=\"419\" height=\"314\" srcset=\"https:\/\/www.djurskyddet.se\/kristinehamn\/wp-content\/uploads\/sites\/31\/2019\/01\/Barrliden-bursystem-med-tre-katter-300x225.jpg 300w, https:\/\/www.djurskyddet.se\/kristinehamn\/wp-content\/uploads\/sites\/31\/2019\/01\/Barrliden-bursystem-med-tre-katter-768x576.jpg 768w, https:\/\/www.djurskyddet.se\/kristinehamn\/wp-content\/uploads\/sites\/31\/2019\/01\/Barrliden-bursystem-med-tre-katter-400x300.jpg 400w, https:\/\/www.djurskyddet.se\/kristinehamn\/wp-content\/uploads\/sites\/31\/2019\/01\/Barrliden-bursystem-med-tre-katter.jpg 800w\" sizes=\"auto, (max-width: 419px) 100vw, 419px\" \/><\/p>\n<p><img loading=\"lazy\" decoding=\"async\" class=\"alignnone  wp-image-5742\" style=\"font-size: 1rem\" src=\"https:\/\/www.djurskyddet.se\/kristinehamn\/wp-content\/uploads\/sites\/31\/2019\/01\/Bamse-och-Pussi-fix-300x169.jpg\" alt=\"\" width=\"421\" height=\"237\" srcset=\"https:\/\/www.djurskyddet.se\/kristinehamn\/wp-content\/uploads\/sites\/31\/2019\/01\/Bamse-och-Pussi-fix-300x169.jpg 300w, https:\/\/www.djurskyddet.se\/kristinehamn\/wp-content\/uploads\/sites\/31\/2019\/01\/Bamse-och-Pussi-fix-768x432.jpg 768w, https:\/\/www.djurskyddet.se\/kristinehamn\/wp-content\/uploads\/sites\/31\/2019\/01\/Bamse-och-Pussi-fix.jpg 1024w, https:\/\/www.djurskyddet.se\/kristinehamn\/wp-content\/uploads\/sites\/31\/2019\/01\/Bamse-och-Pussi-fix-400x225.jpg 400w\" sizes=\"auto, (max-width: 421px) 100vw, 421px\" \/><span style=\"font-size: 1rem\">\u00a0<\/span><\/p>\n<p>Uteburar bakom Barrliden dit katterna hade tilltr\u00e4de via kattluckor i v\u00e4ggarna<\/p>\n<p><img loading=\"lazy\" decoding=\"async\" class=\"alignnone wp-image-5743\" style=\"font-size: 1rem\" src=\"https:\/\/www.djurskyddet.se\/kristinehamn\/wp-content\/uploads\/sites\/31\/2019\/01\/Berta-fix-300x295.jpg\" alt=\"\" width=\"421\" height=\"414\" srcset=\"https:\/\/www.djurskyddet.se\/kristinehamn\/wp-content\/uploads\/sites\/31\/2019\/01\/Berta-fix-300x295.jpg 300w, https:\/\/www.djurskyddet.se\/kristinehamn\/wp-content\/uploads\/sites\/31\/2019\/01\/Berta-fix-768x756.jpg 768w, https:\/\/www.djurskyddet.se\/kristinehamn\/wp-content\/uploads\/sites\/31\/2019\/01\/Berta-fix.jpg 1024w, https:\/\/www.djurskyddet.se\/kristinehamn\/wp-content\/uploads\/sites\/31\/2019\/01\/Berta-fix-400x394.jpg 400w\" sizes=\"auto, (max-width: 421px) 100vw, 421px\" \/><\/p>\n<p>Berta &#8211; en av de katter som blev l\u00e5ngvariga g\u00e4ster p\u00e5 Barrliden.<\/p>\n","protected":false},"excerpt":{"rendered":"<p>I m\u00e5nga \u00e5r disponerade f\u00f6reningen fastigheten Barrliden p\u00e5 Imtorpsv\u00e4gen i Kristinehamn. Huset hade d\u00f6mts ut som bostad f\u00f6r m\u00e4nniskor efter att E18 drogs ganska n\u00e4ra fastigheten. Det fanns dock inget hinder f\u00f6r att anv\u00e4nda den som plats f\u00f6r djurhem. H\u00e4r hade vi en omfattande verksamhet, dock tungarbetad, eftersom husets k\u00e4llarplan och vind \u00e4ven anv\u00e4ndes. D\u00e4rf\u00f6r var det mycket trappspringande och b\u00e4rande med katter, matf\u00f6rpackningar, sand och tv\u00e4tt. Barrliden Stora rummet&hellip;<\/p>\n<p><a class=\"more-link\" href=\"https:\/\/www.djurskyddet.se\/kristinehamn\/djurhemmet\/gamla-djurhemmet-barrliden-lite-nostalgi\/\" title=\"Continue reading &lsquo;Gamla djurhemmet Barrliden &#8211; lite nostalgi&rsquo;\">L&auml;s mer<span class=\"meta-nav\">&raquo;<\/span><\/a><\/p>\n","protected":false},"author":22,"featured_media":0,"parent":5583,"menu_order":0,"comment_status":"closed","ping_status":"closed","template":"page-templates\/left-sidebar.php","meta":{"_acf_changed":false,"footnotes":""},"class_list":["post-5735","page","type-page","status-publish","hentry"],"acf":[],"_links":{"self":[{"href":"https:\/\/www.djurskyddet.se\/kristinehamn\/wp-json\/wp\/v2\/pages\/5735","targetHints":{"allow":["GET"]}}],"collection":[{"href":"https:\/\/www.djurskyddet.se\/kristinehamn\/wp-json\/wp\/v2\/pages"}],"about":[{"href":"https:\/\/www.djurskyddet.se\/kristinehamn\/wp-json\/wp\/v2\/types\/page"}],"author":[{"embeddable":true,"href":"https:\/\/www.djurskyddet.se\/kristinehamn\/wp-json\/wp\/v2\/users\/22"}],"replies":[{"embeddable":true,"href":"https:\/\/www.djurskyddet.se\/kristinehamn\/wp-json\/wp\/v2\/comments?post=5735"}],"version-history":[{"count":3,"href":"https:\/\/www.djurskyddet.se\/kristinehamn\/wp-json\/wp\/v2\/pages\/5735\/revisions"}],"predecessor-version":[{"id":5784,"href":"https:\/\/www.djurskyddet.se\/kristinehamn\/wp-json\/wp\/v2\/pages\/5735\/revisions\/5784"}],"up":[{"embeddable":true,"href":"https:\/\/www.djurskyddet.se\/kristinehamn\/wp-json\/wp\/v2\/pages\/5583"}],"wp:attachment":[{"href":"https:\/\/www.djurskyddet.se\/kristinehamn\/wp-json\/wp\/v2\/media?parent=5735"}],"curies":[{"name":"wp","href":"https:\/\/api.w.org\/{rel}","templated":true}]}}