{"id":5828,"date":"2021-09-22T20:06:42","date_gmt":"2021-09-22T20:06:42","guid":{"rendered":"https:\/\/www.djurskyddet.se\/kristinehamn\/?page_id=5828"},"modified":"2022-11-04T16:11:01","modified_gmt":"2022-11-04T16:11:01","slug":"loppis-2","status":"publish","type":"page","link":"https:\/\/www.djurskyddet.se\/kristinehamn\/loppis-2\/","title":{"rendered":"Loppis!"},"content":{"rendered":"<p>Vi har en omfattande loppisverksamhet i Kristinehamn, med butik p\u00e5 S\u00f6dra Hamngatan i centrum.<\/p>\n<p>Butiken p\u00e5 S\u00f6dra Hamngatan \u00e4r \u00f6ppen:<br \/>\nfredag klockan 11-15, l\u00f6rdag 11-14<br \/>\nN\u00e4r det \u00e4r matmarknad i V\u00e5gen har vi extra \u00f6ppet.<\/p>\n<p>Varmt v\u00e4lkommen att sk\u00e4nka loppissaker som kommer att bli pengar till mat, veterin\u00e4rkostnader och andra saker f\u00f6r djurens b\u00e4sta! Loppisgods kan l\u00e4mnas \/ sk\u00e4nkas till v\u00e5rt lager p\u00e5 1:a Industrigatan 2B, mitt emot Erik Anderssons Bil AB \u2013 m\u00e5ndagar mellan 13:30 \u2013 16:30. D\u00e4r sker sortering av det mottagna godset innan f\u00f6rs\u00e4ljning.<\/p>\n<p>F\u00f6r b\u00e5da loppislokalerna g\u00e4ller att skyltar ansl\u00e5s n\u00e4r det \u00e4r avvikande \u00f6ppettider.<\/p>\n<p>Observera att\u00a0<strong><em>inget<\/em>\u00a0<\/strong>loppisgods f\u00e5r l\u00e4mnas p\u00e5 djurhemmet!<\/p>\n<p>Vi tar inte emot &#8221;precis allt&#8221;.\u00a0 <strong><em>V\u00e5r loppis \u00e4r inte ett alternativ till kommunens \u00e5tervinning<\/em><\/strong>, utan det som sk\u00e4nks till oss f\u00f6rv\u00e4ntas ha ett visst v\u00e4rde som kan bli till gagn f\u00f6r katter och hundar som beh\u00f6ver hj\u00e4lp. <strong><em>Vi har inte m\u00f6jlighet att ta emot st\u00f6rre m\u00f6bler<\/em><\/strong> &#8211; har du det s\u00e5 ta bilder p\u00e5 m\u00f6blerna och skicka till oss s\u00e5 f\u00e5r du veta om det finns m\u00f6jlighet att hitta kunder till dem.<br \/>\n<strong><em>Vi tar inte emot \u00e4ldre tv-apparater som &#8221;tjock-tv&#8221;. Vi tar heller inte emot \u00e4ldre datask\u00e4rmar av &#8221;tjockmodell&#8221;.<\/em><\/strong><br \/>\nVi tar g\u00e4rna emot elektronik i form av stereof\u00f6rst\u00e4rkare, skivspelare, slutsteg, h\u00f6gtalare.<br \/>\nLP-skivor, EP-skivor och singelskivor \u00e4r ocks\u00e5 v\u00e4lkomna till oss.<\/p>\n<p>Kl\u00e4der &#8211; vi tar emot kl\u00e4der &#8211; f\u00f6rutsatt att de \u00e4r nytv\u00e4ttade, hela och rena!<\/p>\n<p>Har Du musikinstrument st\u00e5ende? Vi tar emot det mesta, men kan inte frakta pianon, tramporglar eller flyglar. I de fallen kan vi vara f\u00f6rmedlare.<\/p>\n<p><img loading=\"lazy\" decoding=\"async\" class=\"alignnone wp-image-5833\" src=\"https:\/\/www.djurskyddet.se\/kristinehamn\/wp-content\/uploads\/sites\/31\/2019\/01\/Loppis-Lynda-Mod\u00e9n-300x225.jpg\" alt=\"\" width=\"408\" height=\"306\" srcset=\"https:\/\/www.djurskyddet.se\/kristinehamn\/wp-content\/uploads\/sites\/31\/2019\/01\/Loppis-Lynda-Mod\u00e9n-300x225.jpg 300w, https:\/\/www.djurskyddet.se\/kristinehamn\/wp-content\/uploads\/sites\/31\/2019\/01\/Loppis-Lynda-Mod\u00e9n-768x576.jpg 768w, https:\/\/www.djurskyddet.se\/kristinehamn\/wp-content\/uploads\/sites\/31\/2019\/01\/Loppis-Lynda-Mod\u00e9n.jpg 1024w, https:\/\/www.djurskyddet.se\/kristinehamn\/wp-content\/uploads\/sites\/31\/2019\/01\/Loppis-Lynda-Mod\u00e9n-400x300.jpg 400w\" sizes=\"auto, (max-width: 408px) 100vw, 408px\" \/><\/p>\n<p><img loading=\"lazy\" decoding=\"async\" class=\"alignnone wp-image-5836\" src=\"https:\/\/www.djurskyddet.se\/kristinehamn\/wp-content\/uploads\/sites\/31\/2019\/01\/S\u00f6dra-Hamngatan-Loppis-300x193.jpg\" alt=\"\" width=\"408\" height=\"263\" srcset=\"https:\/\/www.djurskyddet.se\/kristinehamn\/wp-content\/uploads\/sites\/31\/2019\/01\/S\u00f6dra-Hamngatan-Loppis-300x193.jpg 300w, https:\/\/www.djurskyddet.se\/kristinehamn\/wp-content\/uploads\/sites\/31\/2019\/01\/S\u00f6dra-Hamngatan-Loppis-768x493.jpg 768w, https:\/\/www.djurskyddet.se\/kristinehamn\/wp-content\/uploads\/sites\/31\/2019\/01\/S\u00f6dra-Hamngatan-Loppis-400x257.jpg 400w, https:\/\/www.djurskyddet.se\/kristinehamn\/wp-content\/uploads\/sites\/31\/2019\/01\/S\u00f6dra-Hamngatan-Loppis.jpg 841w\" sizes=\"auto, (max-width: 408px) 100vw, 408px\" \/><\/p>\n","protected":false},"excerpt":{"rendered":"<p>Vi har en omfattande loppisverksamhet i Kristinehamn, med butik p\u00e5 S\u00f6dra Hamngatan i centrum. Butiken p\u00e5 S\u00f6dra Hamngatan \u00e4r \u00f6ppen: fredag klockan 11-15, l\u00f6rdag 11-14 N\u00e4r det \u00e4r matmarknad i V\u00e5gen har vi extra \u00f6ppet. Varmt v\u00e4lkommen att sk\u00e4nka loppissaker som kommer att bli pengar till mat, veterin\u00e4rkostnader och andra saker f\u00f6r djurens b\u00e4sta! Loppisgods kan l\u00e4mnas \/ sk\u00e4nkas till v\u00e5rt lager p\u00e5 1:a Industrigatan 2B, mitt emot Erik Anderssons&hellip;<\/p>\n<p><a class=\"more-link\" href=\"https:\/\/www.djurskyddet.se\/kristinehamn\/loppis-2\/\" title=\"Continue reading &lsquo;Loppis!&rsquo;\">L&auml;s mer<span class=\"meta-nav\">&raquo;<\/span><\/a><\/p>\n","protected":false},"author":22,"featured_media":0,"parent":0,"menu_order":0,"comment_status":"closed","ping_status":"closed","template":"page-templates\/left-sidebar.php","meta":{"_acf_changed":false,"footnotes":""},"class_list":["post-5828","page","type-page","status-publish","hentry"],"acf":[],"_links":{"self":[{"href":"https:\/\/www.djurskyddet.se\/kristinehamn\/wp-json\/wp\/v2\/pages\/5828","targetHints":{"allow":["GET"]}}],"collection":[{"href":"https:\/\/www.djurskyddet.se\/kristinehamn\/wp-json\/wp\/v2\/pages"}],"about":[{"href":"https:\/\/www.djurskyddet.se\/kristinehamn\/wp-json\/wp\/v2\/types\/page"}],"author":[{"embeddable":true,"href":"https:\/\/www.djurskyddet.se\/kristinehamn\/wp-json\/wp\/v2\/users\/22"}],"replies":[{"embeddable":true,"href":"https:\/\/www.djurskyddet.se\/kristinehamn\/wp-json\/wp\/v2\/comments?post=5828"}],"version-history":[{"count":17,"href":"https:\/\/www.djurskyddet.se\/kristinehamn\/wp-json\/wp\/v2\/pages\/5828\/revisions"}],"predecessor-version":[{"id":8198,"href":"https:\/\/www.djurskyddet.se\/kristinehamn\/wp-json\/wp\/v2\/pages\/5828\/revisions\/8198"}],"wp:attachment":[{"href":"https:\/\/www.djurskyddet.se\/kristinehamn\/wp-json\/wp\/v2\/media?parent=5828"}],"curies":[{"name":"wp","href":"https:\/\/api.w.org\/{rel}","templated":true}]}}