{"id":5582,"date":"2020-11-25T08:22:41","date_gmt":"2020-11-25T08:22:41","guid":{"rendered":"https:\/\/www.djurskyddet.se\/kronoberg\/?page_id=5582"},"modified":"2026-02-25T13:29:58","modified_gmt":"2026-02-25T13:29:58","slug":"om-oss","status":"publish","type":"page","link":"https:\/\/www.djurskyddet.se\/kronoberg\/om-oss\/","title":{"rendered":"Om oss"},"content":{"rendered":"\n<figure class=\"wp-block-image size-full\"><img loading=\"lazy\" decoding=\"async\" width=\"730\" height=\"410\" src=\"https:\/\/www.djurskyddet.se\/kronoberg\/wp-content\/uploads\/sites\/45\/2026\/02\/Sidhuvud-om-oss.png\" alt=\"\" class=\"wp-image-6410\" srcset=\"https:\/\/www.djurskyddet.se\/kronoberg\/wp-content\/uploads\/sites\/45\/2026\/02\/Sidhuvud-om-oss.png 730w, https:\/\/www.djurskyddet.se\/kronoberg\/wp-content\/uploads\/sites\/45\/2026\/02\/Sidhuvud-om-oss-300x168.png 300w, https:\/\/www.djurskyddet.se\/kronoberg\/wp-content\/uploads\/sites\/45\/2026\/02\/Sidhuvud-om-oss-400x225.png 400w\" sizes=\"auto, (max-width: 730px) 100vw, 730px\" \/><\/figure>\n\n\n\n<h2 class=\"wp-block-heading\">Djurskyddet Kronoberg st\u00e5r f\u00f6r ett engagemang f\u00f6r djurens skull&nbsp;<\/h2>\n\n\n\n<p><strong>Djurskyddet Kronoberg&nbsp;arbetar i huvudsak med f\u00f6rebyggande djurskydd. Vi delar ut stipendier till djurskyddsfr\u00e4mjande forskning, utbildning och annan verksamhet. Vi anordnar \u00e4ven f\u00f6rel\u00e4sningskv\u00e4llar och informationskampanjer.<\/strong><\/p>\n\n\n\n<p>Vi har vid flera tillf\u00e4llen drivit kastrationskampanjer och d\u00e5 subventionerat kastration och ID-m\u00e4rkning av katter i l\u00e4net. Genom att ID-m\u00e4rka och registrera sin katt \u00f6kar man chansen att f\u00e5 tillbaka sin familjemedlem om han\/hon kommer bort.&nbsp;Vi driver inget djurhem.<\/p>\n\n\n\n<p>Du kan vara med och p\u00e5verka genom att bli medlem. Ju fler medlemmar desto starkare r\u00f6st f\u00f6r ett starkt djurskydd! Som medlem g\u00e5r du in gratis p\u00e5v\u00e5ra f\u00f6rel\u00e4sningar och f\u00e5r f\u00f6lja med p\u00e5 intressanta medlemsresor. Du f\u00e5r \u00e4ven Djurskyddet Sveriges gemensamma medlemstidning Tidningen Djurskyddet som utkommer fyra g\u00e5nger per \u00e5r.&nbsp;<\/p>\n","protected":false},"excerpt":{"rendered":"<p>Djurskyddet Kronoberg st\u00e5r f\u00f6r ett engagemang f\u00f6r djurens skull&nbsp; Djurskyddet Kronoberg&nbsp;arbetar i huvudsak med f\u00f6rebyggande djurskydd. Vi delar ut stipendier till djurskyddsfr\u00e4mjande forskning, utbildning och annan verksamhet. Vi anordnar \u00e4ven f\u00f6rel\u00e4sningskv\u00e4llar och informationskampanjer. Vi har vid flera tillf\u00e4llen drivit kastrationskampanjer och d\u00e5 subventionerat kastration och ID-m\u00e4rkning av katter i l\u00e4net. Genom att ID-m\u00e4rka och registrera sin katt \u00f6kar man chansen att f\u00e5 tillbaka sin familjemedlem om han\/hon kommer bort.&nbsp;Vi driver&hellip;<\/p>\n<p><a class=\"more-link\" href=\"https:\/\/www.djurskyddet.se\/kronoberg\/om-oss\/\" title=\"Continue reading &lsquo;Om oss&rsquo;\">L&auml;s mer<span class=\"meta-nav\">&raquo;<\/span><\/a><\/p>\n","protected":false},"author":3,"featured_media":0,"parent":0,"menu_order":0,"comment_status":"closed","ping_status":"closed","template":"left-sidebar.php","meta":{"_acf_changed":false,"footnotes":""},"class_list":["post-5582","page","type-page","status-publish","hentry"],"acf":[],"_links":{"self":[{"href":"https:\/\/www.djurskyddet.se\/kronoberg\/wp-json\/wp\/v2\/pages\/5582","targetHints":{"allow":["GET"]}}],"collection":[{"href":"https:\/\/www.djurskyddet.se\/kronoberg\/wp-json\/wp\/v2\/pages"}],"about":[{"href":"https:\/\/www.djurskyddet.se\/kronoberg\/wp-json\/wp\/v2\/types\/page"}],"author":[{"embeddable":true,"href":"https:\/\/www.djurskyddet.se\/kronoberg\/wp-json\/wp\/v2\/users\/3"}],"replies":[{"embeddable":true,"href":"https:\/\/www.djurskyddet.se\/kronoberg\/wp-json\/wp\/v2\/comments?post=5582"}],"version-history":[{"count":8,"href":"https:\/\/www.djurskyddet.se\/kronoberg\/wp-json\/wp\/v2\/pages\/5582\/revisions"}],"predecessor-version":[{"id":6411,"href":"https:\/\/www.djurskyddet.se\/kronoberg\/wp-json\/wp\/v2\/pages\/5582\/revisions\/6411"}],"wp:attachment":[{"href":"https:\/\/www.djurskyddet.se\/kronoberg\/wp-json\/wp\/v2\/media?parent=5582"}],"curies":[{"name":"wp","href":"https:\/\/api.w.org\/{rel}","templated":true}]}}