{"id":5584,"date":"2020-11-25T08:27:18","date_gmt":"2020-11-25T08:27:18","guid":{"rendered":"https:\/\/www.djurskyddet.se\/kronoberg\/?page_id=5584"},"modified":"2024-04-09T12:38:03","modified_gmt":"2024-04-09T12:38:03","slug":"styrelsen","status":"publish","type":"page","link":"https:\/\/www.djurskyddet.se\/kronoberg\/styrelsen\/","title":{"rendered":"Styrelsen"},"content":{"rendered":"\n<p>H\u00e4r kan Du l\u00e4sa vilka som \u00e4r med i styrelsen f\u00f6r Djurskyddet Kronoberg.<\/p>\n\n\n\n<p>Det g\u00e5r att n\u00e5&nbsp;ledam\u00f6terna p\u00e5 respektive e-postadress, men vid allm\u00e4nna fr\u00e5gor anv\u00e4nd&nbsp;<a href=\"mailto:info@djurskyddetkronoberg.se\">info@djurskyddetkronoberg.se<\/a><\/p>\n\n\n\n<p><strong>Bj\u00f6rn Dahl\u00e9n, ordf\u00f6rande<\/strong><br><a href=\"mailto:ordforande@djurskyddetkronoberg.se\">ordforande@djurskyddetkronoberg.se<\/a><\/p>\n\n\n\n<p><strong>Hel\u00e9n Str\u00e5th, vice ordf\u00f6rande<\/strong><br><a href=\"mailto:helene.strat@djurskyddetkronoberg.se\">helene.strat@djurskyddetkronoberg.se<\/a><\/p>\n\n\n\n<p><strong>Berne Persson, sekreterare<\/strong><\/p>\n\n\n\n<p><strong>Lennart Johansson, ekonomiansvarig<\/strong><br><a href=\"mailto:lennart.johansson@djurskyddetkronoberg.se\">lennart.johansson@djurskyddetkronoberg.se<\/a><\/p>\n\n\n\n<p><strong>Helena Dahl\u00e9n, ledamot<\/strong>&nbsp;<br><a href=\"mailto:helena.dahlen@djurskyddetkronoberg.se\">helena.dahlen@djurskyddetkronoberg.se<\/a><\/p>\n\n\n\n<p><strong>Annica Uleskog, ledamot<\/strong><br><a href=\"mailto:annica.uleskog@djurskyddetkronoberg.se\">annica.uleskog@djurskyddetkronoberg.se<\/a><\/p>\n","protected":false},"excerpt":{"rendered":"<p>H\u00e4r kan Du l\u00e4sa vilka som \u00e4r med i styrelsen f\u00f6r Djurskyddet Kronoberg. Det g\u00e5r att n\u00e5&nbsp;ledam\u00f6terna p\u00e5 respektive e-postadress, men vid allm\u00e4nna fr\u00e5gor anv\u00e4nd&nbsp;info@djurskyddetkronoberg.se Bj\u00f6rn Dahl\u00e9n, ordf\u00f6randeordforande@djurskyddetkronoberg.se Hel\u00e9n Str\u00e5th, vice ordf\u00f6randehelene.strat@djurskyddetkronoberg.se Berne Persson, sekreterare Lennart Johansson, ekonomiansvariglennart.johansson@djurskyddetkronoberg.se Helena Dahl\u00e9n, ledamot&nbsp;helena.dahlen@djurskyddetkronoberg.se Annica Uleskog, ledamotannica.uleskog@djurskyddetkronoberg.se<\/p>\n","protected":false},"author":3,"featured_media":0,"parent":0,"menu_order":0,"comment_status":"closed","ping_status":"closed","template":"page-templates\/left-sidebar.php","meta":{"_acf_changed":false,"footnotes":""},"class_list":["post-5584","page","type-page","status-publish","hentry"],"acf":[],"_links":{"self":[{"href":"https:\/\/www.djurskyddet.se\/kronoberg\/wp-json\/wp\/v2\/pages\/5584","targetHints":{"allow":["GET"]}}],"collection":[{"href":"https:\/\/www.djurskyddet.se\/kronoberg\/wp-json\/wp\/v2\/pages"}],"about":[{"href":"https:\/\/www.djurskyddet.se\/kronoberg\/wp-json\/wp\/v2\/types\/page"}],"author":[{"embeddable":true,"href":"https:\/\/www.djurskyddet.se\/kronoberg\/wp-json\/wp\/v2\/users\/3"}],"replies":[{"embeddable":true,"href":"https:\/\/www.djurskyddet.se\/kronoberg\/wp-json\/wp\/v2\/comments?post=5584"}],"version-history":[{"count":6,"href":"https:\/\/www.djurskyddet.se\/kronoberg\/wp-json\/wp\/v2\/pages\/5584\/revisions"}],"predecessor-version":[{"id":6148,"href":"https:\/\/www.djurskyddet.se\/kronoberg\/wp-json\/wp\/v2\/pages\/5584\/revisions\/6148"}],"wp:attachment":[{"href":"https:\/\/www.djurskyddet.se\/kronoberg\/wp-json\/wp\/v2\/media?parent=5584"}],"curies":[{"name":"wp","href":"https:\/\/api.w.org\/{rel}","templated":true}]}}